{"id":8263,"date":"2022-09-30T03:41:15","date_gmt":"2022-09-30T03:41:15","guid":{"rendered":"https:\/\/notaria70bogota.com\/?page_id=8263"},"modified":"2024-07-18T20:20:14","modified_gmt":"2024-07-18T20:20:14","slug":"informacion-al-publico","status":"publish","type":"page","link":"https:\/\/notaria70bogota.com\/index.php\/informacion-al-publico\/","title":{"rendered":"Informacion-al-publico"},"content":{"rendered":"\t\t<div data-elementor-type=\"wp-page\" data-elementor-id=\"8263\" class=\"elementor elementor-8263\">\n\t\t\t\t\t\t<div class=\"elementor-inner\">\n\t\t\t\t<div class=\"elementor-section-wrap\">\n\t\t\t\t\t\t\t\t\t<section class=\"elementor-section elementor-top-section elementor-element elementor-element-a5dadf0 elementor-section-boxed elementor-section-height-default elementor-section-height-default\" data-id=\"a5dadf0\" data-element_type=\"section\">\n\t\t\t\t\t\t<div class=\"elementor-container elementor-column-gap-default\">\n\t\t\t\t\t\t\t<div class=\"elementor-row\">\n\t\t\t\t\t<div class=\"elementor-column elementor-col-100 elementor-top-column elementor-element elementor-element-e77e6f4\" data-id=\"e77e6f4\" data-element_type=\"column\">\n\t\t\t<div class=\"elementor-column-wrap elementor-element-populated\">\n\t\t\t\t\t\t\t<div class=\"elementor-widget-wrap\">\n\t\t\t\t\t\t<div class=\"elementor-element elementor-element-b2324cc elementor-widget elementor-widget-heading\" data-id=\"b2324cc\" data-element_type=\"widget\" data-widget_type=\"heading.default\">\n\t\t\t\t<div class=\"elementor-widget-container\">\n\t\t\t<h2 class=\"elementor-heading-title elementor-size-default\">Informaci\u00f3n sobre decisiones que puede afectar al p\u00fablico.<\/h2>\t\t<\/div>\n\t\t\t\t<\/div>\n\t\t\t\t\t\t<\/div>\n\t\t\t\t\t<\/div>\n\t\t<\/div>\n\t\t\t\t\t\t\t\t<\/div>\n\t\t\t\t\t<\/div>\n\t\t<\/section>\n\t\t\t\t<section class=\"elementor-section elementor-top-section elementor-element elementor-element-d692477 elementor-section-boxed elementor-section-height-default elementor-section-height-default\" data-id=\"d692477\" data-element_type=\"section\">\n\t\t\t\t\t\t<div class=\"elementor-container elementor-column-gap-default\">\n\t\t\t\t\t\t\t<div class=\"elementor-row\">\n\t\t\t\t\t<div class=\"elementor-column elementor-col-100 elementor-top-column elementor-element elementor-element-7545f91\" data-id=\"7545f91\" data-element_type=\"column\">\n\t\t\t<div class=\"elementor-column-wrap elementor-element-populated\">\n\t\t\t\t\t\t\t<div class=\"elementor-widget-wrap\">\n\t\t\t\t\t\t<div class=\"elementor-element elementor-element-df971db elementor-widget elementor-widget-html\" data-id=\"df971db\" data-element_type=\"widget\" data-widget_type=\"html.default\">\n\t\t\t\t<div class=\"elementor-widget-container\">\n\t\t\t<button id=\"listenButton1\" class=\"responsivevoice-button\" type=\"button\" value=\"Play\" title=\"ResponsiveVoice Tap to Start\/Stop Speech\"><span>&#128266; Escuchar Texto<\/span><\/button>\n        <script>\n            listenButton1.onclick = function(){\n                if(responsiveVoice.isPlaying()){\n                    responsiveVoice.cancel();\n                }else{\n                    responsiveVoice.speak(\"Informaci\u00f3n sobre decisiones que puede afectar al p\u00fablico. La Notar\u00eda Setenta (70) de Bogot\u00e1, pone a disposici\u00f3n las resoluciones expedidas por la Supeintendencia de Notariado y Registro que pueden afectar al p\u00fablico. Resoluci\u00f3n 00755 Enero 26 de 2022\u201cPor la cual se actualizan las tarifas de los derechos por concepto del ejercicio de la funci\u00f3n notarial\u201d. Resoluci\u00f3n 00493 Enero 18 de 2022\u201cPor la cual se asignan los turnos de prestaci\u00f3n del servicio p\u00fablico notarial los s\u00e1bados, comprendidos entre el 1 de febrero de 2022 y 31 de enero de 2023\u201d. Resoluci\u00f3n 00610 Enero 27 de 2021\u201cPor la cual se asignan los turnos de prestaci\u00f3n del servicio p\u00fablico notarial los d\u00edas s\u00e1bados comprendidos entre el 1\u00ba de febrero de 2021 y 31 de enero de 2022\u201d. Resoluci\u00f3n 05594 Junio 15 de 2020\u201cPor medio de la cual se establece la prestaci\u00f3n del servicio p\u00fablico notarial durante el aislamiento preventivo obligatorio\u201d. Resoluci\u00f3n 00617 Enero 27 de 2020\u201cPor la cual se asignan los turnos de prestaci\u00f3n del servicio p\u00fablico notarial los s\u00e1bados, durante la vigencia de 2020 y enero de 2021\u201d.\", \"Spanish Latin American Female\");\n                }\n            };\n        <\/script>\n    \t\t<\/div>\n\t\t\t\t<\/div>\n\t\t\t\t\t\t<\/div>\n\t\t\t\t\t<\/div>\n\t\t<\/div>\n\t\t\t\t\t\t\t\t<\/div>\n\t\t\t\t\t<\/div>\n\t\t<\/section>\n\t\t\t\t<section class=\"elementor-section elementor-top-section elementor-element elementor-element-c681d6c elementor-section-boxed elementor-section-height-default elementor-section-height-default\" data-id=\"c681d6c\" data-element_type=\"section\">\n\t\t\t\t\t\t<div class=\"elementor-container elementor-column-gap-default\">\n\t\t\t\t\t\t\t<div class=\"elementor-row\">\n\t\t\t\t\t<div class=\"elementor-column elementor-col-100 elementor-top-column elementor-element elementor-element-e751d6a\" data-id=\"e751d6a\" data-element_type=\"column\">\n\t\t\t<div class=\"elementor-column-wrap\">\n\t\t\t\t\t\t\t<div class=\"elementor-widget-wrap\">\n\t\t\t\t\t\t\t\t<\/div>\n\t\t\t\t\t<\/div>\n\t\t<\/div>\n\t\t\t\t\t\t\t\t<\/div>\n\t\t\t\t\t<\/div>\n\t\t<\/section>\n\t\t\t\t<section class=\"elementor-section elementor-top-section elementor-element elementor-element-cfafe0e elementor-section-boxed elementor-section-height-default elementor-section-height-default\" data-id=\"cfafe0e\" data-element_type=\"section\">\n\t\t\t\t\t\t<div class=\"elementor-container elementor-column-gap-default\">\n\t\t\t\t\t\t\t<div class=\"elementor-row\">\n\t\t\t\t\t<div class=\"elementor-column elementor-col-100 elementor-top-column elementor-element elementor-element-a72f676\" data-id=\"a72f676\" data-element_type=\"column\">\n\t\t\t<div class=\"elementor-column-wrap\">\n\t\t\t\t\t\t\t<div class=\"elementor-widget-wrap\">\n\t\t\t\t\t\t\t\t<\/div>\n\t\t\t\t\t<\/div>\n\t\t<\/div>\n\t\t\t\t\t\t\t\t<\/div>\n\t\t\t\t\t<\/div>\n\t\t<\/section>\n\t\t\t\t<section class=\"elementor-section elementor-top-section elementor-element elementor-element-4ba9064 elementor-section-boxed elementor-section-height-default elementor-section-height-default\" data-id=\"4ba9064\" data-element_type=\"section\">\n\t\t\t\t\t\t<div class=\"elementor-container elementor-column-gap-default\">\n\t\t\t\t\t\t\t<div class=\"elementor-row\">\n\t\t\t\t\t<div class=\"elementor-column elementor-col-66 elementor-top-column elementor-element elementor-element-db568e6\" data-id=\"db568e6\" data-element_type=\"column\">\n\t\t\t<div class=\"elementor-column-wrap elementor-element-populated\">\n\t\t\t\t\t\t\t<div class=\"elementor-widget-wrap\">\n\t\t\t\t\t\t<div class=\"elementor-element elementor-element-1de0c1d elementor-widget elementor-widget-text-editor\" data-id=\"1de0c1d\" data-element_type=\"widget\" data-widget_type=\"text-editor.default\">\n\t\t\t\t<div class=\"elementor-widget-container\">\n\t\t\t\t\t\t\t\t<div class=\"elementor-text-editor elementor-clearfix\">\n\t\t\t\t<div class=\"wpb_text_column wpb_content_element subtitulo pb30\">\n<div class=\"wpb_wrapper\">\n<h6>La Notar\u00eda Setenta (70) de Bogot\u00e1, pone a disposici\u00f3n las resoluciones expedidas por la Supeintendencia de Notariado y Registro que pueden afectar al p\u00fablico.<\/h6>\n<\/div>\n<\/div>\n<div class=\"wpb_text_column wpb_content_element \">\n<div class=\"wpb_wrapper\">\n<h6><a role=\"link\" href=\"https:\/\/xperta.legis.co\/visor\/legcol\/legcol_c7a58dd91ba94d788998362d56ab441b\/coleccion-de-legislacion-colombiana\/resolucion-755-de-enero-26-de-2022\" target=\"_blank\" rel=\"noopener\">Resoluci\u00f3n 00755 Enero 26 de 2022<\/a><br><span style=\"font-weight: normal;\">\u201cPor la cual se actualizan las tarifas de los derechos por concepto del ejercicio de la funci\u00f3n notarial\u201d.<\/span><\/h6>\n<h6><a role=\"link\" href=\"https:\/\/notariacuartabarranquilla.com\/wp-content\/uploads\/00493-turnos-notariales-sabados-compressed.pdf\" target=\"_blank\" rel=\"noopener\">Resoluci\u00f3n 00493 Enero 18 de 2022<\/a><br><span style=\"font-weight: normal;\">\u201cPor la cual se asignan los turnos de prestaci\u00f3n del servicio p\u00fablico notarial los s\u00e1bados, comprendidos entre el 1 de febrero de 2022 y 31 de enero de 2023\u201d.<\/span><\/h6>\n<h6><a role=\"link\" href=\"https:\/\/xperta.legis.co\/visor\/legcol\/legcol_fa920aa48b344c7aaec612b4b3e4e80e\/coleccion-de-legislacion-colombiana\/resolucion-610-de-enero-27-de-2021\" target=\"_blank\" rel=\"noopener\">Resoluci\u00f3n 00610 Enero 27 de 2021<\/a><br><span style=\"font-weight: normal;\">\u201cPor la cual se asignan los turnos de prestaci\u00f3n del servicio p\u00fablico notarial los d\u00edas s\u00e1bados comprendidos entre el 1\u00ba de febrero de 2021 y 31 de enero de 2022\u201d.<\/span><\/h6>\n<h6><a role=\"link\" href=\"https:\/\/xperta.legis.co\/visor\/legcol\/legcol_4d7af33267e74bfeb17d57d8ec3eb85f\/coleccion-de-legislacion-colombiana\/resolucion-5594-de-julio-15-de-2020\" target=\"_blank\" rel=\"noopener\">Resoluci\u00f3n 05594 Junio 15 de 2020<\/a><br><span style=\"font-weight: normal;\">\u201cPor medio de la cual se establece la prestaci\u00f3n del servicio p\u00fablico notarial durante el aislamiento preventivo obligatorio\u201d.<\/span><\/h6>\n<h6><a role=\"link\" href=\"https:\/\/xperta.legis.co\/visor\/legcol\/legcol_ac54ef76313a4669933f5999f2b0d913\/coleccion-de-legislacion-colombiana\/resolucion-617-de-enero-27-de-2020\" target=\"_blank\" rel=\"noopener\">Resoluci\u00f3n 00617 Enero 27 de 2020<\/a><br><span style=\"font-weight: normal;\">\u201cPor la cual se asignan los turnos de prestaci\u00f3n del servicio p\u00fablico notarial los s\u00e1bados, durante la vigencia de 2020 y enero de 2021\u201d.<\/span><\/h6>\n<\/div>\n<\/div>\t\t\t\t\t<\/div>\n\t\t\t\t\t\t<\/div>\n\t\t\t\t<\/div>\n\t\t\t\t\t\t<\/div>\n\t\t\t\t\t<\/div>\n\t\t<\/div>\n\t\t\t\t<div class=\"elementor-column elementor-col-33 elementor-top-column elementor-element elementor-element-066b652\" data-id=\"066b652\" data-element_type=\"column\">\n\t\t\t<div class=\"elementor-column-wrap elementor-element-populated\">\n\t\t\t\t\t\t\t<div class=\"elementor-widget-wrap\">\n\t\t\t\t\t\t<div class=\"elementor-element elementor-element-b1d9012 elementor-widget elementor-widget-image\" data-id=\"b1d9012\" data-element_type=\"widget\" data-widget_type=\"image.default\">\n\t\t\t\t<div class=\"elementor-widget-container\">\n\t\t\t\t\t\t\t\t<div class=\"elementor-image\">\n\t\t\t\t\t\t\t\t\t\t\t\t<img width=\"1024\" height=\"567\" src=\"https:\/\/notaria70bogota.com\/wp-content\/uploads\/2021\/11\/WhatsApp-Image-2021-11-22-at-2.49.11-PM-11-e1637614748168-1024x567.jpeg\" class=\"attachment-large size-large\" alt=\"Sala de Lectura y Liquidaci\u00f3n\" loading=\"lazy\" srcset=\"https:\/\/notaria70bogota.com\/wp-content\/uploads\/2021\/11\/WhatsApp-Image-2021-11-22-at-2.49.11-PM-11-e1637614748168-1024x567.jpeg 1024w, https:\/\/notaria70bogota.com\/wp-content\/uploads\/2021\/11\/WhatsApp-Image-2021-11-22-at-2.49.11-PM-11-e1637614748168-300x166.jpeg 300w, https:\/\/notaria70bogota.com\/wp-content\/uploads\/2021\/11\/WhatsApp-Image-2021-11-22-at-2.49.11-PM-11-e1637614748168-768x425.jpeg 768w, https:\/\/notaria70bogota.com\/wp-content\/uploads\/2021\/11\/WhatsApp-Image-2021-11-22-at-2.49.11-PM-11-e1637614748168-830x460.jpeg 830w, https:\/\/notaria70bogota.com\/wp-content\/uploads\/2021\/11\/WhatsApp-Image-2021-11-22-at-2.49.11-PM-11-e1637614748168-230x127.jpeg 230w, https:\/\/notaria70bogota.com\/wp-content\/uploads\/2021\/11\/WhatsApp-Image-2021-11-22-at-2.49.11-PM-11-e1637614748168-350x194.jpeg 350w, https:\/\/notaria70bogota.com\/wp-content\/uploads\/2021\/11\/WhatsApp-Image-2021-11-22-at-2.49.11-PM-11-e1637614748168-480x266.jpeg 480w, https:\/\/notaria70bogota.com\/wp-content\/uploads\/2021\/11\/WhatsApp-Image-2021-11-22-at-2.49.11-PM-11-e1637614748168.jpeg 1336w\" sizes=\"(max-width: 1024px) 100vw, 1024px\" \/>\t\t\t\t\t\t\t\t\t\t\t\t\t\t<\/div>\n\t\t\t\t\t\t<\/div>\n\t\t\t\t<\/div>\n\t\t\t\t\t\t<\/div>\n\t\t\t\t\t<\/div>\n\t\t<\/div>\n\t\t\t\t\t\t\t\t<\/div>\n\t\t\t\t\t<\/div>\n\t\t<\/section>\n\t\t\t\t<section class=\"elementor-section elementor-top-section elementor-element elementor-element-9207dc0 elementor-section-boxed elementor-section-height-default elementor-section-height-default\" data-id=\"9207dc0\" data-element_type=\"section\">\n\t\t\t\t\t\t<div class=\"elementor-container elementor-column-gap-default\">\n\t\t\t\t\t\t\t<div class=\"elementor-row\">\n\t\t\t\t\t<div class=\"elementor-column elementor-col-100 elementor-top-column elementor-element elementor-element-a0231da\" data-id=\"a0231da\" data-element_type=\"column\">\n\t\t\t<div class=\"elementor-column-wrap\">\n\t\t\t\t\t\t\t<div class=\"elementor-widget-wrap\">\n\t\t\t\t\t\t\t\t<\/div>\n\t\t\t\t\t<\/div>\n\t\t<\/div>\n\t\t\t\t\t\t\t\t<\/div>\n\t\t\t\t\t<\/div>\n\t\t<\/section>\n\t\t\t\t<section class=\"elementor-section elementor-top-section elementor-element elementor-element-04828c3 elementor-section-boxed elementor-section-height-default elementor-section-height-default\" data-id=\"04828c3\" data-element_type=\"section\">\n\t\t\t\t\t\t<div class=\"elementor-container elementor-column-gap-default\">\n\t\t\t\t\t\t\t<div class=\"elementor-row\">\n\t\t\t\t\t<div class=\"elementor-column elementor-col-16 elementor-top-column elementor-element elementor-element-fa3b108\" data-id=\"fa3b108\" data-element_type=\"column\">\n\t\t\t<div class=\"elementor-column-wrap elementor-element-populated\">\n\t\t\t\t\t\t\t<div class=\"elementor-widget-wrap\">\n\t\t\t\t\t\t<div class=\"elementor-element elementor-element-78d92b0 elementor-widget elementor-widget-image\" data-id=\"78d92b0\" data-element_type=\"widget\" data-widget_type=\"image.default\">\n\t\t\t\t<div class=\"elementor-widget-container\">\n\t\t\t\t\t\t\t\t<div class=\"elementor-image\">\n\t\t\t\t\t\t\t\t\t\t\t\t\t<a href=\"https:\/\/unobog.com\/\" target=\"_blank\">\n\t\t\t\t\t\t\t<img width=\"232\" height=\"78\" src=\"https:\/\/notaria70bogota.com\/wp-content\/uploads\/2020\/10\/unobog.jpg\" class=\"attachment-medium size-medium\" alt=\"LOGO UNOBOG\" loading=\"lazy\" srcset=\"https:\/\/notaria70bogota.com\/wp-content\/uploads\/2020\/10\/unobog.jpg 232w, https:\/\/notaria70bogota.com\/wp-content\/uploads\/2020\/10\/unobog-230x77.jpg 230w\" sizes=\"(max-width: 232px) 100vw, 232px\" \/>\t\t\t\t\t\t\t\t<\/a>\n\t\t\t\t\t\t\t\t\t\t\t\t\t\t<\/div>\n\t\t\t\t\t\t<\/div>\n\t\t\t\t<\/div>\n\t\t\t\t\t\t<\/div>\n\t\t\t\t\t<\/div>\n\t\t<\/div>\n\t\t\t\t<div class=\"elementor-column elementor-col-16 elementor-top-column elementor-element elementor-element-0f084b1\" data-id=\"0f084b1\" data-element_type=\"column\">\n\t\t\t<div class=\"elementor-column-wrap elementor-element-populated\">\n\t\t\t\t\t\t\t<div class=\"elementor-widget-wrap\">\n\t\t\t\t\t\t<div class=\"elementor-element elementor-element-27a354a elementor-widget elementor-widget-image\" data-id=\"27a354a\" data-element_type=\"widget\" data-widget_type=\"image.default\">\n\t\t\t\t<div class=\"elementor-widget-container\">\n\t\t\t\t\t\t\t\t<div class=\"elementor-image\">\n\t\t\t\t\t\t\t\t\t\t\t\t\t<a href=\"https:\/\/www.ucnc.com.co\/sitio\/\" target=\"_blank\">\n\t\t\t\t\t\t\t<img width=\"135\" height=\"47\" src=\"https:\/\/notaria70bogota.com\/wp-content\/uploads\/2020\/10\/union-colegiada.png\" class=\"attachment-medium size-medium\" alt=\"LOGO UNION COLEGIADA DEL NOTARIADO COLOMBIANO\" loading=\"lazy\" \/>\t\t\t\t\t\t\t\t<\/a>\n\t\t\t\t\t\t\t\t\t\t\t\t\t\t<\/div>\n\t\t\t\t\t\t<\/div>\n\t\t\t\t<\/div>\n\t\t\t\t\t\t<\/div>\n\t\t\t\t\t<\/div>\n\t\t<\/div>\n\t\t\t\t<div class=\"elementor-column elementor-col-16 elementor-top-column elementor-element elementor-element-2919260\" data-id=\"2919260\" data-element_type=\"column\">\n\t\t\t<div class=\"elementor-column-wrap elementor-element-populated\">\n\t\t\t\t\t\t\t<div class=\"elementor-widget-wrap\">\n\t\t\t\t\t\t<div class=\"elementor-element elementor-element-573f0eb elementor-widget elementor-widget-image\" data-id=\"573f0eb\" data-element_type=\"widget\" data-widget_type=\"image.default\">\n\t\t\t\t<div class=\"elementor-widget-container\">\n\t\t\t\t\t\t\t\t<div class=\"elementor-image\">\n\t\t\t\t\t\t\t\t\t\t\t\t\t<a href=\"https:\/\/www.supernotariado.gov.co\/\" target=\"_blank\">\n\t\t\t\t\t\t\t<img width=\"135\" height=\"47\" src=\"https:\/\/notaria70bogota.com\/wp-content\/uploads\/2020\/10\/snr.png\" class=\"attachment-medium size-medium\" alt=\"LOGO SUPERINTENDENCIA DE NOTARIADO Y REGISTRO\" loading=\"lazy\" \/>\t\t\t\t\t\t\t\t<\/a>\n\t\t\t\t\t\t\t\t\t\t\t\t\t\t<\/div>\n\t\t\t\t\t\t<\/div>\n\t\t\t\t<\/div>\n\t\t\t\t\t\t<\/div>\n\t\t\t\t\t<\/div>\n\t\t<\/div>\n\t\t\t\t<div class=\"elementor-column elementor-col-16 elementor-top-column elementor-element elementor-element-caf2cd6\" data-id=\"caf2cd6\" data-element_type=\"column\">\n\t\t\t<div class=\"elementor-column-wrap elementor-element-populated\">\n\t\t\t\t\t\t\t<div class=\"elementor-widget-wrap\">\n\t\t\t\t\t\t<div class=\"elementor-element elementor-element-db6ff68 elementor-widget elementor-widget-image\" data-id=\"db6ff68\" data-element_type=\"widget\" data-widget_type=\"image.default\">\n\t\t\t\t<div class=\"elementor-widget-container\">\n\t\t\t\t\t\t\t\t<div class=\"elementor-image\">\n\t\t\t\t\t\t\t\t\t\t\t\t\t<a href=\"http:\/\/www.minjusticia.gov.co\/\" target=\"_blank\">\n\t\t\t\t\t\t\t<img width=\"135\" height=\"47\" src=\"https:\/\/notaria70bogota.com\/wp-content\/uploads\/2020\/10\/minjusticia_0.png\" class=\"attachment-medium size-medium\" alt=\"LOGO MINJUSTICIA\" loading=\"lazy\" \/>\t\t\t\t\t\t\t\t<\/a>\n\t\t\t\t\t\t\t\t\t\t\t\t\t\t<\/div>\n\t\t\t\t\t\t<\/div>\n\t\t\t\t<\/div>\n\t\t\t\t\t\t<\/div>\n\t\t\t\t\t<\/div>\n\t\t<\/div>\n\t\t\t\t<div class=\"elementor-column elementor-col-16 elementor-top-column elementor-element elementor-element-ccb7abb\" data-id=\"ccb7abb\" data-element_type=\"column\">\n\t\t\t<div class=\"elementor-column-wrap elementor-element-populated\">\n\t\t\t\t\t\t\t<div class=\"elementor-widget-wrap\">\n\t\t\t\t\t\t<div class=\"elementor-element elementor-element-482e7ab elementor-widget elementor-widget-image\" data-id=\"482e7ab\" data-element_type=\"widget\" data-widget_type=\"image.default\">\n\t\t\t\t<div class=\"elementor-widget-container\">\n\t\t\t\t\t\t\t\t<div class=\"elementor-image\">\n\t\t\t\t\t\t\t\t\t\t\t\t\t<a href=\"https:\/\/idm.presidencia.gov.co\/presidencia\" target=\"_blank\">\n\t\t\t\t\t\t\t<img width=\"432\" height=\"85\" src=\"https:\/\/notaria70bogota.com\/wp-content\/uploads\/2020\/11\/Presidencia-logo.png\" class=\"attachment-large size-large\" alt=\"Logo y pagina de la Presidencia\" loading=\"lazy\" srcset=\"https:\/\/notaria70bogota.com\/wp-content\/uploads\/2020\/11\/Presidencia-logo.png 432w, https:\/\/notaria70bogota.com\/wp-content\/uploads\/2020\/11\/Presidencia-logo-300x59.png 300w, https:\/\/notaria70bogota.com\/wp-content\/uploads\/2020\/11\/Presidencia-logo-230x45.png 230w, https:\/\/notaria70bogota.com\/wp-content\/uploads\/2020\/11\/Presidencia-logo-350x69.png 350w\" sizes=\"(max-width: 432px) 100vw, 432px\" \/>\t\t\t\t\t\t\t\t<\/a>\n\t\t\t\t\t\t\t\t\t\t\t\t\t\t<\/div>\n\t\t\t\t\t\t<\/div>\n\t\t\t\t<\/div>\n\t\t\t\t\t\t<\/div>\n\t\t\t\t\t<\/div>\n\t\t<\/div>\n\t\t\t\t<div class=\"elementor-column elementor-col-16 elementor-top-column elementor-element elementor-element-95313e2\" data-id=\"95313e2\" data-element_type=\"column\">\n\t\t\t<div class=\"elementor-column-wrap elementor-element-populated\">\n\t\t\t\t\t\t\t<div class=\"elementor-widget-wrap\">\n\t\t\t\t\t\t<div class=\"elementor-element elementor-element-7f7a414 elementor-widget elementor-widget-image\" data-id=\"7f7a414\" data-element_type=\"widget\" data-widget_type=\"image.default\">\n\t\t\t\t<div class=\"elementor-widget-container\">\n\t\t\t\t\t\t\t\t<div class=\"elementor-image\">\n\t\t\t\t\t\t\t\t\t\t\t\t\t<a href=\"https:\/\/www.uinl.org\/\" target=\"_blank\">\n\t\t\t\t\t\t\t<img width=\"300\" height=\"76\" src=\"https:\/\/notaria70bogota.com\/wp-content\/uploads\/2020\/10\/unnamed-300x76.gif\" class=\"attachment-medium size-medium\" alt=\"UNI\u00d3N INTERNACIONAL DEL NOTARIADO LATINO\" loading=\"lazy\" srcset=\"https:\/\/notaria70bogota.com\/wp-content\/uploads\/2020\/10\/unnamed-300x76.gif 300w, https:\/\/notaria70bogota.com\/wp-content\/uploads\/2020\/10\/unnamed-230x58.gif 230w, https:\/\/notaria70bogota.com\/wp-content\/uploads\/2020\/10\/unnamed-350x88.gif 350w\" sizes=\"(max-width: 300px) 100vw, 300px\" \/>\t\t\t\t\t\t\t\t<\/a>\n\t\t\t\t\t\t\t\t\t\t\t\t\t\t<\/div>\n\t\t\t\t\t\t<\/div>\n\t\t\t\t<\/div>\n\t\t\t\t\t\t<\/div>\n\t\t\t\t\t<\/div>\n\t\t<\/div>\n\t\t\t\t\t\t\t\t<\/div>\n\t\t\t\t\t<\/div>\n\t\t<\/section>\n\t\t\t\t\t\t\t\t\t<\/div>\n\t\t\t<\/div>\n\t\t\t\t\t<\/div>\n\t\t","protected":false},"excerpt":{"rendered":"<p>Informaci\u00f3n sobre decisiones que puede afectar al p\u00fablico. La Notar\u00eda Setenta (70) de Bogot\u00e1, pone a disposici\u00f3n las resoluciones expedidas por la Supeintendencia de Notariado y Registro que pueden afectar al p\u00fablico. Resoluci\u00f3n 00755 Enero 26 de 2022\u201cPor la cual se actualizan las tarifas de los derechos por concepto del ejercicio de la funci\u00f3n notarial\u201d. Resoluci\u00f3n 00493 Enero 18 de [&hellip;]<\/p>\n","protected":false},"author":2,"featured_media":0,"parent":0,"menu_order":0,"comment_status":"closed","ping_status":"closed","template":"page-templates\/page_front-page.php","meta":{"_EventAllDay":false,"_EventTimezone":"","_EventStartDate":"","_EventEndDate":"","_EventStartDateUTC":"","_EventEndDateUTC":"","_EventShowMap":false,"_EventShowMapLink":false,"_EventURL":"","_EventCost":"","_EventCostDescription":"","_EventCurrencySymbol":"","_EventCurrencyPosition":"","_EventDateTimeSeparator":"","_EventTimeRangeSeparator":"","_EventOrganizerID":[],"_EventVenueID":0,"_OrganizerEmail":"","_OrganizerPhone":"","_OrganizerWebsite":"","_VenueAddress":"","_VenueCity":"","_VenueCountry":"","_VenueProvince":"","_VenueZip":"","_VenuePhone":"","_VenueURL":"","_VenueStateProvince":"","_VenueLat":"","_VenueLng":""},"_links":{"self":[{"href":"https:\/\/notaria70bogota.com\/index.php\/wp-json\/wp\/v2\/pages\/8263"}],"collection":[{"href":"https:\/\/notaria70bogota.com\/index.php\/wp-json\/wp\/v2\/pages"}],"about":[{"href":"https:\/\/notaria70bogota.com\/index.php\/wp-json\/wp\/v2\/types\/page"}],"author":[{"embeddable":true,"href":"https:\/\/notaria70bogota.com\/index.php\/wp-json\/wp\/v2\/users\/2"}],"replies":[{"embeddable":true,"href":"https:\/\/notaria70bogota.com\/index.php\/wp-json\/wp\/v2\/comments?post=8263"}],"version-history":[{"count":10,"href":"https:\/\/notaria70bogota.com\/index.php\/wp-json\/wp\/v2\/pages\/8263\/revisions"}],"predecessor-version":[{"id":8614,"href":"https:\/\/notaria70bogota.com\/index.php\/wp-json\/wp\/v2\/pages\/8263\/revisions\/8614"}],"wp:attachment":[{"href":"https:\/\/notaria70bogota.com\/index.php\/wp-json\/wp\/v2\/media?parent=8263"}],"curies":[{"name":"wp","href":"https:\/\/api.w.org\/{rel}","templated":true}]}}