{"id":7990,"date":"2022-09-20T03:07:20","date_gmt":"2022-09-20T03:07:20","guid":{"rendered":"https:\/\/notaria70bogota.com\/?page_id=7990"},"modified":"2022-09-20T20:21:12","modified_gmt":"2022-09-20T20:21:12","slug":"obligacion-de-reportes","status":"publish","type":"page","link":"https:\/\/notaria70bogota.com\/index.php\/obligacion-de-reportes\/","title":{"rendered":"Obligacion de reportes"},"content":{"rendered":"\t\t<div data-elementor-type=\"wp-page\" data-elementor-id=\"7990\" class=\"elementor elementor-7990\">\n\t\t\t\t\t\t<div class=\"elementor-inner\">\n\t\t\t\t<div class=\"elementor-section-wrap\">\n\t\t\t\t\t\t\t\t\t<section class=\"elementor-section elementor-top-section elementor-element elementor-element-08f8562 elementor-section-boxed elementor-section-height-default elementor-section-height-default\" data-id=\"08f8562\" data-element_type=\"section\">\n\t\t\t\t\t\t<div class=\"elementor-container elementor-column-gap-default\">\n\t\t\t\t\t\t\t<div class=\"elementor-row\">\n\t\t\t\t\t<div class=\"elementor-column elementor-col-50 elementor-top-column elementor-element elementor-element-88eab86\" data-id=\"88eab86\" data-element_type=\"column\">\n\t\t\t<div class=\"elementor-column-wrap\">\n\t\t\t\t\t\t\t<div class=\"elementor-widget-wrap\">\n\t\t\t\t\t\t\t\t<\/div>\n\t\t\t\t\t<\/div>\n\t\t<\/div>\n\t\t\t\t<div class=\"elementor-column elementor-col-50 elementor-top-column elementor-element elementor-element-6c3991d\" data-id=\"6c3991d\" data-element_type=\"column\">\n\t\t\t<div class=\"elementor-column-wrap elementor-element-populated\">\n\t\t\t\t\t\t\t<div class=\"elementor-widget-wrap\">\n\t\t\t\t\t\t<div class=\"elementor-element elementor-element-60f214a elementor-widget elementor-widget-heading\" data-id=\"60f214a\" data-element_type=\"widget\" data-widget_type=\"heading.default\">\n\t\t\t\t<div class=\"elementor-widget-container\">\n\t\t\t<h3 class=\"elementor-heading-title elementor-size-default\">OBLIGACI\u00d3N DE REPORTE DE INFORMACI\u00d3N ESPECIFICA POR PARTE DE LA ENTIDAD<\/h3>\t\t<\/div>\n\t\t\t\t<\/div>\n\t\t\t\t\t\t<\/div>\n\t\t\t\t\t<\/div>\n\t\t<\/div>\n\t\t\t\t\t\t\t\t<\/div>\n\t\t\t\t\t<\/div>\n\t\t<\/section>\n\t\t\t\t<section class=\"elementor-section elementor-top-section elementor-element elementor-element-e2afd17 elementor-section-boxed elementor-section-height-default elementor-section-height-default\" data-id=\"e2afd17\" data-element_type=\"section\">\n\t\t\t\t\t\t<div class=\"elementor-container elementor-column-gap-default\">\n\t\t\t\t\t\t\t<div class=\"elementor-row\">\n\t\t\t\t\t<div class=\"elementor-column elementor-col-100 elementor-top-column elementor-element elementor-element-a467188\" data-id=\"a467188\" data-element_type=\"column\">\n\t\t\t<div class=\"elementor-column-wrap elementor-element-populated\">\n\t\t\t\t\t\t\t<div class=\"elementor-widget-wrap\">\n\t\t\t\t\t\t<div class=\"elementor-element elementor-element-2707103 elementor-widget elementor-widget-html\" data-id=\"2707103\" data-element_type=\"widget\" data-widget_type=\"html.default\">\n\t\t\t\t<div class=\"elementor-widget-container\">\n\t\t\t<button id=\"listenButton1\" class=\"responsivevoice-button\" type=\"button\" value=\"Play\" title=\"ResponsiveVoice Tap to Start\/Stop Speech\"><span>&#128266; Escuchar Texto<\/span><\/button>\n        <script>\n            listenButton1.onclick = function(){\n                if(responsiveVoice.isPlaying()){\n                    responsiveVoice.cancel();\n                }else{\n                    responsiveVoice.speak(\"OBLIGACI\u00d3N DE REPORTE DE INFORMACI\u00d3N ESPECIFICA POR PARTE DE LA ENTIDAD Informes a organismos de inspecci\u00f3n, vigilancia y control.Los informes que presentan los Notarios a la Superintendencia de Notariado y Registro son:Informe Estadistico Notarial, cuya informaci\u00f3n financiera y contable es reservada. Art\u00edculo 61 del C\u00f3digo de Comercio. El informe estadistico que remiten mensualmente las Notar\u00edas a la SNR a trav\u00e9s de los correos habilitados para ello, seg\u00fan la Instrucci\u00f3n Administrativa 4 de 2019.Los informes que rinden los Se\u00f1ores Notarios a la UIAF son:Reporte de Operaci\u00f3n Notarial (RON).Reporte de Operaciones intentadas y operaciones sospechosas ROS.Reporte de ausencia de operaciones sospechososReporte de adjudicaciones en remate.Los informes que allegan los Se\u00f1ores Notarios a la DIAN son:Informaci\u00f3n exogena.\", \"Spanish Latin American Female\");\n                }\n            };\n        <\/script>\n    \t\t<\/div>\n\t\t\t\t<\/div>\n\t\t\t\t\t\t<\/div>\n\t\t\t\t\t<\/div>\n\t\t<\/div>\n\t\t\t\t\t\t\t\t<\/div>\n\t\t\t\t\t<\/div>\n\t\t<\/section>\n\t\t\t\t<section class=\"elementor-section elementor-top-section elementor-element elementor-element-f289c07 elementor-section-boxed elementor-section-height-default elementor-section-height-default\" data-id=\"f289c07\" data-element_type=\"section\">\n\t\t\t\t\t\t<div class=\"elementor-container elementor-column-gap-default\">\n\t\t\t\t\t\t\t<div class=\"elementor-row\">\n\t\t\t\t\t<div class=\"elementor-column elementor-col-100 elementor-top-column elementor-element elementor-element-8f67062\" data-id=\"8f67062\" data-element_type=\"column\">\n\t\t\t<div class=\"elementor-column-wrap elementor-element-populated\">\n\t\t\t\t\t\t\t<div class=\"elementor-widget-wrap\">\n\t\t\t\t\t\t<div class=\"elementor-element elementor-element-4d1112f elementor-widget elementor-widget-text-editor\" data-id=\"4d1112f\" data-element_type=\"widget\" data-widget_type=\"text-editor.default\">\n\t\t\t\t<div class=\"elementor-widget-container\">\n\t\t\t\t\t\t\t\t<div class=\"elementor-text-editor elementor-clearfix\">\n\t\t\t\t<h6>Informes a organismos de inspecci\u00f3n, vigilancia y control.<br \/>Los informes que presentan los Notarios a la Superintendencia de Notariado y Registro son:<\/h6><h6>Informe Estadistico Notarial, cuya informaci\u00f3n financiera y contable es reservada. Art\u00edculo 61 del C\u00f3digo de Comercio. El informe estadistico que remiten mensualmente las Notar\u00edas a la SNR a trav\u00e9s de los correos habilitados para ello, seg\u00fan la Instrucci\u00f3n Administrativa 4 de 2019.<\/h6><h6>Los informes que rinden los Se\u00f1ores Notarios a la UIAF son:<\/h6><h6>Reporte de Operaci\u00f3n Notarial (RON).<br \/>Reporte de Operaciones intentadas y operaciones sospechosas ROS.<br \/>Reporte de ausencia de operaciones sospechosos<br \/>Reporte de adjudicaciones en remate.<\/h6><h6>Los informes que allegan los Se\u00f1ores Notarios a la DIAN son:<\/h6><h6>Informaci\u00f3n exogena.<\/h6>\t\t\t\t\t<\/div>\n\t\t\t\t\t\t<\/div>\n\t\t\t\t<\/div>\n\t\t\t\t\t\t<\/div>\n\t\t\t\t\t<\/div>\n\t\t<\/div>\n\t\t\t\t\t\t\t\t<\/div>\n\t\t\t\t\t<\/div>\n\t\t<\/section>\n\t\t\t\t<section class=\"elementor-section elementor-top-section elementor-element elementor-element-0db1fb3 elementor-section-boxed elementor-section-height-default elementor-section-height-default\" data-id=\"0db1fb3\" data-element_type=\"section\">\n\t\t\t\t\t\t<div class=\"elementor-container elementor-column-gap-default\">\n\t\t\t\t\t\t\t<div class=\"elementor-row\">\n\t\t\t\t\t<div class=\"elementor-column elementor-col-100 elementor-top-column elementor-element elementor-element-5cd3d6e\" data-id=\"5cd3d6e\" data-element_type=\"column\">\n\t\t\t<div class=\"elementor-column-wrap\">\n\t\t\t\t\t\t\t<div class=\"elementor-widget-wrap\">\n\t\t\t\t\t\t\t\t<\/div>\n\t\t\t\t\t<\/div>\n\t\t<\/div>\n\t\t\t\t\t\t\t\t<\/div>\n\t\t\t\t\t<\/div>\n\t\t<\/section>\n\t\t\t\t<section class=\"elementor-section elementor-top-section elementor-element elementor-element-dda815f elementor-section-boxed elementor-section-height-default elementor-section-height-default\" data-id=\"dda815f\" data-element_type=\"section\">\n\t\t\t\t\t\t<div class=\"elementor-container elementor-column-gap-default\">\n\t\t\t\t\t\t\t<div class=\"elementor-row\">\n\t\t\t\t\t<div class=\"elementor-column elementor-col-16 elementor-top-column elementor-element elementor-element-f039cea\" data-id=\"f039cea\" data-element_type=\"column\">\n\t\t\t<div class=\"elementor-column-wrap elementor-element-populated\">\n\t\t\t\t\t\t\t<div class=\"elementor-widget-wrap\">\n\t\t\t\t\t\t<div class=\"elementor-element elementor-element-df32c7e elementor-widget elementor-widget-image\" data-id=\"df32c7e\" data-element_type=\"widget\" data-widget_type=\"image.default\">\n\t\t\t\t<div class=\"elementor-widget-container\">\n\t\t\t\t\t\t\t\t<div class=\"elementor-image\">\n\t\t\t\t\t\t\t\t\t\t\t\t\t<a href=\"https:\/\/unobog.com\/\" target=\"_blank\">\n\t\t\t\t\t\t\t<img width=\"232\" height=\"78\" src=\"https:\/\/notaria70bogota.com\/wp-content\/uploads\/2020\/10\/unobog.jpg\" class=\"attachment-medium size-medium\" alt=\"LOGO UNOBOG\" loading=\"lazy\" srcset=\"https:\/\/notaria70bogota.com\/wp-content\/uploads\/2020\/10\/unobog.jpg 232w, https:\/\/notaria70bogota.com\/wp-content\/uploads\/2020\/10\/unobog-230x77.jpg 230w\" sizes=\"(max-width: 232px) 100vw, 232px\" \/>\t\t\t\t\t\t\t\t<\/a>\n\t\t\t\t\t\t\t\t\t\t\t\t\t\t<\/div>\n\t\t\t\t\t\t<\/div>\n\t\t\t\t<\/div>\n\t\t\t\t\t\t<\/div>\n\t\t\t\t\t<\/div>\n\t\t<\/div>\n\t\t\t\t<div class=\"elementor-column elementor-col-16 elementor-top-column elementor-element elementor-element-7b84a0a\" data-id=\"7b84a0a\" data-element_type=\"column\">\n\t\t\t<div class=\"elementor-column-wrap elementor-element-populated\">\n\t\t\t\t\t\t\t<div class=\"elementor-widget-wrap\">\n\t\t\t\t\t\t<div class=\"elementor-element elementor-element-10a3176 elementor-widget elementor-widget-image\" data-id=\"10a3176\" data-element_type=\"widget\" data-widget_type=\"image.default\">\n\t\t\t\t<div class=\"elementor-widget-container\">\n\t\t\t\t\t\t\t\t<div class=\"elementor-image\">\n\t\t\t\t\t\t\t\t\t\t\t\t\t<a href=\"https:\/\/www.ucnc.com.co\/sitio\/\" target=\"_blank\">\n\t\t\t\t\t\t\t<img width=\"135\" height=\"47\" src=\"https:\/\/notaria70bogota.com\/wp-content\/uploads\/2020\/10\/union-colegiada.png\" class=\"attachment-medium size-medium\" alt=\"LOGO UNION COLEGIADA DEL NOTARIADO COLOMBIANO\" loading=\"lazy\" \/>\t\t\t\t\t\t\t\t<\/a>\n\t\t\t\t\t\t\t\t\t\t\t\t\t\t<\/div>\n\t\t\t\t\t\t<\/div>\n\t\t\t\t<\/div>\n\t\t\t\t\t\t<\/div>\n\t\t\t\t\t<\/div>\n\t\t<\/div>\n\t\t\t\t<div class=\"elementor-column elementor-col-16 elementor-top-column elementor-element elementor-element-f7a5e93\" data-id=\"f7a5e93\" data-element_type=\"column\">\n\t\t\t<div class=\"elementor-column-wrap elementor-element-populated\">\n\t\t\t\t\t\t\t<div class=\"elementor-widget-wrap\">\n\t\t\t\t\t\t<div class=\"elementor-element elementor-element-f45dc22 elementor-widget elementor-widget-image\" data-id=\"f45dc22\" data-element_type=\"widget\" data-widget_type=\"image.default\">\n\t\t\t\t<div class=\"elementor-widget-container\">\n\t\t\t\t\t\t\t\t<div class=\"elementor-image\">\n\t\t\t\t\t\t\t\t\t\t\t\t\t<a href=\"https:\/\/www.supernotariado.gov.co\/\" target=\"_blank\">\n\t\t\t\t\t\t\t<img width=\"135\" height=\"47\" src=\"https:\/\/notaria70bogota.com\/wp-content\/uploads\/2020\/10\/snr.png\" class=\"attachment-medium size-medium\" alt=\"LOGO SUPERINTENDENCIA DE NOTARIADO Y REGISTRO\" loading=\"lazy\" \/>\t\t\t\t\t\t\t\t<\/a>\n\t\t\t\t\t\t\t\t\t\t\t\t\t\t<\/div>\n\t\t\t\t\t\t<\/div>\n\t\t\t\t<\/div>\n\t\t\t\t\t\t<\/div>\n\t\t\t\t\t<\/div>\n\t\t<\/div>\n\t\t\t\t<div class=\"elementor-column elementor-col-16 elementor-top-column elementor-element elementor-element-cbb6419\" data-id=\"cbb6419\" data-element_type=\"column\">\n\t\t\t<div class=\"elementor-column-wrap elementor-element-populated\">\n\t\t\t\t\t\t\t<div class=\"elementor-widget-wrap\">\n\t\t\t\t\t\t<div class=\"elementor-element elementor-element-7cd72c8 elementor-widget elementor-widget-image\" data-id=\"7cd72c8\" data-element_type=\"widget\" data-widget_type=\"image.default\">\n\t\t\t\t<div class=\"elementor-widget-container\">\n\t\t\t\t\t\t\t\t<div class=\"elementor-image\">\n\t\t\t\t\t\t\t\t\t\t\t\t\t<a href=\"http:\/\/www.minjusticia.gov.co\/\" target=\"_blank\">\n\t\t\t\t\t\t\t<img width=\"135\" height=\"47\" src=\"https:\/\/notaria70bogota.com\/wp-content\/uploads\/2020\/10\/minjusticia_0.png\" class=\"attachment-medium size-medium\" alt=\"LOGO MINJUSTICIA\" loading=\"lazy\" \/>\t\t\t\t\t\t\t\t<\/a>\n\t\t\t\t\t\t\t\t\t\t\t\t\t\t<\/div>\n\t\t\t\t\t\t<\/div>\n\t\t\t\t<\/div>\n\t\t\t\t\t\t<\/div>\n\t\t\t\t\t<\/div>\n\t\t<\/div>\n\t\t\t\t<div class=\"elementor-column elementor-col-16 elementor-top-column elementor-element elementor-element-d66926c\" data-id=\"d66926c\" data-element_type=\"column\">\n\t\t\t<div class=\"elementor-column-wrap elementor-element-populated\">\n\t\t\t\t\t\t\t<div class=\"elementor-widget-wrap\">\n\t\t\t\t\t\t<div class=\"elementor-element elementor-element-cc7710c elementor-widget elementor-widget-image\" data-id=\"cc7710c\" data-element_type=\"widget\" data-widget_type=\"image.default\">\n\t\t\t\t<div class=\"elementor-widget-container\">\n\t\t\t\t\t\t\t\t<div class=\"elementor-image\">\n\t\t\t\t\t\t\t\t\t\t\t\t\t<a href=\"https:\/\/idm.presidencia.gov.co\/presidencia\" target=\"_blank\">\n\t\t\t\t\t\t\t<img width=\"432\" height=\"85\" src=\"https:\/\/notaria70bogota.com\/wp-content\/uploads\/2020\/11\/Presidencia-logo.png\" class=\"attachment-large size-large\" alt=\"Logo y pagina de la Presidencia\" loading=\"lazy\" srcset=\"https:\/\/notaria70bogota.com\/wp-content\/uploads\/2020\/11\/Presidencia-logo.png 432w, https:\/\/notaria70bogota.com\/wp-content\/uploads\/2020\/11\/Presidencia-logo-300x59.png 300w, https:\/\/notaria70bogota.com\/wp-content\/uploads\/2020\/11\/Presidencia-logo-230x45.png 230w, https:\/\/notaria70bogota.com\/wp-content\/uploads\/2020\/11\/Presidencia-logo-350x69.png 350w\" sizes=\"(max-width: 432px) 100vw, 432px\" \/>\t\t\t\t\t\t\t\t<\/a>\n\t\t\t\t\t\t\t\t\t\t\t\t\t\t<\/div>\n\t\t\t\t\t\t<\/div>\n\t\t\t\t<\/div>\n\t\t\t\t\t\t<\/div>\n\t\t\t\t\t<\/div>\n\t\t<\/div>\n\t\t\t\t<div class=\"elementor-column elementor-col-16 elementor-top-column elementor-element elementor-element-33508a5\" data-id=\"33508a5\" data-element_type=\"column\">\n\t\t\t<div class=\"elementor-column-wrap elementor-element-populated\">\n\t\t\t\t\t\t\t<div class=\"elementor-widget-wrap\">\n\t\t\t\t\t\t<div class=\"elementor-element elementor-element-9e198ac elementor-widget elementor-widget-image\" data-id=\"9e198ac\" data-element_type=\"widget\" data-widget_type=\"image.default\">\n\t\t\t\t<div class=\"elementor-widget-container\">\n\t\t\t\t\t\t\t\t<div class=\"elementor-image\">\n\t\t\t\t\t\t\t\t\t\t\t\t\t<a href=\"https:\/\/www.uinl.org\/\" target=\"_blank\">\n\t\t\t\t\t\t\t<img width=\"300\" height=\"76\" src=\"https:\/\/notaria70bogota.com\/wp-content\/uploads\/2020\/10\/unnamed-300x76.gif\" class=\"attachment-medium size-medium\" alt=\"UNI\u00d3N INTERNACIONAL DEL NOTARIADO LATINO\" loading=\"lazy\" srcset=\"https:\/\/notaria70bogota.com\/wp-content\/uploads\/2020\/10\/unnamed-300x76.gif 300w, https:\/\/notaria70bogota.com\/wp-content\/uploads\/2020\/10\/unnamed-230x58.gif 230w, https:\/\/notaria70bogota.com\/wp-content\/uploads\/2020\/10\/unnamed-350x88.gif 350w\" sizes=\"(max-width: 300px) 100vw, 300px\" \/>\t\t\t\t\t\t\t\t<\/a>\n\t\t\t\t\t\t\t\t\t\t\t\t\t\t<\/div>\n\t\t\t\t\t\t<\/div>\n\t\t\t\t<\/div>\n\t\t\t\t\t\t<\/div>\n\t\t\t\t\t<\/div>\n\t\t<\/div>\n\t\t\t\t\t\t\t\t<\/div>\n\t\t\t\t\t<\/div>\n\t\t<\/section>\n\t\t\t\t\t\t\t\t\t<\/div>\n\t\t\t<\/div>\n\t\t\t\t\t<\/div>\n\t\t","protected":false},"excerpt":{"rendered":"<p>OBLIGACI\u00d3N DE REPORTE DE INFORMACI\u00d3N ESPECIFICA POR PARTE DE LA ENTIDAD Informes a organismos de inspecci\u00f3n, vigilancia y control.Los informes que presentan los Notarios a la Superintendencia de Notariado y Registro son: Informe Estadistico Notarial, cuya informaci\u00f3n financiera y contable es reservada. Art\u00edculo 61 del C\u00f3digo de Comercio. El informe estadistico que remiten mensualmente las Notar\u00edas a la SNR a [&hellip;]<\/p>\n","protected":false},"author":2,"featured_media":0,"parent":0,"menu_order":0,"comment_status":"closed","ping_status":"closed","template":"page-templates\/page_front-page.php","meta":{"_EventAllDay":false,"_EventTimezone":"","_EventStartDate":"","_EventEndDate":"","_EventStartDateUTC":"","_EventEndDateUTC":"","_EventShowMap":false,"_EventShowMapLink":false,"_EventURL":"","_EventCost":"","_EventCostDescription":"","_EventCurrencySymbol":"","_EventCurrencyPosition":"","_EventDateTimeSeparator":"","_EventTimeRangeSeparator":"","_EventOrganizerID":[],"_EventVenueID":0,"_OrganizerEmail":"","_OrganizerPhone":"","_OrganizerWebsite":"","_VenueAddress":"","_VenueCity":"","_VenueCountry":"","_VenueProvince":"","_VenueZip":"","_VenuePhone":"","_VenueURL":"","_VenueStateProvince":"","_VenueLat":"","_VenueLng":""},"_links":{"self":[{"href":"https:\/\/notaria70bogota.com\/index.php\/wp-json\/wp\/v2\/pages\/7990"}],"collection":[{"href":"https:\/\/notaria70bogota.com\/index.php\/wp-json\/wp\/v2\/pages"}],"about":[{"href":"https:\/\/notaria70bogota.com\/index.php\/wp-json\/wp\/v2\/types\/page"}],"author":[{"embeddable":true,"href":"https:\/\/notaria70bogota.com\/index.php\/wp-json\/wp\/v2\/users\/2"}],"replies":[{"embeddable":true,"href":"https:\/\/notaria70bogota.com\/index.php\/wp-json\/wp\/v2\/comments?post=7990"}],"version-history":[{"count":13,"href":"https:\/\/notaria70bogota.com\/index.php\/wp-json\/wp\/v2\/pages\/7990\/revisions"}],"predecessor-version":[{"id":8052,"href":"https:\/\/notaria70bogota.com\/index.php\/wp-json\/wp\/v2\/pages\/7990\/revisions\/8052"}],"wp:attachment":[{"href":"https:\/\/notaria70bogota.com\/index.php\/wp-json\/wp\/v2\/media?parent=7990"}],"curies":[{"name":"wp","href":"https:\/\/api.w.org\/{rel}","templated":true}]}}