{"id":6622,"date":"2022-06-14T02:13:06","date_gmt":"2022-06-14T02:13:06","guid":{"rendered":"https:\/\/notaria70bogota.com\/?page_id=6622"},"modified":"2024-07-25T14:15:33","modified_gmt":"2024-07-25T14:15:33","slug":"entes-y-autoridades","status":"publish","type":"page","link":"https:\/\/notaria70bogota.com\/index.php\/entes-y-autoridades\/","title":{"rendered":"Entes y autoridades"},"content":{"rendered":"\t\t<div data-elementor-type=\"wp-page\" data-elementor-id=\"6622\" class=\"elementor elementor-6622\">\n\t\t\t\t\t\t<div class=\"elementor-inner\">\n\t\t\t\t<div class=\"elementor-section-wrap\">\n\t\t\t\t\t\t\t\t\t<section class=\"elementor-section elementor-top-section elementor-element elementor-element-8dffd87 elementor-section-boxed elementor-section-height-default elementor-section-height-default\" data-id=\"8dffd87\" data-element_type=\"section\">\n\t\t\t\t\t\t<div class=\"elementor-container elementor-column-gap-default\">\n\t\t\t\t\t\t\t<div class=\"elementor-row\">\n\t\t\t\t\t<div class=\"elementor-column elementor-col-50 elementor-top-column elementor-element elementor-element-97aa66d\" data-id=\"97aa66d\" data-element_type=\"column\">\n\t\t\t<div class=\"elementor-column-wrap elementor-element-populated\">\n\t\t\t\t\t\t\t<div class=\"elementor-widget-wrap\">\n\t\t\t\t\t\t<div class=\"elementor-element elementor-element-34d1634 elementor-view-default elementor-widget elementor-widget-icon\" data-id=\"34d1634\" data-element_type=\"widget\" data-widget_type=\"icon.default\">\n\t\t\t\t<div class=\"elementor-widget-container\">\n\t\t\t\t\t<div class=\"elementor-icon-wrapper\">\n\t\t\t<div class=\"elementor-icon\">\n\t\t\t<i aria-hidden=\"true\" class=\"far fa-eye\"><\/i>\t\t\t<\/div>\n\t\t<\/div>\n\t\t\t\t<\/div>\n\t\t\t\t<\/div>\n\t\t\t\t\t\t<\/div>\n\t\t\t\t\t<\/div>\n\t\t<\/div>\n\t\t\t\t<div class=\"elementor-column elementor-col-50 elementor-top-column elementor-element elementor-element-ee9803e\" data-id=\"ee9803e\" data-element_type=\"column\">\n\t\t\t<div class=\"elementor-column-wrap elementor-element-populated\">\n\t\t\t\t\t\t\t<div class=\"elementor-widget-wrap\">\n\t\t\t\t\t\t<div class=\"elementor-element elementor-element-b3760b9 elementor-widget elementor-widget-heading\" data-id=\"b3760b9\" data-element_type=\"widget\" data-widget_type=\"heading.default\">\n\t\t\t\t<div class=\"elementor-widget-container\">\n\t\t\t<h2 class=\"elementor-heading-title elementor-size-default\">ENTES Y AUTORIDADES QUE LO VIGILAN.<\/h2>\t\t<\/div>\n\t\t\t\t<\/div>\n\t\t\t\t\t\t<\/div>\n\t\t\t\t\t<\/div>\n\t\t<\/div>\n\t\t\t\t\t\t\t\t<\/div>\n\t\t\t\t\t<\/div>\n\t\t<\/section>\n\t\t\t\t<section class=\"elementor-section elementor-top-section elementor-element elementor-element-baa5749 elementor-section-boxed elementor-section-height-default elementor-section-height-default\" data-id=\"baa5749\" data-element_type=\"section\">\n\t\t\t\t\t\t<div class=\"elementor-container elementor-column-gap-default\">\n\t\t\t\t\t\t\t<div class=\"elementor-row\">\n\t\t\t\t\t<div class=\"elementor-column elementor-col-100 elementor-top-column elementor-element elementor-element-8fc255f\" data-id=\"8fc255f\" data-element_type=\"column\">\n\t\t\t<div class=\"elementor-column-wrap elementor-element-populated\">\n\t\t\t\t\t\t\t<div class=\"elementor-widget-wrap\">\n\t\t\t\t\t\t<div class=\"elementor-element elementor-element-a3be763 elementor-widget elementor-widget-html\" data-id=\"a3be763\" data-element_type=\"widget\" data-widget_type=\"html.default\">\n\t\t\t\t<div class=\"elementor-widget-container\">\n\t\t\t<button id=\"listenButton1\" class=\"responsivevoice-button\" type=\"button\" value=\"Play\" title=\"ResponsiveVoice Tap to Start\/Stop Speech\"><span>&#128266; Escuchar Texto<\/span><\/button>\n        <script>\n            listenButton1.onclick = function(){\n                if(responsiveVoice.isPlaying()){\n                    responsiveVoice.cancel();\n                }else{\n                    responsiveVoice.speak(\"ENTES Y AUTORIDADES QUE LO VIGILAN. \u00a0Superintendencia de Notariado y RegistroEn el Art\u00edculo 4 del Decreto 2723 de 2014, \u201cPor el cual se modifica la estructura de la Superintendencia de Notariado y Registro\u201d\u00a0se dispone que:\u201cLa Superintendencia de Notariado y Registro tendr\u00e1 como objetivo la orientaci\u00f3n, inspecci\u00f3n, vigilancia y\u00a0control de los servicios p\u00fablicos que prestan los Notarios\u00a0y los Registradores de Instrumentos P\u00fablicos, la organizaci\u00f3n, administraci\u00f3n, sostenimiento, vigilancia y control de las Oficinas de Registro de Instrumentos P\u00fablicos, con el fin de garantizar la guarda de la fe p\u00fablica, la seguridad jur\u00eddica y administraci\u00f3n del servicio p\u00fablico registral inmobiliario, para que estos servicios se desarrollen conforme a la ley y bajo los principios de eficiencia, eficacia y efectividad.\u201d Sede Principal y Atenci\u00f3n al CiudadanoCalle 26 No. 13-49 Interior 201, Bogot\u00e1 D.C. Colombia.C\u00f3digo postal : # 110311 \u2013 110311000Nit: 899.999.007-0Horario de Atenci\u00f3n : 08:00 a.m a 05:00 p.m.Telefono \u2013 Conmutador : 57+(1) 328 2121Conmutador Atenci\u00f3n al Ciudadano : 57+(601) 328 2121Correo Institucional :correspondencia@supernotariado.gov.coSitio Web :https:\/\/www.supernotariado.gov.co\/\", \"Spanish Latin American Female\");\n                }\n            };\n        <\/script>\n    \t\t<\/div>\n\t\t\t\t<\/div>\n\t\t\t\t\t\t<\/div>\n\t\t\t\t\t<\/div>\n\t\t<\/div>\n\t\t\t\t\t\t\t\t<\/div>\n\t\t\t\t\t<\/div>\n\t\t<\/section>\n\t\t\t\t<section class=\"elementor-section elementor-top-section elementor-element elementor-element-83d99d6 elementor-section-boxed elementor-section-height-default elementor-section-height-default\" data-id=\"83d99d6\" data-element_type=\"section\">\n\t\t\t\t\t\t<div class=\"elementor-container elementor-column-gap-default\">\n\t\t\t\t\t\t\t<div class=\"elementor-row\">\n\t\t\t\t\t<div class=\"elementor-column elementor-col-100 elementor-top-column elementor-element elementor-element-82a0191\" data-id=\"82a0191\" data-element_type=\"column\">\n\t\t\t<div class=\"elementor-column-wrap elementor-element-populated\">\n\t\t\t\t\t\t\t<div class=\"elementor-widget-wrap\">\n\t\t\t\t\t\t<section class=\"elementor-section elementor-inner-section elementor-element elementor-element-b997443 elementor-section-boxed elementor-section-height-default elementor-section-height-default\" data-id=\"b997443\" data-element_type=\"section\">\n\t\t\t\t\t\t<div class=\"elementor-container elementor-column-gap-default\">\n\t\t\t\t\t\t\t<div class=\"elementor-row\">\n\t\t\t\t\t<div class=\"elementor-column elementor-col-50 elementor-inner-column elementor-element elementor-element-cc23d8c\" data-id=\"cc23d8c\" data-element_type=\"column\">\n\t\t\t<div class=\"elementor-column-wrap elementor-element-populated\">\n\t\t\t\t\t\t\t<div class=\"elementor-widget-wrap\">\n\t\t\t\t\t\t<div class=\"elementor-element elementor-element-739b1e9 elementor-widget elementor-widget-text-editor\" data-id=\"739b1e9\" data-element_type=\"widget\" data-widget_type=\"text-editor.default\">\n\t\t\t\t<div class=\"elementor-widget-container\">\n\t\t\t\t\t\t\t\t<div class=\"elementor-text-editor elementor-clearfix\">\n\t\t\t\t<h2><span style=\"color: var( --e-global-color-text ); font-family: var( --e-global-typography-text-font-family ), Sans-serif; background-color: transparent; font-size: 12px;\">\u00a0<\/span>Superintendencia de Notariado y Registro<\/h2><h6><span style=\"color: var( --e-global-color-text ); font-family: var( --e-global-typography-text-font-family ), Sans-serif; background-color: transparent; font-size: 12px;\">En el Art\u00edculo 4 del Decreto 2723 de 2014, \u201c<\/span><em style=\"color: var( --e-global-color-text ); font-family: var( --e-global-typography-text-font-family ), Sans-serif; background-color: transparent; font-size: 12px;\">Por el cual se modifica la estructura de la Superintendencia de Notariado y Registro\u201d<\/em><span style=\"color: var( --e-global-color-text ); font-family: var( --e-global-typography-text-font-family ), Sans-serif; background-color: transparent; font-size: 12px;\">\u00a0se dispone que:<\/span><\/h6><p><span style=\"font-weight: 600;\"><em>\u201cLa Superintendencia de Notariado y Registro tendr\u00e1 como objetivo la orientaci\u00f3n, inspecci\u00f3n, vigilancia y\u00a0control de los servicios p\u00fablicos que prestan los Notarios\u00a0y los Registradores de Instrumentos P\u00fablicos, la organizaci\u00f3n, administraci\u00f3n, sostenimiento, vigilancia y control de las Oficinas de Registro de Instrumentos P\u00fablicos, con el fin de garantizar la guarda de la fe p\u00fablica, la seguridad jur\u00eddica y administraci\u00f3n del servicio p\u00fablico registral inmobiliario, para que estos servicios se desarrollen conforme a la ley y bajo los principios de eficiencia, eficacia y efectividad.\u201d<\/em><\/span><\/p>\t\t\t\t\t<\/div>\n\t\t\t\t\t\t<\/div>\n\t\t\t\t<\/div>\n\t\t\t\t\t\t<\/div>\n\t\t\t\t\t<\/div>\n\t\t<\/div>\n\t\t\t\t<div class=\"elementor-column elementor-col-50 elementor-inner-column elementor-element elementor-element-20e460a\" data-id=\"20e460a\" data-element_type=\"column\">\n\t\t\t<div class=\"elementor-column-wrap elementor-element-populated\">\n\t\t\t\t\t\t\t<div class=\"elementor-widget-wrap\">\n\t\t\t\t\t\t<div class=\"elementor-element elementor-element-4d1a275 elementor-widget elementor-widget-image\" data-id=\"4d1a275\" data-element_type=\"widget\" data-widget_type=\"image.default\">\n\t\t\t\t<div class=\"elementor-widget-container\">\n\t\t\t\t\t\t\t\t<div class=\"elementor-image\">\n\t\t\t\t\t\t\t\t\t\t\t\t<img width=\"301\" height=\"167\" src=\"https:\/\/notaria70bogota.com\/wp-content\/uploads\/2022\/06\/LOGO_SUPERNOTARIADO.png\" class=\"attachment-large size-large\" alt=\"LOGO DE LA SUPERINTENDENCIA DE NOTARIADO Y REGISTRO.\" loading=\"lazy\" srcset=\"https:\/\/notaria70bogota.com\/wp-content\/uploads\/2022\/06\/LOGO_SUPERNOTARIADO.png 301w, https:\/\/notaria70bogota.com\/wp-content\/uploads\/2022\/06\/LOGO_SUPERNOTARIADO-230x128.png 230w\" sizes=\"(max-width: 301px) 100vw, 301px\" \/>\t\t\t\t\t\t\t\t\t\t\t\t\t\t<\/div>\n\t\t\t\t\t\t<\/div>\n\t\t\t\t<\/div>\n\t\t\t\t<div class=\"elementor-element elementor-element-ef6849d elementor-widget elementor-widget-text-editor\" data-id=\"ef6849d\" data-element_type=\"widget\" data-widget_type=\"text-editor.default\">\n\t\t\t\t<div class=\"elementor-widget-container\">\n\t\t\t\t\t\t\t\t<div class=\"elementor-text-editor elementor-clearfix\">\n\t\t\t\t<h6><strong>Sede Principal y Atenci\u00f3n al Ciudadano<\/strong><br>Calle 26 No. 13-49 Interior 201, Bogot\u00e1 D.C. Colombia.<br>C\u00f3digo postal : # 110311 \u2013 110311000<br>Nit: 899.999.007-0<br>Horario de Atenci\u00f3n : 08:00 a.m a 05:00 p.m.<br>Telefono \u2013 Conmutador : 57+(1) 328 2121<br>Conmutador Atenci\u00f3n al Ciudadano : 57+(601) 328 2121&nbsp;<br>Correo Institucional :<a role=\"link\" href=\"mailto:correspondencia@supernotariado.gov.co\">&nbsp;correspondencia@supernotariado.gov.co<\/a><br>Sitio Web :&nbsp;&nbsp;<a role=\"link\" href=\"https:\/\/www.supernotariado.gov.co\/\">https:\/\/www.supernotariado.gov.co\/<\/a><\/h6>\t\t\t\t\t<\/div>\n\t\t\t\t\t\t<\/div>\n\t\t\t\t<\/div>\n\t\t\t\t\t\t<\/div>\n\t\t\t\t\t<\/div>\n\t\t<\/div>\n\t\t\t\t\t\t\t\t<\/div>\n\t\t\t\t\t<\/div>\n\t\t<\/section>\n\t\t\t\t<div class=\"elementor-element elementor-element-f1894de elementor-widget elementor-widget-text-editor\" data-id=\"f1894de\" data-element_type=\"widget\" data-widget_type=\"text-editor.default\">\n\t\t\t\t<div class=\"elementor-widget-container\">\n\t\t\t\t\t\t\t\t<div class=\"elementor-text-editor elementor-clearfix\">\n\t\t\t\t\t\t\t\t\t<\/div>\n\t\t\t\t\t\t<\/div>\n\t\t\t\t<\/div>\n\t\t\t\t\t\t<\/div>\n\t\t\t\t\t<\/div>\n\t\t<\/div>\n\t\t\t\t\t\t\t\t<\/div>\n\t\t\t\t\t<\/div>\n\t\t<\/section>\n\t\t\t\t<section class=\"elementor-section elementor-top-section elementor-element elementor-element-9fc9d62 elementor-section-boxed elementor-section-height-default elementor-section-height-default\" data-id=\"9fc9d62\" data-element_type=\"section\">\n\t\t\t\t\t\t<div class=\"elementor-container elementor-column-gap-default\">\n\t\t\t\t\t\t\t<div class=\"elementor-row\">\n\t\t\t\t\t<div class=\"elementor-column elementor-col-16 elementor-top-column elementor-element elementor-element-53ffc50\" data-id=\"53ffc50\" data-element_type=\"column\">\n\t\t\t<div class=\"elementor-column-wrap elementor-element-populated\">\n\t\t\t\t\t\t\t<div class=\"elementor-widget-wrap\">\n\t\t\t\t\t\t<div class=\"elementor-element elementor-element-b03e84f elementor-widget elementor-widget-image\" data-id=\"b03e84f\" data-element_type=\"widget\" data-widget_type=\"image.default\">\n\t\t\t\t<div class=\"elementor-widget-container\">\n\t\t\t\t\t\t\t\t<div class=\"elementor-image\">\n\t\t\t\t\t\t\t\t\t\t\t\t\t<a href=\"https:\/\/unobog.com\/\" target=\"_blank\">\n\t\t\t\t\t\t\t<img width=\"232\" height=\"78\" src=\"https:\/\/notaria70bogota.com\/wp-content\/uploads\/2020\/10\/unobog.jpg\" class=\"attachment-medium size-medium\" alt=\"LOGO UNOBOG\" loading=\"lazy\" srcset=\"https:\/\/notaria70bogota.com\/wp-content\/uploads\/2020\/10\/unobog.jpg 232w, https:\/\/notaria70bogota.com\/wp-content\/uploads\/2020\/10\/unobog-230x77.jpg 230w\" sizes=\"(max-width: 232px) 100vw, 232px\" \/>\t\t\t\t\t\t\t\t<\/a>\n\t\t\t\t\t\t\t\t\t\t\t\t\t\t<\/div>\n\t\t\t\t\t\t<\/div>\n\t\t\t\t<\/div>\n\t\t\t\t\t\t<\/div>\n\t\t\t\t\t<\/div>\n\t\t<\/div>\n\t\t\t\t<div class=\"elementor-column elementor-col-16 elementor-top-column elementor-element elementor-element-9bdd1af\" data-id=\"9bdd1af\" data-element_type=\"column\">\n\t\t\t<div class=\"elementor-column-wrap elementor-element-populated\">\n\t\t\t\t\t\t\t<div class=\"elementor-widget-wrap\">\n\t\t\t\t\t\t<div class=\"elementor-element elementor-element-06f6445 elementor-widget elementor-widget-image\" data-id=\"06f6445\" data-element_type=\"widget\" data-widget_type=\"image.default\">\n\t\t\t\t<div class=\"elementor-widget-container\">\n\t\t\t\t\t\t\t\t<div class=\"elementor-image\">\n\t\t\t\t\t\t\t\t\t\t\t\t\t<a href=\"https:\/\/www.ucnc.com.co\/sitio\/\" target=\"_blank\">\n\t\t\t\t\t\t\t<img width=\"135\" height=\"47\" src=\"https:\/\/notaria70bogota.com\/wp-content\/uploads\/2020\/10\/union-colegiada.png\" class=\"attachment-medium size-medium\" alt=\"LOGO UNION COLEGIADA DEL NOTARIADO COLOMBIANO\" loading=\"lazy\" \/>\t\t\t\t\t\t\t\t<\/a>\n\t\t\t\t\t\t\t\t\t\t\t\t\t\t<\/div>\n\t\t\t\t\t\t<\/div>\n\t\t\t\t<\/div>\n\t\t\t\t\t\t<\/div>\n\t\t\t\t\t<\/div>\n\t\t<\/div>\n\t\t\t\t<div class=\"elementor-column elementor-col-16 elementor-top-column elementor-element elementor-element-a776327\" data-id=\"a776327\" data-element_type=\"column\">\n\t\t\t<div class=\"elementor-column-wrap elementor-element-populated\">\n\t\t\t\t\t\t\t<div class=\"elementor-widget-wrap\">\n\t\t\t\t\t\t<div class=\"elementor-element elementor-element-e954fc9 elementor-widget elementor-widget-image\" data-id=\"e954fc9\" data-element_type=\"widget\" data-widget_type=\"image.default\">\n\t\t\t\t<div class=\"elementor-widget-container\">\n\t\t\t\t\t\t\t\t<div class=\"elementor-image\">\n\t\t\t\t\t\t\t\t\t\t\t\t\t<a href=\"https:\/\/www.supernotariado.gov.co\/\" target=\"_blank\">\n\t\t\t\t\t\t\t<img width=\"135\" height=\"47\" src=\"https:\/\/notaria70bogota.com\/wp-content\/uploads\/2020\/10\/snr.png\" class=\"attachment-medium size-medium\" alt=\"LOGO SUPERINTENDENCIA DE NOTARIADO Y REGISTRO\" loading=\"lazy\" \/>\t\t\t\t\t\t\t\t<\/a>\n\t\t\t\t\t\t\t\t\t\t\t\t\t\t<\/div>\n\t\t\t\t\t\t<\/div>\n\t\t\t\t<\/div>\n\t\t\t\t\t\t<\/div>\n\t\t\t\t\t<\/div>\n\t\t<\/div>\n\t\t\t\t<div class=\"elementor-column elementor-col-16 elementor-top-column elementor-element elementor-element-a8513dc\" data-id=\"a8513dc\" data-element_type=\"column\">\n\t\t\t<div class=\"elementor-column-wrap elementor-element-populated\">\n\t\t\t\t\t\t\t<div class=\"elementor-widget-wrap\">\n\t\t\t\t\t\t<div class=\"elementor-element elementor-element-f85a757 elementor-widget elementor-widget-image\" data-id=\"f85a757\" data-element_type=\"widget\" data-widget_type=\"image.default\">\n\t\t\t\t<div class=\"elementor-widget-container\">\n\t\t\t\t\t\t\t\t<div class=\"elementor-image\">\n\t\t\t\t\t\t\t\t\t\t\t\t\t<a href=\"http:\/\/www.minjusticia.gov.co\/\" target=\"_blank\">\n\t\t\t\t\t\t\t<img width=\"135\" height=\"47\" src=\"https:\/\/notaria70bogota.com\/wp-content\/uploads\/2020\/10\/minjusticia_0.png\" class=\"attachment-medium size-medium\" alt=\"LOGO MINJUSTICIA\" loading=\"lazy\" \/>\t\t\t\t\t\t\t\t<\/a>\n\t\t\t\t\t\t\t\t\t\t\t\t\t\t<\/div>\n\t\t\t\t\t\t<\/div>\n\t\t\t\t<\/div>\n\t\t\t\t\t\t<\/div>\n\t\t\t\t\t<\/div>\n\t\t<\/div>\n\t\t\t\t<div class=\"elementor-column elementor-col-16 elementor-top-column elementor-element elementor-element-b8f44fd\" data-id=\"b8f44fd\" data-element_type=\"column\">\n\t\t\t<div class=\"elementor-column-wrap elementor-element-populated\">\n\t\t\t\t\t\t\t<div class=\"elementor-widget-wrap\">\n\t\t\t\t\t\t<div class=\"elementor-element elementor-element-77229e6 elementor-widget elementor-widget-image\" data-id=\"77229e6\" data-element_type=\"widget\" data-widget_type=\"image.default\">\n\t\t\t\t<div class=\"elementor-widget-container\">\n\t\t\t\t\t\t\t\t<div class=\"elementor-image\">\n\t\t\t\t\t\t\t\t\t\t\t\t\t<a href=\"https:\/\/idm.presidencia.gov.co\/presidencia\" target=\"_blank\">\n\t\t\t\t\t\t\t<img width=\"432\" height=\"85\" src=\"https:\/\/notaria70bogota.com\/wp-content\/uploads\/2020\/11\/Presidencia-logo.png\" class=\"attachment-large size-large\" alt=\"Logo y pagina de la Presidencia\" loading=\"lazy\" srcset=\"https:\/\/notaria70bogota.com\/wp-content\/uploads\/2020\/11\/Presidencia-logo.png 432w, https:\/\/notaria70bogota.com\/wp-content\/uploads\/2020\/11\/Presidencia-logo-300x59.png 300w, https:\/\/notaria70bogota.com\/wp-content\/uploads\/2020\/11\/Presidencia-logo-230x45.png 230w, https:\/\/notaria70bogota.com\/wp-content\/uploads\/2020\/11\/Presidencia-logo-350x69.png 350w\" sizes=\"(max-width: 432px) 100vw, 432px\" \/>\t\t\t\t\t\t\t\t<\/a>\n\t\t\t\t\t\t\t\t\t\t\t\t\t\t<\/div>\n\t\t\t\t\t\t<\/div>\n\t\t\t\t<\/div>\n\t\t\t\t\t\t<\/div>\n\t\t\t\t\t<\/div>\n\t\t<\/div>\n\t\t\t\t<div class=\"elementor-column elementor-col-16 elementor-top-column elementor-element elementor-element-f333dc7\" data-id=\"f333dc7\" data-element_type=\"column\">\n\t\t\t<div class=\"elementor-column-wrap elementor-element-populated\">\n\t\t\t\t\t\t\t<div class=\"elementor-widget-wrap\">\n\t\t\t\t\t\t<div class=\"elementor-element elementor-element-434e5d8 elementor-widget elementor-widget-image\" data-id=\"434e5d8\" data-element_type=\"widget\" data-widget_type=\"image.default\">\n\t\t\t\t<div class=\"elementor-widget-container\">\n\t\t\t\t\t\t\t\t<div class=\"elementor-image\">\n\t\t\t\t\t\t\t\t\t\t\t\t\t<a href=\"https:\/\/www.uinl.org\/\" target=\"_blank\">\n\t\t\t\t\t\t\t<img width=\"300\" height=\"76\" src=\"https:\/\/notaria70bogota.com\/wp-content\/uploads\/2020\/10\/unnamed-300x76.gif\" class=\"attachment-medium size-medium\" alt=\"UNI\u00d3N INTERNACIONAL DEL NOTARIADO LATINO\" loading=\"lazy\" srcset=\"https:\/\/notaria70bogota.com\/wp-content\/uploads\/2020\/10\/unnamed-300x76.gif 300w, https:\/\/notaria70bogota.com\/wp-content\/uploads\/2020\/10\/unnamed-230x58.gif 230w, https:\/\/notaria70bogota.com\/wp-content\/uploads\/2020\/10\/unnamed-350x88.gif 350w\" sizes=\"(max-width: 300px) 100vw, 300px\" \/>\t\t\t\t\t\t\t\t<\/a>\n\t\t\t\t\t\t\t\t\t\t\t\t\t\t<\/div>\n\t\t\t\t\t\t<\/div>\n\t\t\t\t<\/div>\n\t\t\t\t\t\t<\/div>\n\t\t\t\t\t<\/div>\n\t\t<\/div>\n\t\t\t\t\t\t\t\t<\/div>\n\t\t\t\t\t<\/div>\n\t\t<\/section>\n\t\t\t\t\t\t\t\t\t<\/div>\n\t\t\t<\/div>\n\t\t\t\t\t<\/div>\n\t\t","protected":false},"excerpt":{"rendered":"<p>ENTES Y AUTORIDADES QUE LO VIGILAN. \u00a0Superintendencia de Notariado y Registro En el Art\u00edculo 4 del Decreto 2723 de 2014, \u201cPor el cual se modifica la estructura de la Superintendencia de Notariado y Registro\u201d\u00a0se dispone que: \u201cLa Superintendencia de Notariado y Registro tendr\u00e1 como objetivo la orientaci\u00f3n, inspecci\u00f3n, vigilancia y\u00a0control de los servicios p\u00fablicos que prestan los Notarios\u00a0y los Registradores [&hellip;]<\/p>\n","protected":false},"author":2,"featured_media":0,"parent":0,"menu_order":0,"comment_status":"closed","ping_status":"closed","template":"page-templates\/page_front-page.php","meta":{"_EventAllDay":false,"_EventTimezone":"","_EventStartDate":"","_EventEndDate":"","_EventStartDateUTC":"","_EventEndDateUTC":"","_EventShowMap":false,"_EventShowMapLink":false,"_EventURL":"","_EventCost":"","_EventCostDescription":"","_EventCurrencySymbol":"","_EventCurrencyPosition":"","_EventDateTimeSeparator":"","_EventTimeRangeSeparator":"","_EventOrganizerID":[],"_EventVenueID":0,"_OrganizerEmail":"","_OrganizerPhone":"","_OrganizerWebsite":"","_VenueAddress":"","_VenueCity":"","_VenueCountry":"","_VenueProvince":"","_VenueZip":"","_VenuePhone":"","_VenueURL":"","_VenueStateProvince":"","_VenueLat":"","_VenueLng":""},"_links":{"self":[{"href":"https:\/\/notaria70bogota.com\/index.php\/wp-json\/wp\/v2\/pages\/6622"}],"collection":[{"href":"https:\/\/notaria70bogota.com\/index.php\/wp-json\/wp\/v2\/pages"}],"about":[{"href":"https:\/\/notaria70bogota.com\/index.php\/wp-json\/wp\/v2\/types\/page"}],"author":[{"embeddable":true,"href":"https:\/\/notaria70bogota.com\/index.php\/wp-json\/wp\/v2\/users\/2"}],"replies":[{"embeddable":true,"href":"https:\/\/notaria70bogota.com\/index.php\/wp-json\/wp\/v2\/comments?post=6622"}],"version-history":[{"count":29,"href":"https:\/\/notaria70bogota.com\/index.php\/wp-json\/wp\/v2\/pages\/6622\/revisions"}],"predecessor-version":[{"id":8790,"href":"https:\/\/notaria70bogota.com\/index.php\/wp-json\/wp\/v2\/pages\/6622\/revisions\/8790"}],"wp:attachment":[{"href":"https:\/\/notaria70bogota.com\/index.php\/wp-json\/wp\/v2\/media?parent=6622"}],"curies":[{"name":"wp","href":"https:\/\/api.w.org\/{rel}","templated":true}]}}