{"id":3688,"date":"2020-11-13T20:45:07","date_gmt":"2020-11-13T20:45:07","guid":{"rendered":"https:\/\/notaria70bogota.com\/?page_id=3688"},"modified":"2022-07-25T18:38:50","modified_gmt":"2022-07-25T18:38:50","slug":"poblacionvulnerable","status":"publish","type":"page","link":"https:\/\/notaria70bogota.com\/index.php\/poblacionvulnerable\/","title":{"rendered":"PoblacionVulnerable"},"content":{"rendered":"\t\t<div data-elementor-type=\"wp-page\" data-elementor-id=\"3688\" class=\"elementor elementor-3688\">\n\t\t\t\t\t\t<div class=\"elementor-inner\">\n\t\t\t\t<div class=\"elementor-section-wrap\">\n\t\t\t\t\t\t\t\t\t<section class=\"elementor-section elementor-top-section elementor-element elementor-element-82e667c elementor-section-boxed elementor-section-height-default elementor-section-height-default\" data-id=\"82e667c\" data-element_type=\"section\">\n\t\t\t\t\t\t<div class=\"elementor-container elementor-column-gap-default\">\n\t\t\t\t\t\t\t<div class=\"elementor-row\">\n\t\t\t\t\t<div class=\"elementor-column elementor-col-50 elementor-top-column elementor-element elementor-element-c802147\" data-id=\"c802147\" data-element_type=\"column\">\n\t\t\t<div class=\"elementor-column-wrap elementor-element-populated\">\n\t\t\t\t\t\t\t<div class=\"elementor-widget-wrap\">\n\t\t\t\t\t\t<div class=\"elementor-element elementor-element-20a5081 elementor-view-default elementor-widget elementor-widget-icon\" data-id=\"20a5081\" data-element_type=\"widget\" data-widget_type=\"icon.default\">\n\t\t\t\t<div class=\"elementor-widget-container\">\n\t\t\t\t\t<div class=\"elementor-icon-wrapper\">\n\t\t\t<div class=\"elementor-icon\">\n\t\t\t<i aria-hidden=\"true\" class=\"fas fa-box-open\"><\/i>\t\t\t<\/div>\n\t\t<\/div>\n\t\t\t\t<\/div>\n\t\t\t\t<\/div>\n\t\t\t\t\t\t<\/div>\n\t\t\t\t\t<\/div>\n\t\t<\/div>\n\t\t\t\t<div class=\"elementor-column elementor-col-50 elementor-top-column elementor-element elementor-element-6c96450\" data-id=\"6c96450\" data-element_type=\"column\">\n\t\t\t<div class=\"elementor-column-wrap elementor-element-populated\">\n\t\t\t\t\t\t\t<div class=\"elementor-widget-wrap\">\n\t\t\t\t\t\t<div class=\"elementor-element elementor-element-4254281 elementor-widget elementor-widget-heading\" data-id=\"4254281\" data-element_type=\"widget\" data-widget_type=\"heading.default\">\n\t\t\t\t<div class=\"elementor-widget-container\">\n\t\t\t<h2 class=\"elementor-heading-title elementor-size-default\">POBLACI\u00d3N VULNERABLE.<\/h2>\t\t<\/div>\n\t\t\t\t<\/div>\n\t\t\t\t\t\t<\/div>\n\t\t\t\t\t<\/div>\n\t\t<\/div>\n\t\t\t\t\t\t\t\t<\/div>\n\t\t\t\t\t<\/div>\n\t\t<\/section>\n\t\t\t\t<section class=\"elementor-section elementor-top-section elementor-element elementor-element-5187352 elementor-section-boxed elementor-section-height-default elementor-section-height-default\" data-id=\"5187352\" data-element_type=\"section\">\n\t\t\t\t\t\t<div class=\"elementor-container elementor-column-gap-default\">\n\t\t\t\t\t\t\t<div class=\"elementor-row\">\n\t\t\t\t\t<div class=\"elementor-column elementor-col-100 elementor-top-column elementor-element elementor-element-c9718d7\" data-id=\"c9718d7\" data-element_type=\"column\">\n\t\t\t<div class=\"elementor-column-wrap elementor-element-populated\">\n\t\t\t\t\t\t\t<div class=\"elementor-widget-wrap\">\n\t\t\t\t\t\t<div class=\"elementor-element elementor-element-18eb488 elementor-widget elementor-widget-html\" data-id=\"18eb488\" data-element_type=\"widget\" data-widget_type=\"html.default\">\n\t\t\t\t<div class=\"elementor-widget-container\">\n\t\t\t<button id=\"listenButton1\" class=\"responsivevoice-button\" type=\"button\" value=\"Play\" title=\"ResponsiveVoice Tap to Start\/Stop Speech\"><span>&#128266; Escuchar Texto<\/span><\/button>\n        <script>\n            listenButton1.onclick = function(){\n                if(responsiveVoice.isPlaying()){\n                    responsiveVoice.cancel();\n                }else{\n                    responsiveVoice.speak(\"POBLACI\u00d3N VULNERABLE. INFORMACION PARA POBLACION VULNERABLE. El Gobierno Nacional ha establecido medidas de protecci\u00f3n para la poblaci\u00f3n vulnerable\u00a0 y ha soportado en el sector notarial la aplicaci\u00f3n de algunas de ellas. Dichas medidas consisten en prerrogativas o beneficios a nivel personal o econ\u00f3mico.Dentro de \u00e9stas se encuentran las dirigidas a:Personas en condici\u00f3n de discapacidadExenci\u00f3n del pago de derechos notariales en los tr\u00e1mites de reconocimiento de documentos privados (art\u00edculo 37 literal i)\u00a0de la Resoluci\u00f3n 01299 de 2020).Ni\u00f1os exp\u00f3sitos.Exenci\u00f3n del pago de derechos notariales de las declaraciones extraproceso que se rindan para la inscripci\u00f3n del nacimiento de exp\u00f3sitos y\/o hijos de padres desconocidos (art\u00edculo 37 literal d) de la Resoluci\u00f3n 01299 de 2020).Madres o padres cabeza de familia.Exenci\u00f3n del pago de derechos notariales de las declaraciones extraproceso referidas a su condici\u00f3n de tal (art\u00edculo 2 de la Ley 82 de 1993). Miembros de comunidades ind\u00edgenas.Exenci\u00f3n del pago de derechos notariales de las escrituras p\u00fablicas por medio de las cuales realicen el cambio de nombre y la correcci\u00f3n de errores u omisiones en sus registros civiles (art\u00edculo 37 literal v) de la Resoluci\u00f3n 01299 de 2020).Personas de nacionalidad venezolana.Acceso a la nacionalidad colombiana de los nacidos en Colombia desde el 1 de enero de 2015 hasta el 16 de septiembre de 2021, hijos de padres venezolanos en situaci\u00f3n migratoria regular o irregular, o solicitantes de refugio (art\u00edculo 7\u00ba. de la Resoluci\u00f3n 8470 de 2019 de la Registradur\u00eda Nacional del Estado Civil, par\u00e1grafo del art\u00edculo 2\u00ba. de la Ley 1997 de 2019)\", \"Spanish Latin American Female\");\n                }\n            };\n        <\/script>\n    \t\t<\/div>\n\t\t\t\t<\/div>\n\t\t\t\t<div class=\"elementor-element elementor-element-4264427 elementor-widget elementor-widget-spacer\" data-id=\"4264427\" data-element_type=\"widget\" data-widget_type=\"spacer.default\">\n\t\t\t\t<div class=\"elementor-widget-container\">\n\t\t\t\t\t<div class=\"elementor-spacer\">\n\t\t\t<div class=\"elementor-spacer-inner\"><\/div>\n\t\t<\/div>\n\t\t\t\t<\/div>\n\t\t\t\t<\/div>\n\t\t\t\t<div class=\"elementor-element elementor-element-5c44198 elementor-widget elementor-widget-heading\" data-id=\"5c44198\" data-element_type=\"widget\" data-widget_type=\"heading.default\">\n\t\t\t\t<div class=\"elementor-widget-container\">\n\t\t\t<h3 class=\"elementor-heading-title elementor-size-default\">INFORMACION PARA POBLACION VULNERABLE.<\/h3>\t\t<\/div>\n\t\t\t\t<\/div>\n\t\t\t\t<div class=\"elementor-element elementor-element-cae0d78 elementor-widget elementor-widget-text-editor\" data-id=\"cae0d78\" data-element_type=\"widget\" data-widget_type=\"text-editor.default\">\n\t\t\t\t<div class=\"elementor-widget-container\">\n\t\t\t\t\t\t\t\t<div class=\"elementor-text-editor elementor-clearfix\">\n\t\t\t\t<p><strong>El Gobierno Nacional ha establecido medidas de protecci\u00f3n para la poblaci\u00f3n vulnerable\u00a0 y ha soportado en el sector notarial la aplicaci\u00f3n de algunas de ellas. Dichas medidas consisten en prerrogativas o beneficios a nivel personal o econ\u00f3mico.<\/strong><\/p>\t\t\t\t\t<\/div>\n\t\t\t\t\t\t<\/div>\n\t\t\t\t<\/div>\n\t\t\t\t<section class=\"elementor-section elementor-inner-section elementor-element elementor-element-bad2b65 elementor-section-boxed elementor-section-height-default elementor-section-height-default\" data-id=\"bad2b65\" data-element_type=\"section\">\n\t\t\t\t\t\t<div class=\"elementor-container elementor-column-gap-default\">\n\t\t\t\t\t\t\t<div class=\"elementor-row\">\n\t\t\t\t\t<div class=\"elementor-column elementor-col-50 elementor-inner-column elementor-element elementor-element-6fd1a31\" data-id=\"6fd1a31\" data-element_type=\"column\">\n\t\t\t<div class=\"elementor-column-wrap elementor-element-populated\">\n\t\t\t\t\t\t\t<div class=\"elementor-widget-wrap\">\n\t\t\t\t\t\t<div class=\"elementor-element elementor-element-bfba515 elementor-widget elementor-widget-text-editor\" data-id=\"bfba515\" data-element_type=\"widget\" data-widget_type=\"text-editor.default\">\n\t\t\t\t<div class=\"elementor-widget-container\">\n\t\t\t\t\t\t\t\t<div class=\"elementor-text-editor elementor-clearfix\">\n\t\t\t\t<p><strong>Dentro de \u00e9stas se encuentran las dirigidas a:<\/strong><\/p><ul><li><strong>Personas en condici\u00f3n de discapacidad<\/strong><\/li><\/ul><p><strong>Exenci\u00f3n del pago de derechos notariales en los tr\u00e1mites de reconocimiento de documentos privados <span style=\"color: #3366ff;\">(art\u00edculo 37 literal i)\u00a0de la Resoluci\u00f3n 01299 de 2020).<\/span><\/strong><\/p><ul><li><strong>Ni\u00f1os exp\u00f3sitos.<\/strong><\/li><\/ul><p><strong>Exenci\u00f3n del pago de derechos notariales de las declaraciones extraproceso que se rindan para la inscripci\u00f3n del nacimiento de exp\u00f3sitos y\/o hijos de padres desconocidos <span style=\"color: #3366ff;\">(art\u00edculo 37 literal d) de la Resoluci\u00f3n 01299 de 2020).<\/span><\/strong><\/p><ul><li><strong>Madres o padres cabeza de familia.<\/strong><\/li><\/ul><p><strong>Exenci\u00f3n del pago de derechos notariales de las declaraciones extraproceso referidas a su condici\u00f3n de tal <span style=\"color: #3366ff;\">(art\u00edculo 2 de la Ley 82 de 1993).<\/span><\/strong><\/p>\t\t\t\t\t<\/div>\n\t\t\t\t\t\t<\/div>\n\t\t\t\t<\/div>\n\t\t\t\t\t\t<\/div>\n\t\t\t\t\t<\/div>\n\t\t<\/div>\n\t\t\t\t<div class=\"elementor-column elementor-col-50 elementor-inner-column elementor-element elementor-element-2948e9f\" data-id=\"2948e9f\" data-element_type=\"column\">\n\t\t\t<div class=\"elementor-column-wrap elementor-element-populated\">\n\t\t\t\t\t\t\t<div class=\"elementor-widget-wrap\">\n\t\t\t\t\t\t<div class=\"elementor-element elementor-element-443e8cc elementor-widget elementor-widget-image\" data-id=\"443e8cc\" data-element_type=\"widget\" data-widget_type=\"image.default\">\n\t\t\t\t<div class=\"elementor-widget-container\">\n\t\t\t\t\t\t\t\t<div class=\"elementor-image\">\n\t\t\t\t\t\t\t\t\t\t\t\t<img width=\"682\" height=\"511\" src=\"https:\/\/notaria70bogota.com\/wp-content\/uploads\/2020\/11\/DISCAPACIDAD.jpg\" class=\"attachment-large size-large\" alt=\"POBLACI\u00d3N VULNERABLE - DISCAPACIDAD\" loading=\"lazy\" srcset=\"https:\/\/notaria70bogota.com\/wp-content\/uploads\/2020\/11\/DISCAPACIDAD.jpg 682w, https:\/\/notaria70bogota.com\/wp-content\/uploads\/2020\/11\/DISCAPACIDAD-300x225.jpg 300w, https:\/\/notaria70bogota.com\/wp-content\/uploads\/2020\/11\/DISCAPACIDAD-230x172.jpg 230w, https:\/\/notaria70bogota.com\/wp-content\/uploads\/2020\/11\/DISCAPACIDAD-350x262.jpg 350w, https:\/\/notaria70bogota.com\/wp-content\/uploads\/2020\/11\/DISCAPACIDAD-480x360.jpg 480w\" sizes=\"(max-width: 682px) 100vw, 682px\" \/>\t\t\t\t\t\t\t\t\t\t\t\t\t\t<\/div>\n\t\t\t\t\t\t<\/div>\n\t\t\t\t<\/div>\n\t\t\t\t\t\t<\/div>\n\t\t\t\t\t<\/div>\n\t\t<\/div>\n\t\t\t\t\t\t\t\t<\/div>\n\t\t\t\t\t<\/div>\n\t\t<\/section>\n\t\t\t\t<section class=\"elementor-section elementor-inner-section elementor-element elementor-element-a722fcf elementor-section-boxed elementor-section-height-default elementor-section-height-default\" data-id=\"a722fcf\" data-element_type=\"section\">\n\t\t\t\t\t\t<div class=\"elementor-container elementor-column-gap-default\">\n\t\t\t\t\t\t\t<div class=\"elementor-row\">\n\t\t\t\t\t<div class=\"elementor-column elementor-col-50 elementor-inner-column elementor-element elementor-element-de57723\" data-id=\"de57723\" data-element_type=\"column\">\n\t\t\t<div class=\"elementor-column-wrap elementor-element-populated\">\n\t\t\t\t\t\t\t<div class=\"elementor-widget-wrap\">\n\t\t\t\t\t\t<div class=\"elementor-element elementor-element-932fd68 elementor-widget elementor-widget-image\" data-id=\"932fd68\" data-element_type=\"widget\" data-widget_type=\"image.default\">\n\t\t\t\t<div class=\"elementor-widget-container\">\n\t\t\t\t\t\t\t\t<div class=\"elementor-image\">\n\t\t\t\t\t\t\t\t\t\t\t\t<img width=\"299\" height=\"169\" src=\"https:\/\/notaria70bogota.com\/wp-content\/uploads\/2020\/11\/INDIGENAS.jpg\" class=\"attachment-large size-large\" alt=\"POBLACION VULNERABLE - INDIGENAS\" loading=\"lazy\" srcset=\"https:\/\/notaria70bogota.com\/wp-content\/uploads\/2020\/11\/INDIGENAS.jpg 299w, https:\/\/notaria70bogota.com\/wp-content\/uploads\/2020\/11\/INDIGENAS-230x130.jpg 230w\" sizes=\"(max-width: 299px) 100vw, 299px\" \/>\t\t\t\t\t\t\t\t\t\t\t\t\t\t<\/div>\n\t\t\t\t\t\t<\/div>\n\t\t\t\t<\/div>\n\t\t\t\t\t\t<\/div>\n\t\t\t\t\t<\/div>\n\t\t<\/div>\n\t\t\t\t<div class=\"elementor-column elementor-col-50 elementor-inner-column elementor-element elementor-element-5f9e0a4\" data-id=\"5f9e0a4\" data-element_type=\"column\">\n\t\t\t<div class=\"elementor-column-wrap elementor-element-populated\">\n\t\t\t\t\t\t\t<div class=\"elementor-widget-wrap\">\n\t\t\t\t\t\t<div class=\"elementor-element elementor-element-8300ce0 elementor-widget elementor-widget-text-editor\" data-id=\"8300ce0\" data-element_type=\"widget\" data-widget_type=\"text-editor.default\">\n\t\t\t\t<div class=\"elementor-widget-container\">\n\t\t\t\t\t\t\t\t<div class=\"elementor-text-editor elementor-clearfix\">\n\t\t\t\t<ul><li><strong>Miembros de comunidades ind\u00edgenas.<\/strong><\/li><\/ul><p><strong>Exenci\u00f3n del pago de derechos notariales de las escrituras p\u00fablicas por medio de las cuales realicen el cambio de nombre y la correcci\u00f3n de errores u omisiones en sus registros civiles <span style=\"color: #3366ff;\">(art\u00edculo 37 literal v) de la Resoluci\u00f3n 01299 de 2020).<\/span><\/strong><\/p><ul><li><strong>Personas de nacionalidad venezolana.<\/strong><\/li><\/ul><p><strong>Acceso a la nacionalidad colombiana de los nacidos en Colombia desde el 1 de enero de 2015 hasta el 16 de septiembre de 2021, hijos de padres venezolanos en situaci\u00f3n migratoria regular o irregular, o solicitantes de refugio (<span style=\"color: #3366ff;\">art\u00edculo 7\u00ba. de la Resoluci\u00f3n 8470 de 2019<\/span> de la Registradur\u00eda Nacional del Estado Civil, par\u00e1grafo del <span style=\"color: #3366ff;\">art\u00edculo 2\u00ba. de la Ley 1997 de 2019<\/span>)<\/strong><\/p>\t\t\t\t\t<\/div>\n\t\t\t\t\t\t<\/div>\n\t\t\t\t<\/div>\n\t\t\t\t\t\t<\/div>\n\t\t\t\t\t<\/div>\n\t\t<\/div>\n\t\t\t\t\t\t\t\t<\/div>\n\t\t\t\t\t<\/div>\n\t\t<\/section>\n\t\t\t\t\t\t<\/div>\n\t\t\t\t\t<\/div>\n\t\t<\/div>\n\t\t\t\t\t\t\t\t<\/div>\n\t\t\t\t\t<\/div>\n\t\t<\/section>\n\t\t\t\t<section class=\"elementor-section elementor-top-section elementor-element elementor-element-e4dbded elementor-section-boxed elementor-section-height-default elementor-section-height-default\" data-id=\"e4dbded\" data-element_type=\"section\">\n\t\t\t\t\t\t<div class=\"elementor-container elementor-column-gap-default\">\n\t\t\t\t\t\t\t<div class=\"elementor-row\">\n\t\t\t\t\t<div class=\"elementor-column elementor-col-100 elementor-top-column elementor-element elementor-element-191d65f\" data-id=\"191d65f\" data-element_type=\"column\">\n\t\t\t<div class=\"elementor-column-wrap elementor-element-populated\">\n\t\t\t\t\t\t\t<div class=\"elementor-widget-wrap\">\n\t\t\t\t\t\t<div class=\"elementor-element elementor-element-0ce695e elementor-widget elementor-widget-spacer\" data-id=\"0ce695e\" data-element_type=\"widget\" data-widget_type=\"spacer.default\">\n\t\t\t\t<div class=\"elementor-widget-container\">\n\t\t\t\t\t<div class=\"elementor-spacer\">\n\t\t\t<div class=\"elementor-spacer-inner\"><\/div>\n\t\t<\/div>\n\t\t\t\t<\/div>\n\t\t\t\t<\/div>\n\t\t\t\t\t\t<\/div>\n\t\t\t\t\t<\/div>\n\t\t<\/div>\n\t\t\t\t\t\t\t\t<\/div>\n\t\t\t\t\t<\/div>\n\t\t<\/section>\n\t\t\t\t<section class=\"elementor-section elementor-top-section elementor-element elementor-element-15731a0 elementor-section-boxed elementor-section-height-default elementor-section-height-default\" data-id=\"15731a0\" data-element_type=\"section\">\n\t\t\t\t\t\t<div class=\"elementor-container elementor-column-gap-default\">\n\t\t\t\t\t\t\t<div class=\"elementor-row\">\n\t\t\t\t\t<div class=\"elementor-column elementor-col-100 elementor-top-column elementor-element elementor-element-d5905b9\" data-id=\"d5905b9\" data-element_type=\"column\">\n\t\t\t<div class=\"elementor-column-wrap\">\n\t\t\t\t\t\t\t<div class=\"elementor-widget-wrap\">\n\t\t\t\t\t\t\t\t<\/div>\n\t\t\t\t\t<\/div>\n\t\t<\/div>\n\t\t\t\t\t\t\t\t<\/div>\n\t\t\t\t\t<\/div>\n\t\t<\/section>\n\t\t\t\t<section class=\"elementor-section elementor-top-section elementor-element elementor-element-f7f7724 elementor-section-boxed elementor-section-height-default elementor-section-height-default\" data-id=\"f7f7724\" data-element_type=\"section\">\n\t\t\t\t\t\t<div class=\"elementor-container elementor-column-gap-default\">\n\t\t\t\t\t\t\t<div class=\"elementor-row\">\n\t\t\t\t\t<div class=\"elementor-column elementor-col-16 elementor-top-column elementor-element elementor-element-b6cdf28\" data-id=\"b6cdf28\" data-element_type=\"column\">\n\t\t\t<div class=\"elementor-column-wrap elementor-element-populated\">\n\t\t\t\t\t\t\t<div class=\"elementor-widget-wrap\">\n\t\t\t\t\t\t<div class=\"elementor-element elementor-element-95ae3ba elementor-widget elementor-widget-image\" data-id=\"95ae3ba\" data-element_type=\"widget\" data-widget_type=\"image.default\">\n\t\t\t\t<div class=\"elementor-widget-container\">\n\t\t\t\t\t\t\t\t<div class=\"elementor-image\">\n\t\t\t\t\t\t\t\t\t\t\t\t\t<a href=\"https:\/\/unobog.com\/\" target=\"_blank\">\n\t\t\t\t\t\t\t<img width=\"232\" height=\"78\" src=\"https:\/\/notaria70bogota.com\/wp-content\/uploads\/2020\/10\/unobog.jpg\" class=\"attachment-medium size-medium\" alt=\"LOGO UNOBOG\" loading=\"lazy\" srcset=\"https:\/\/notaria70bogota.com\/wp-content\/uploads\/2020\/10\/unobog.jpg 232w, https:\/\/notaria70bogota.com\/wp-content\/uploads\/2020\/10\/unobog-230x77.jpg 230w\" sizes=\"(max-width: 232px) 100vw, 232px\" \/>\t\t\t\t\t\t\t\t<\/a>\n\t\t\t\t\t\t\t\t\t\t\t\t\t\t<\/div>\n\t\t\t\t\t\t<\/div>\n\t\t\t\t<\/div>\n\t\t\t\t\t\t<\/div>\n\t\t\t\t\t<\/div>\n\t\t<\/div>\n\t\t\t\t<div class=\"elementor-column elementor-col-16 elementor-top-column elementor-element elementor-element-9244b56\" data-id=\"9244b56\" data-element_type=\"column\">\n\t\t\t<div class=\"elementor-column-wrap elementor-element-populated\">\n\t\t\t\t\t\t\t<div class=\"elementor-widget-wrap\">\n\t\t\t\t\t\t<div class=\"elementor-element elementor-element-8d7b6b1 elementor-widget elementor-widget-image\" data-id=\"8d7b6b1\" data-element_type=\"widget\" data-widget_type=\"image.default\">\n\t\t\t\t<div class=\"elementor-widget-container\">\n\t\t\t\t\t\t\t\t<div class=\"elementor-image\">\n\t\t\t\t\t\t\t\t\t\t\t\t\t<a href=\"https:\/\/www.ucnc.com.co\/sitio\/\" target=\"_blank\">\n\t\t\t\t\t\t\t<img width=\"135\" height=\"47\" src=\"https:\/\/notaria70bogota.com\/wp-content\/uploads\/2020\/10\/union-colegiada.png\" class=\"attachment-medium size-medium\" alt=\"LOGO UNION COLEGIADA DEL NOTARIADO COLOMBIANO\" loading=\"lazy\" \/>\t\t\t\t\t\t\t\t<\/a>\n\t\t\t\t\t\t\t\t\t\t\t\t\t\t<\/div>\n\t\t\t\t\t\t<\/div>\n\t\t\t\t<\/div>\n\t\t\t\t\t\t<\/div>\n\t\t\t\t\t<\/div>\n\t\t<\/div>\n\t\t\t\t<div class=\"elementor-column elementor-col-16 elementor-top-column elementor-element elementor-element-df70858\" data-id=\"df70858\" data-element_type=\"column\">\n\t\t\t<div class=\"elementor-column-wrap elementor-element-populated\">\n\t\t\t\t\t\t\t<div class=\"elementor-widget-wrap\">\n\t\t\t\t\t\t<div class=\"elementor-element elementor-element-0bfa8cb elementor-widget elementor-widget-image\" data-id=\"0bfa8cb\" data-element_type=\"widget\" data-widget_type=\"image.default\">\n\t\t\t\t<div class=\"elementor-widget-container\">\n\t\t\t\t\t\t\t\t<div class=\"elementor-image\">\n\t\t\t\t\t\t\t\t\t\t\t\t\t<a href=\"https:\/\/www.supernotariado.gov.co\/\" target=\"_blank\">\n\t\t\t\t\t\t\t<img width=\"135\" height=\"47\" src=\"https:\/\/notaria70bogota.com\/wp-content\/uploads\/2020\/10\/snr.png\" class=\"attachment-medium size-medium\" alt=\"LOGO SUPERINTENDENCIA DE NOTARIADO Y REGISTRO\" loading=\"lazy\" \/>\t\t\t\t\t\t\t\t<\/a>\n\t\t\t\t\t\t\t\t\t\t\t\t\t\t<\/div>\n\t\t\t\t\t\t<\/div>\n\t\t\t\t<\/div>\n\t\t\t\t\t\t<\/div>\n\t\t\t\t\t<\/div>\n\t\t<\/div>\n\t\t\t\t<div class=\"elementor-column elementor-col-16 elementor-top-column elementor-element elementor-element-9c1bf09\" data-id=\"9c1bf09\" data-element_type=\"column\">\n\t\t\t<div class=\"elementor-column-wrap elementor-element-populated\">\n\t\t\t\t\t\t\t<div class=\"elementor-widget-wrap\">\n\t\t\t\t\t\t<div class=\"elementor-element elementor-element-b733ac4 elementor-widget elementor-widget-image\" data-id=\"b733ac4\" data-element_type=\"widget\" data-widget_type=\"image.default\">\n\t\t\t\t<div class=\"elementor-widget-container\">\n\t\t\t\t\t\t\t\t<div class=\"elementor-image\">\n\t\t\t\t\t\t\t\t\t\t\t\t\t<a href=\"http:\/\/www.minjusticia.gov.co\/\" target=\"_blank\">\n\t\t\t\t\t\t\t<img width=\"135\" height=\"47\" src=\"https:\/\/notaria70bogota.com\/wp-content\/uploads\/2020\/10\/minjusticia_0.png\" class=\"attachment-medium size-medium\" alt=\"LOGO MINJUSTICIA\" loading=\"lazy\" \/>\t\t\t\t\t\t\t\t<\/a>\n\t\t\t\t\t\t\t\t\t\t\t\t\t\t<\/div>\n\t\t\t\t\t\t<\/div>\n\t\t\t\t<\/div>\n\t\t\t\t\t\t<\/div>\n\t\t\t\t\t<\/div>\n\t\t<\/div>\n\t\t\t\t<div class=\"elementor-column elementor-col-16 elementor-top-column elementor-element elementor-element-5ef82ee\" data-id=\"5ef82ee\" data-element_type=\"column\">\n\t\t\t<div class=\"elementor-column-wrap elementor-element-populated\">\n\t\t\t\t\t\t\t<div class=\"elementor-widget-wrap\">\n\t\t\t\t\t\t<div class=\"elementor-element elementor-element-3851d9a elementor-widget elementor-widget-image\" data-id=\"3851d9a\" data-element_type=\"widget\" data-widget_type=\"image.default\">\n\t\t\t\t<div class=\"elementor-widget-container\">\n\t\t\t\t\t\t\t\t<div class=\"elementor-image\">\n\t\t\t\t\t\t\t\t\t\t\t\t\t<a href=\"https:\/\/idm.presidencia.gov.co\/presidencia\" target=\"_blank\">\n\t\t\t\t\t\t\t<img width=\"432\" height=\"85\" src=\"https:\/\/notaria70bogota.com\/wp-content\/uploads\/2020\/11\/Presidencia-logo.png\" class=\"attachment-large size-large\" alt=\"Logo y pagina de la Presidencia\" loading=\"lazy\" srcset=\"https:\/\/notaria70bogota.com\/wp-content\/uploads\/2020\/11\/Presidencia-logo.png 432w, https:\/\/notaria70bogota.com\/wp-content\/uploads\/2020\/11\/Presidencia-logo-300x59.png 300w, https:\/\/notaria70bogota.com\/wp-content\/uploads\/2020\/11\/Presidencia-logo-230x45.png 230w, https:\/\/notaria70bogota.com\/wp-content\/uploads\/2020\/11\/Presidencia-logo-350x69.png 350w\" sizes=\"(max-width: 432px) 100vw, 432px\" \/>\t\t\t\t\t\t\t\t<\/a>\n\t\t\t\t\t\t\t\t\t\t\t\t\t\t<\/div>\n\t\t\t\t\t\t<\/div>\n\t\t\t\t<\/div>\n\t\t\t\t\t\t<\/div>\n\t\t\t\t\t<\/div>\n\t\t<\/div>\n\t\t\t\t<div class=\"elementor-column elementor-col-16 elementor-top-column elementor-element elementor-element-852b33c\" data-id=\"852b33c\" data-element_type=\"column\">\n\t\t\t<div class=\"elementor-column-wrap elementor-element-populated\">\n\t\t\t\t\t\t\t<div class=\"elementor-widget-wrap\">\n\t\t\t\t\t\t<div class=\"elementor-element elementor-element-ee33b4a elementor-widget elementor-widget-image\" data-id=\"ee33b4a\" data-element_type=\"widget\" data-widget_type=\"image.default\">\n\t\t\t\t<div class=\"elementor-widget-container\">\n\t\t\t\t\t\t\t\t<div class=\"elementor-image\">\n\t\t\t\t\t\t\t\t\t\t\t\t\t<a href=\"https:\/\/www.uinl.org\/\" target=\"_blank\">\n\t\t\t\t\t\t\t<img width=\"300\" height=\"76\" src=\"https:\/\/notaria70bogota.com\/wp-content\/uploads\/2020\/10\/unnamed-300x76.gif\" class=\"attachment-medium size-medium\" alt=\"UNI\u00d3N INTERNACIONAL DEL NOTARIADO LATINO\" loading=\"lazy\" srcset=\"https:\/\/notaria70bogota.com\/wp-content\/uploads\/2020\/10\/unnamed-300x76.gif 300w, https:\/\/notaria70bogota.com\/wp-content\/uploads\/2020\/10\/unnamed-230x58.gif 230w, https:\/\/notaria70bogota.com\/wp-content\/uploads\/2020\/10\/unnamed-350x88.gif 350w\" sizes=\"(max-width: 300px) 100vw, 300px\" \/>\t\t\t\t\t\t\t\t<\/a>\n\t\t\t\t\t\t\t\t\t\t\t\t\t\t<\/div>\n\t\t\t\t\t\t<\/div>\n\t\t\t\t<\/div>\n\t\t\t\t\t\t<\/div>\n\t\t\t\t\t<\/div>\n\t\t<\/div>\n\t\t\t\t\t\t\t\t<\/div>\n\t\t\t\t\t<\/div>\n\t\t<\/section>\n\t\t\t\t\t\t\t\t\t<\/div>\n\t\t\t<\/div>\n\t\t\t\t\t<\/div>\n\t\t","protected":false},"excerpt":{"rendered":"<p>POBLACI\u00d3N VULNERABLE. INFORMACION PARA POBLACION VULNERABLE. El Gobierno Nacional ha establecido medidas de protecci\u00f3n para la poblaci\u00f3n vulnerable\u00a0 y ha soportado en el sector notarial la aplicaci\u00f3n de algunas de ellas. Dichas medidas consisten en prerrogativas o beneficios a nivel personal o econ\u00f3mico. Dentro de \u00e9stas se encuentran las dirigidas a: Personas en condici\u00f3n de discapacidad Exenci\u00f3n del pago de [&hellip;]<\/p>\n","protected":false},"author":2,"featured_media":0,"parent":0,"menu_order":0,"comment_status":"closed","ping_status":"closed","template":"page-templates\/page_front-page.php","meta":{"_EventAllDay":false,"_EventTimezone":"","_EventStartDate":"","_EventEndDate":"","_EventStartDateUTC":"","_EventEndDateUTC":"","_EventShowMap":false,"_EventShowMapLink":false,"_EventURL":"","_EventCost":"","_EventCostDescription":"","_EventCurrencySymbol":"","_EventCurrencyPosition":"","_EventDateTimeSeparator":"","_EventTimeRangeSeparator":"","_EventOrganizerID":[],"_EventVenueID":0,"_OrganizerEmail":"","_OrganizerPhone":"","_OrganizerWebsite":"","_VenueAddress":"","_VenueCity":"","_VenueCountry":"","_VenueProvince":"","_VenueZip":"","_VenuePhone":"","_VenueURL":"","_VenueStateProvince":"","_VenueLat":"","_VenueLng":""},"_links":{"self":[{"href":"https:\/\/notaria70bogota.com\/index.php\/wp-json\/wp\/v2\/pages\/3688"}],"collection":[{"href":"https:\/\/notaria70bogota.com\/index.php\/wp-json\/wp\/v2\/pages"}],"about":[{"href":"https:\/\/notaria70bogota.com\/index.php\/wp-json\/wp\/v2\/types\/page"}],"author":[{"embeddable":true,"href":"https:\/\/notaria70bogota.com\/index.php\/wp-json\/wp\/v2\/users\/2"}],"replies":[{"embeddable":true,"href":"https:\/\/notaria70bogota.com\/index.php\/wp-json\/wp\/v2\/comments?post=3688"}],"version-history":[{"count":26,"href":"https:\/\/notaria70bogota.com\/index.php\/wp-json\/wp\/v2\/pages\/3688\/revisions"}],"predecessor-version":[{"id":7338,"href":"https:\/\/notaria70bogota.com\/index.php\/wp-json\/wp\/v2\/pages\/3688\/revisions\/7338"}],"wp:attachment":[{"href":"https:\/\/notaria70bogota.com\/index.php\/wp-json\/wp\/v2\/media?parent=3688"}],"curies":[{"name":"wp","href":"https:\/\/api.w.org\/{rel}","templated":true}]}}