{"id":3559,"date":"2020-11-12T17:15:35","date_gmt":"2020-11-12T17:15:35","guid":{"rendered":"https:\/\/notaria70bogota.com\/?page_id=3559"},"modified":"2025-08-29T19:10:11","modified_gmt":"2025-08-29T19:10:11","slug":"inventariodebienes","status":"publish","type":"page","link":"https:\/\/notaria70bogota.com\/index.php\/inventariodebienes\/","title":{"rendered":"InventarioDeBienes"},"content":{"rendered":"\t\t<div data-elementor-type=\"wp-page\" data-elementor-id=\"3559\" class=\"elementor elementor-3559\">\n\t\t\t\t\t\t<div class=\"elementor-inner\">\n\t\t\t\t<div class=\"elementor-section-wrap\">\n\t\t\t\t\t\t\t\t\t<section class=\"elementor-section elementor-top-section elementor-element elementor-element-3d78a4f elementor-section-boxed elementor-section-height-default elementor-section-height-default\" data-id=\"3d78a4f\" data-element_type=\"section\">\n\t\t\t\t\t\t<div class=\"elementor-container elementor-column-gap-default\">\n\t\t\t\t\t\t\t<div class=\"elementor-row\">\n\t\t\t\t\t<div class=\"elementor-column elementor-col-50 elementor-top-column elementor-element elementor-element-9050de2\" data-id=\"9050de2\" data-element_type=\"column\">\n\t\t\t<div class=\"elementor-column-wrap elementor-element-populated\">\n\t\t\t\t\t\t\t<div class=\"elementor-widget-wrap\">\n\t\t\t\t\t\t<div class=\"elementor-element elementor-element-9c3fd6c elementor-view-default elementor-widget elementor-widget-icon\" data-id=\"9c3fd6c\" data-element_type=\"widget\" data-widget_type=\"icon.default\">\n\t\t\t\t<div class=\"elementor-widget-container\">\n\t\t\t\t\t<div class=\"elementor-icon-wrapper\">\n\t\t\t<div class=\"elementor-icon\">\n\t\t\t<i aria-hidden=\"true\" class=\"fas fa-hourglass-half\"><\/i>\t\t\t<\/div>\n\t\t<\/div>\n\t\t\t\t<\/div>\n\t\t\t\t<\/div>\n\t\t\t\t\t\t<\/div>\n\t\t\t\t\t<\/div>\n\t\t<\/div>\n\t\t\t\t<div class=\"elementor-column elementor-col-50 elementor-top-column elementor-element elementor-element-1a8dfa7\" data-id=\"1a8dfa7\" data-element_type=\"column\">\n\t\t\t<div class=\"elementor-column-wrap elementor-element-populated\">\n\t\t\t\t\t\t\t<div class=\"elementor-widget-wrap\">\n\t\t\t\t\t\t<div class=\"elementor-element elementor-element-025e8ad elementor-widget elementor-widget-heading\" data-id=\"025e8ad\" data-element_type=\"widget\" data-widget_type=\"heading.default\">\n\t\t\t\t<div class=\"elementor-widget-container\">\n\t\t\t<h2 class=\"elementor-heading-title elementor-size-default\">INVENTARIO SOLEMNE DE BIENES<\/h2>\t\t<\/div>\n\t\t\t\t<\/div>\n\t\t\t\t\t\t<\/div>\n\t\t\t\t\t<\/div>\n\t\t<\/div>\n\t\t\t\t\t\t\t\t<\/div>\n\t\t\t\t\t<\/div>\n\t\t<\/section>\n\t\t\t\t<section class=\"elementor-section elementor-top-section elementor-element elementor-element-772cfb5 elementor-section-boxed elementor-section-height-default elementor-section-height-default\" data-id=\"772cfb5\" data-element_type=\"section\">\n\t\t\t\t\t\t<div class=\"elementor-container elementor-column-gap-default\">\n\t\t\t\t\t\t\t<div class=\"elementor-row\">\n\t\t\t\t\t<div class=\"elementor-column elementor-col-100 elementor-top-column elementor-element elementor-element-b3f3b45\" data-id=\"b3f3b45\" data-element_type=\"column\">\n\t\t\t<div class=\"elementor-column-wrap elementor-element-populated\">\n\t\t\t\t\t\t\t<div class=\"elementor-widget-wrap\">\n\t\t\t\t\t\t<div class=\"elementor-element elementor-element-d369f48 elementor-widget elementor-widget-heading\" data-id=\"d369f48\" data-element_type=\"widget\" data-widget_type=\"heading.default\">\n\t\t\t\t<div class=\"elementor-widget-container\">\n\t\t\t<h3 class=\"elementor-heading-title elementor-size-default\">(Decreto 1664 de 2015, Art. 2.2.6.15.2.3.1. al Art. 2.2.6.15.2.3.8.).<\/h3>\t\t<\/div>\n\t\t\t\t<\/div>\n\t\t\t\t<div class=\"elementor-element elementor-element-34904c6 elementor-widget elementor-widget-html\" data-id=\"34904c6\" data-element_type=\"widget\" data-widget_type=\"html.default\">\n\t\t\t\t<div class=\"elementor-widget-container\">\n\t\t\t<button id=\"listenButton1\" class=\"responsivevoice-button\" type=\"button\" value=\"Play\" title=\"ResponsiveVoice Tap to Start\/Stop Speech\"><span>&#128266; Escuchar Texto<\/span><\/button>\n        <script>\n            listenButton1.onclick = function(){\n                if(responsiveVoice.isPlaying()){\n                    responsiveVoice.cancel();\n                }else{\n                    responsiveVoice.speak(\"INVENTARIO SOLEMNE DE BIENES (Decreto 1664 de 2015, Art. 2.2.6.15.2.3.1. al Art. 2.2.6.15.2.3.8.). El inventario solemne de bienes es un procedimiento mediante el cual se busca proteger los intereses de los menores de edad o mayores incapaces que existen cuando uno de sus padres decide contraer matrimonio civil, declarar la existencia de su uni\u00f3n marital de hecho o de su sociedad patrimonial de hecho, con una persona diferente al otro progenitor de los mismos. REQUISITOS El interesado presentar\u00e1 la solicitud para obtener el inventario de bienes de los menores de edad y\/o mayores incapaces, ante el notario del c\u00edrculo donde vaya o vayan a contraer matrimonio, declarar la uni\u00f3n marital de hecho o sociedad patrimonial de hecho o ante el notario del domicilio del solicitante. Esta solicitud se entiende formulada bajo la gravedad del juramento. Descargar aqu\u00ed el Formulario.Copia del registro civil de nacimiento del hijo menor y\/o del mayor incapaz, v\u00e1lida para acreditar parentesco, con las respectivas notas marginales, seg\u00fan el caso.En caso de existir bienes en cabeza de los menores de edad o mayores incapaces, se deben aportar, los documentos que acrediten el derecho de dominio de los mismos. PROCEDIMIENTO Presentada la solicitud, el notario designar\u00e1 un Curador Especial de la lista oficial de auxiliares de la justicia conformada por el Consejo Superior de la Judicatura para estos efectos.En el caso de existir bienes, el inventario deber\u00e1 ser presentado por el curador, ante el Notario, y dicho documento ser\u00e1 solemnizado a trav\u00e9s del otorgamiento de escritura p\u00fablica.En los casos de inexistencia de bienes, el curador deber\u00e1 as\u00ed manifestarlo mediante declaraci\u00f3n extraproceso que se protocolizar\u00e1 en la respectiva escritura p\u00fablica de matrimonio civil, declaraci\u00f3n de existencia de uni\u00f3n marital de hecho o constituci\u00f3n de sociedad patrimonial de hecho ante notario.\", \"Spanish Latin American Female\");\n                }\n            };\n        <\/script>\n    \t\t<\/div>\n\t\t\t\t<\/div>\n\t\t\t\t<section class=\"elementor-section elementor-inner-section elementor-element elementor-element-d770dc2 elementor-section-boxed elementor-section-height-default elementor-section-height-default\" data-id=\"d770dc2\" data-element_type=\"section\">\n\t\t\t\t\t\t<div class=\"elementor-container elementor-column-gap-default\">\n\t\t\t\t\t\t\t<div class=\"elementor-row\">\n\t\t\t\t\t<div class=\"elementor-column elementor-col-50 elementor-inner-column elementor-element elementor-element-dc04db7\" data-id=\"dc04db7\" data-element_type=\"column\">\n\t\t\t<div class=\"elementor-column-wrap elementor-element-populated\">\n\t\t\t\t\t\t\t<div class=\"elementor-widget-wrap\">\n\t\t\t\t\t\t<div class=\"elementor-element elementor-element-88b26c7 elementor-widget elementor-widget-text-editor\" data-id=\"88b26c7\" data-element_type=\"widget\" data-widget_type=\"text-editor.default\">\n\t\t\t\t<div class=\"elementor-widget-container\">\n\t\t\t\t\t\t\t\t<div class=\"elementor-text-editor elementor-clearfix\">\n\t\t\t\t<h6><strong>El inventario solemne de bienes es un procedimiento mediante el cual se busca proteger los intereses de los menores de edad o mayores incapaces que existen cuando uno de sus padres decide contraer matrimonio civil, declarar la existencia de su uni\u00f3n marital de hecho o de su sociedad patrimonial de hecho, con una persona diferente al otro progenitor de los mismos.<\/strong><\/h6>\t\t\t\t\t<\/div>\n\t\t\t\t\t\t<\/div>\n\t\t\t\t<\/div>\n\t\t\t\t\t\t<\/div>\n\t\t\t\t\t<\/div>\n\t\t<\/div>\n\t\t\t\t<div class=\"elementor-column elementor-col-50 elementor-inner-column elementor-element elementor-element-b3acdf7\" data-id=\"b3acdf7\" data-element_type=\"column\">\n\t\t\t<div class=\"elementor-column-wrap elementor-element-populated\">\n\t\t\t\t\t\t\t<div class=\"elementor-widget-wrap\">\n\t\t\t\t\t\t<div class=\"elementor-element elementor-element-f19ad26 elementor-widget elementor-widget-image\" data-id=\"f19ad26\" data-element_type=\"widget\" data-widget_type=\"image.default\">\n\t\t\t\t<div class=\"elementor-widget-container\">\n\t\t\t\t\t\t\t\t<div class=\"elementor-image\">\n\t\t\t\t\t\t\t\t\t\t\t\t<img width=\"554\" height=\"415\" src=\"https:\/\/notaria70bogota.com\/wp-content\/uploads\/2020\/11\/inventario-solemne.jpg\" class=\"attachment-large size-large\" alt=\"CASA PARA UNA INVENTARIO SOLEMNE DE BIENES\" loading=\"lazy\" srcset=\"https:\/\/notaria70bogota.com\/wp-content\/uploads\/2020\/11\/inventario-solemne.jpg 554w, https:\/\/notaria70bogota.com\/wp-content\/uploads\/2020\/11\/inventario-solemne-300x225.jpg 300w, https:\/\/notaria70bogota.com\/wp-content\/uploads\/2020\/11\/inventario-solemne-230x172.jpg 230w, https:\/\/notaria70bogota.com\/wp-content\/uploads\/2020\/11\/inventario-solemne-350x262.jpg 350w, https:\/\/notaria70bogota.com\/wp-content\/uploads\/2020\/11\/inventario-solemne-480x360.jpg 480w\" sizes=\"(max-width: 554px) 100vw, 554px\" \/>\t\t\t\t\t\t\t\t\t\t\t\t\t\t<\/div>\n\t\t\t\t\t\t<\/div>\n\t\t\t\t<\/div>\n\t\t\t\t\t\t<\/div>\n\t\t\t\t\t<\/div>\n\t\t<\/div>\n\t\t\t\t\t\t\t\t<\/div>\n\t\t\t\t\t<\/div>\n\t\t<\/section>\n\t\t\t\t\t\t<\/div>\n\t\t\t\t\t<\/div>\n\t\t<\/div>\n\t\t\t\t\t\t\t\t<\/div>\n\t\t\t\t\t<\/div>\n\t\t<\/section>\n\t\t\t\t<section class=\"elementor-section elementor-top-section elementor-element elementor-element-163779e elementor-section-boxed elementor-section-height-default elementor-section-height-default\" data-id=\"163779e\" data-element_type=\"section\">\n\t\t\t\t\t\t<div class=\"elementor-container elementor-column-gap-default\">\n\t\t\t\t\t\t\t<div class=\"elementor-row\">\n\t\t\t\t\t<div class=\"elementor-column elementor-col-100 elementor-top-column elementor-element elementor-element-36a2e44\" data-id=\"36a2e44\" data-element_type=\"column\">\n\t\t\t<div class=\"elementor-column-wrap elementor-element-populated\">\n\t\t\t\t\t\t\t<div class=\"elementor-widget-wrap\">\n\t\t\t\t\t\t<div class=\"elementor-element elementor-element-e3dc560 elementor-widget elementor-widget-heading\" data-id=\"e3dc560\" data-element_type=\"widget\" data-widget_type=\"heading.default\">\n\t\t\t\t<div class=\"elementor-widget-container\">\n\t\t\t<h3 class=\"elementor-heading-title elementor-size-default\">REQUISITOS<\/h3>\t\t<\/div>\n\t\t\t\t<\/div>\n\t\t\t\t<div class=\"elementor-element elementor-element-04e4677 elementor-widget elementor-widget-text-editor\" data-id=\"04e4677\" data-element_type=\"widget\" data-widget_type=\"text-editor.default\">\n\t\t\t\t<div class=\"elementor-widget-container\">\n\t\t\t\t\t\t\t\t<div class=\"elementor-text-editor elementor-clearfix\">\n\t\t\t\t<ul><li><h6><strong>El interesado presentar\u00e1 la solicitud para obtener el inventario de bienes de los menores de edad y\/o mayores incapaces, ante el notario del c\u00edrculo donde vaya o vayan a contraer matrimonio, declarar la uni\u00f3n marital de hecho o sociedad patrimonial de hecho o ante el notario del domicilio del solicitante. Esta solicitud se entiende formulada bajo la gravedad del juramento. <a href=\"https:\/\/notaria70bogota.com\/index.php\/formatos\/\" target=\"_blank\" rel=\"noopener\">Descargar aqu\u00ed el Formulario.<\/a><\/strong><\/h6><\/li><li><h6><strong>Copia del registro civil de nacimiento del hijo menor y\/o del mayor incapaz, v\u00e1lida para acreditar parentesco, con las respectivas notas marginales, seg\u00fan el caso.<\/strong><\/h6><\/li><li><h6><strong>En caso de existir bienes en cabeza de los menores de edad o mayores incapaces, se deben aportar, los documentos que acrediten el derecho de dominio de los mismos.<\/strong><\/h6><\/li><\/ul>\t\t\t\t\t<\/div>\n\t\t\t\t\t\t<\/div>\n\t\t\t\t<\/div>\n\t\t\t\t<div class=\"elementor-element elementor-element-7f28a2b elementor-widget elementor-widget-heading\" data-id=\"7f28a2b\" data-element_type=\"widget\" data-widget_type=\"heading.default\">\n\t\t\t\t<div class=\"elementor-widget-container\">\n\t\t\t<h3 class=\"elementor-heading-title elementor-size-default\">PROCEDIMIENTO<\/h3>\t\t<\/div>\n\t\t\t\t<\/div>\n\t\t\t\t<div class=\"elementor-element elementor-element-af05e1c elementor-widget elementor-widget-text-editor\" data-id=\"af05e1c\" data-element_type=\"widget\" data-widget_type=\"text-editor.default\">\n\t\t\t\t<div class=\"elementor-widget-container\">\n\t\t\t\t\t\t\t\t<div class=\"elementor-text-editor elementor-clearfix\">\n\t\t\t\t<ul><li><h6><strong>Presentada la solicitud, el notario designar\u00e1 un Curador Especial de la lista oficial de auxiliares de la justicia conformada por el Consejo Superior de la Judicatura para estos efectos.<\/strong><\/h6><\/li><li><h6><strong>En el caso de existir bienes, el inventario deber\u00e1 ser presentado por el curador, ante el Notario, y dicho documento ser\u00e1 solemnizado a trav\u00e9s del otorgamiento de escritura p\u00fablica.<\/strong><\/h6><\/li><li><h6><strong>En los casos de inexistencia de bienes, el curador deber\u00e1 as\u00ed manifestarlo mediante declaraci\u00f3n extraproceso que se protocolizar\u00e1 en la respectiva escritura p\u00fablica de matrimonio civil, declaraci\u00f3n de existencia de uni\u00f3n marital de hecho o constituci\u00f3n de sociedad patrimonial de hecho ante notario.<\/strong><\/h6><\/li><\/ul>\t\t\t\t\t<\/div>\n\t\t\t\t\t\t<\/div>\n\t\t\t\t<\/div>\n\t\t\t\t\t\t<\/div>\n\t\t\t\t\t<\/div>\n\t\t<\/div>\n\t\t\t\t\t\t\t\t<\/div>\n\t\t\t\t\t<\/div>\n\t\t<\/section>\n\t\t\t\t<section class=\"elementor-section elementor-top-section elementor-element elementor-element-8373460 elementor-section-boxed elementor-section-height-default elementor-section-height-default\" data-id=\"8373460\" data-element_type=\"section\">\n\t\t\t\t\t\t<div class=\"elementor-container elementor-column-gap-default\">\n\t\t\t\t\t\t\t<div class=\"elementor-row\">\n\t\t\t\t\t<div class=\"elementor-column elementor-col-100 elementor-top-column elementor-element elementor-element-e548ade\" data-id=\"e548ade\" data-element_type=\"column\">\n\t\t\t<div class=\"elementor-column-wrap elementor-element-populated\">\n\t\t\t\t\t\t\t<div class=\"elementor-widget-wrap\">\n\t\t\t\t\t\t<div class=\"elementor-element elementor-element-7b6fa03 elementor-widget elementor-widget-spacer\" data-id=\"7b6fa03\" data-element_type=\"widget\" data-widget_type=\"spacer.default\">\n\t\t\t\t<div class=\"elementor-widget-container\">\n\t\t\t\t\t<div class=\"elementor-spacer\">\n\t\t\t<div class=\"elementor-spacer-inner\"><\/div>\n\t\t<\/div>\n\t\t\t\t<\/div>\n\t\t\t\t<\/div>\n\t\t\t\t\t\t<\/div>\n\t\t\t\t\t<\/div>\n\t\t<\/div>\n\t\t\t\t\t\t\t\t<\/div>\n\t\t\t\t\t<\/div>\n\t\t<\/section>\n\t\t\t\t<section class=\"elementor-section elementor-top-section elementor-element elementor-element-32778d5 elementor-section-boxed elementor-section-height-default elementor-section-height-default\" data-id=\"32778d5\" data-element_type=\"section\">\n\t\t\t\t\t\t<div class=\"elementor-container elementor-column-gap-default\">\n\t\t\t\t\t\t\t<div class=\"elementor-row\">\n\t\t\t\t\t<div class=\"elementor-column elementor-col-100 elementor-top-column elementor-element elementor-element-8173379\" data-id=\"8173379\" data-element_type=\"column\">\n\t\t\t<div class=\"elementor-column-wrap\">\n\t\t\t\t\t\t\t<div class=\"elementor-widget-wrap\">\n\t\t\t\t\t\t\t\t<\/div>\n\t\t\t\t\t<\/div>\n\t\t<\/div>\n\t\t\t\t\t\t\t\t<\/div>\n\t\t\t\t\t<\/div>\n\t\t<\/section>\n\t\t\t\t<section class=\"elementor-section elementor-top-section elementor-element elementor-element-b32271f elementor-section-boxed elementor-section-height-default elementor-section-height-default\" data-id=\"b32271f\" data-element_type=\"section\">\n\t\t\t\t\t\t<div class=\"elementor-container elementor-column-gap-default\">\n\t\t\t\t\t\t\t<div class=\"elementor-row\">\n\t\t\t\t\t<div class=\"elementor-column elementor-col-16 elementor-top-column elementor-element elementor-element-9f77dbc\" data-id=\"9f77dbc\" data-element_type=\"column\">\n\t\t\t<div class=\"elementor-column-wrap elementor-element-populated\">\n\t\t\t\t\t\t\t<div class=\"elementor-widget-wrap\">\n\t\t\t\t\t\t<div class=\"elementor-element elementor-element-18df7e6 elementor-widget elementor-widget-image\" data-id=\"18df7e6\" data-element_type=\"widget\" data-widget_type=\"image.default\">\n\t\t\t\t<div class=\"elementor-widget-container\">\n\t\t\t\t\t\t\t\t<div class=\"elementor-image\">\n\t\t\t\t\t\t\t\t\t\t\t\t\t<a href=\"https:\/\/unobog.com\/\" target=\"_blank\">\n\t\t\t\t\t\t\t<img width=\"232\" height=\"78\" src=\"https:\/\/notaria70bogota.com\/wp-content\/uploads\/2020\/10\/unobog.jpg\" class=\"attachment-medium size-medium\" alt=\"LOGO UNOBOG\" loading=\"lazy\" srcset=\"https:\/\/notaria70bogota.com\/wp-content\/uploads\/2020\/10\/unobog.jpg 232w, https:\/\/notaria70bogota.com\/wp-content\/uploads\/2020\/10\/unobog-230x77.jpg 230w\" sizes=\"(max-width: 232px) 100vw, 232px\" \/>\t\t\t\t\t\t\t\t<\/a>\n\t\t\t\t\t\t\t\t\t\t\t\t\t\t<\/div>\n\t\t\t\t\t\t<\/div>\n\t\t\t\t<\/div>\n\t\t\t\t\t\t<\/div>\n\t\t\t\t\t<\/div>\n\t\t<\/div>\n\t\t\t\t<div class=\"elementor-column elementor-col-16 elementor-top-column elementor-element elementor-element-b0756e6\" data-id=\"b0756e6\" data-element_type=\"column\">\n\t\t\t<div class=\"elementor-column-wrap elementor-element-populated\">\n\t\t\t\t\t\t\t<div class=\"elementor-widget-wrap\">\n\t\t\t\t\t\t<div class=\"elementor-element elementor-element-a740bc1 elementor-widget elementor-widget-image\" data-id=\"a740bc1\" data-element_type=\"widget\" data-widget_type=\"image.default\">\n\t\t\t\t<div class=\"elementor-widget-container\">\n\t\t\t\t\t\t\t\t<div class=\"elementor-image\">\n\t\t\t\t\t\t\t\t\t\t\t\t\t<a href=\"https:\/\/www.ucnc.com.co\/sitio\/\" target=\"_blank\">\n\t\t\t\t\t\t\t<img width=\"135\" height=\"47\" src=\"https:\/\/notaria70bogota.com\/wp-content\/uploads\/2020\/10\/union-colegiada.png\" class=\"attachment-medium size-medium\" alt=\"LOGO UNION COLEGIADA DEL NOTARIADO COLOMBIANO\" loading=\"lazy\" \/>\t\t\t\t\t\t\t\t<\/a>\n\t\t\t\t\t\t\t\t\t\t\t\t\t\t<\/div>\n\t\t\t\t\t\t<\/div>\n\t\t\t\t<\/div>\n\t\t\t\t\t\t<\/div>\n\t\t\t\t\t<\/div>\n\t\t<\/div>\n\t\t\t\t<div class=\"elementor-column elementor-col-16 elementor-top-column elementor-element elementor-element-65ee0ee\" data-id=\"65ee0ee\" data-element_type=\"column\">\n\t\t\t<div class=\"elementor-column-wrap elementor-element-populated\">\n\t\t\t\t\t\t\t<div class=\"elementor-widget-wrap\">\n\t\t\t\t\t\t<div class=\"elementor-element elementor-element-db9d903 elementor-widget elementor-widget-image\" data-id=\"db9d903\" data-element_type=\"widget\" data-widget_type=\"image.default\">\n\t\t\t\t<div class=\"elementor-widget-container\">\n\t\t\t\t\t\t\t\t<div class=\"elementor-image\">\n\t\t\t\t\t\t\t\t\t\t\t\t\t<a href=\"https:\/\/www.supernotariado.gov.co\/\" target=\"_blank\">\n\t\t\t\t\t\t\t<img width=\"135\" height=\"47\" src=\"https:\/\/notaria70bogota.com\/wp-content\/uploads\/2020\/10\/snr.png\" class=\"attachment-medium size-medium\" alt=\"LOGO SUPERINTENDENCIA DE NOTARIADO Y REGISTRO\" loading=\"lazy\" \/>\t\t\t\t\t\t\t\t<\/a>\n\t\t\t\t\t\t\t\t\t\t\t\t\t\t<\/div>\n\t\t\t\t\t\t<\/div>\n\t\t\t\t<\/div>\n\t\t\t\t\t\t<\/div>\n\t\t\t\t\t<\/div>\n\t\t<\/div>\n\t\t\t\t<div class=\"elementor-column elementor-col-16 elementor-top-column elementor-element elementor-element-1b93514\" data-id=\"1b93514\" data-element_type=\"column\">\n\t\t\t<div class=\"elementor-column-wrap elementor-element-populated\">\n\t\t\t\t\t\t\t<div class=\"elementor-widget-wrap\">\n\t\t\t\t\t\t<div class=\"elementor-element elementor-element-e042064 elementor-widget elementor-widget-image\" data-id=\"e042064\" data-element_type=\"widget\" data-widget_type=\"image.default\">\n\t\t\t\t<div class=\"elementor-widget-container\">\n\t\t\t\t\t\t\t\t<div class=\"elementor-image\">\n\t\t\t\t\t\t\t\t\t\t\t\t\t<a href=\"http:\/\/www.minjusticia.gov.co\/\" target=\"_blank\">\n\t\t\t\t\t\t\t<img width=\"135\" height=\"47\" src=\"https:\/\/notaria70bogota.com\/wp-content\/uploads\/2020\/10\/minjusticia_0.png\" class=\"attachment-medium size-medium\" alt=\"LOGO MINJUSTICIA\" loading=\"lazy\" \/>\t\t\t\t\t\t\t\t<\/a>\n\t\t\t\t\t\t\t\t\t\t\t\t\t\t<\/div>\n\t\t\t\t\t\t<\/div>\n\t\t\t\t<\/div>\n\t\t\t\t\t\t<\/div>\n\t\t\t\t\t<\/div>\n\t\t<\/div>\n\t\t\t\t<div class=\"elementor-column elementor-col-16 elementor-top-column elementor-element elementor-element-5c48ab4\" data-id=\"5c48ab4\" data-element_type=\"column\">\n\t\t\t<div class=\"elementor-column-wrap elementor-element-populated\">\n\t\t\t\t\t\t\t<div class=\"elementor-widget-wrap\">\n\t\t\t\t\t\t<div class=\"elementor-element elementor-element-681607a elementor-widget elementor-widget-image\" data-id=\"681607a\" data-element_type=\"widget\" data-widget_type=\"image.default\">\n\t\t\t\t<div class=\"elementor-widget-container\">\n\t\t\t\t\t\t\t\t<div class=\"elementor-image\">\n\t\t\t\t\t\t\t\t\t\t\t\t\t<a href=\"https:\/\/idm.presidencia.gov.co\/presidencia\" target=\"_blank\">\n\t\t\t\t\t\t\t<img width=\"432\" height=\"85\" src=\"https:\/\/notaria70bogota.com\/wp-content\/uploads\/2020\/11\/Presidencia-logo.png\" class=\"attachment-large size-large\" alt=\"Logo y pagina de la Presidencia\" loading=\"lazy\" srcset=\"https:\/\/notaria70bogota.com\/wp-content\/uploads\/2020\/11\/Presidencia-logo.png 432w, https:\/\/notaria70bogota.com\/wp-content\/uploads\/2020\/11\/Presidencia-logo-300x59.png 300w, https:\/\/notaria70bogota.com\/wp-content\/uploads\/2020\/11\/Presidencia-logo-230x45.png 230w, https:\/\/notaria70bogota.com\/wp-content\/uploads\/2020\/11\/Presidencia-logo-350x69.png 350w\" sizes=\"(max-width: 432px) 100vw, 432px\" \/>\t\t\t\t\t\t\t\t<\/a>\n\t\t\t\t\t\t\t\t\t\t\t\t\t\t<\/div>\n\t\t\t\t\t\t<\/div>\n\t\t\t\t<\/div>\n\t\t\t\t\t\t<\/div>\n\t\t\t\t\t<\/div>\n\t\t<\/div>\n\t\t\t\t<div class=\"elementor-column elementor-col-16 elementor-top-column elementor-element elementor-element-fdfc379\" data-id=\"fdfc379\" data-element_type=\"column\">\n\t\t\t<div class=\"elementor-column-wrap elementor-element-populated\">\n\t\t\t\t\t\t\t<div class=\"elementor-widget-wrap\">\n\t\t\t\t\t\t<div class=\"elementor-element elementor-element-49e635b elementor-widget elementor-widget-image\" data-id=\"49e635b\" data-element_type=\"widget\" data-widget_type=\"image.default\">\n\t\t\t\t<div class=\"elementor-widget-container\">\n\t\t\t\t\t\t\t\t<div class=\"elementor-image\">\n\t\t\t\t\t\t\t\t\t\t\t\t\t<a href=\"https:\/\/www.uinl.org\/\" target=\"_blank\">\n\t\t\t\t\t\t\t<img width=\"300\" height=\"76\" src=\"https:\/\/notaria70bogota.com\/wp-content\/uploads\/2020\/10\/unnamed-300x76.gif\" class=\"attachment-medium size-medium\" alt=\"UNI\u00d3N INTERNACIONAL DEL NOTARIADO LATINO\" loading=\"lazy\" srcset=\"https:\/\/notaria70bogota.com\/wp-content\/uploads\/2020\/10\/unnamed-300x76.gif 300w, https:\/\/notaria70bogota.com\/wp-content\/uploads\/2020\/10\/unnamed-230x58.gif 230w, https:\/\/notaria70bogota.com\/wp-content\/uploads\/2020\/10\/unnamed-350x88.gif 350w\" sizes=\"(max-width: 300px) 100vw, 300px\" \/>\t\t\t\t\t\t\t\t<\/a>\n\t\t\t\t\t\t\t\t\t\t\t\t\t\t<\/div>\n\t\t\t\t\t\t<\/div>\n\t\t\t\t<\/div>\n\t\t\t\t\t\t<\/div>\n\t\t\t\t\t<\/div>\n\t\t<\/div>\n\t\t\t\t\t\t\t\t<\/div>\n\t\t\t\t\t<\/div>\n\t\t<\/section>\n\t\t\t\t\t\t\t\t\t<\/div>\n\t\t\t<\/div>\n\t\t\t\t\t<\/div>\n\t\t","protected":false},"excerpt":{"rendered":"<p>INVENTARIO SOLEMNE DE BIENES (Decreto 1664 de 2015, Art. 2.2.6.15.2.3.1. al Art. 2.2.6.15.2.3.8.). El inventario solemne de bienes es un procedimiento mediante el cual se busca proteger los intereses de los menores de edad o mayores incapaces que existen cuando uno de sus padres decide contraer matrimonio civil, declarar la existencia de su uni\u00f3n marital de hecho o de su [&hellip;]<\/p>\n","protected":false},"author":2,"featured_media":0,"parent":0,"menu_order":0,"comment_status":"closed","ping_status":"closed","template":"page-templates\/page_front-page.php","meta":{"_EventAllDay":false,"_EventTimezone":"","_EventStartDate":"","_EventEndDate":"","_EventStartDateUTC":"","_EventEndDateUTC":"","_EventShowMap":false,"_EventShowMapLink":false,"_EventURL":"","_EventCost":"","_EventCostDescription":"","_EventCurrencySymbol":"","_EventCurrencyPosition":"","_EventDateTimeSeparator":"","_EventTimeRangeSeparator":"","_EventOrganizerID":[],"_EventVenueID":0,"_OrganizerEmail":"","_OrganizerPhone":"","_OrganizerWebsite":"","_VenueAddress":"","_VenueCity":"","_VenueCountry":"","_VenueProvince":"","_VenueZip":"","_VenuePhone":"","_VenueURL":"","_VenueStateProvince":"","_VenueLat":"","_VenueLng":""},"_links":{"self":[{"href":"https:\/\/notaria70bogota.com\/index.php\/wp-json\/wp\/v2\/pages\/3559"}],"collection":[{"href":"https:\/\/notaria70bogota.com\/index.php\/wp-json\/wp\/v2\/pages"}],"about":[{"href":"https:\/\/notaria70bogota.com\/index.php\/wp-json\/wp\/v2\/types\/page"}],"author":[{"embeddable":true,"href":"https:\/\/notaria70bogota.com\/index.php\/wp-json\/wp\/v2\/users\/2"}],"replies":[{"embeddable":true,"href":"https:\/\/notaria70bogota.com\/index.php\/wp-json\/wp\/v2\/comments?post=3559"}],"version-history":[{"count":36,"href":"https:\/\/notaria70bogota.com\/index.php\/wp-json\/wp\/v2\/pages\/3559\/revisions"}],"predecessor-version":[{"id":9653,"href":"https:\/\/notaria70bogota.com\/index.php\/wp-json\/wp\/v2\/pages\/3559\/revisions\/9653"}],"wp:attachment":[{"href":"https:\/\/notaria70bogota.com\/index.php\/wp-json\/wp\/v2\/media?parent=3559"}],"curies":[{"name":"wp","href":"https:\/\/api.w.org\/{rel}","templated":true}]}}