{"id":3512,"date":"2020-11-12T15:55:43","date_gmt":"2020-11-12T15:55:43","guid":{"rendered":"https:\/\/notaria70bogota.com\/?page_id=3512"},"modified":"2025-08-29T19:20:42","modified_gmt":"2025-08-29T19:20:42","slug":"cambiodenombre","status":"publish","type":"page","link":"https:\/\/notaria70bogota.com\/index.php\/cambiodenombre\/","title":{"rendered":"Cambiodenombre"},"content":{"rendered":"\t\t<div data-elementor-type=\"wp-page\" data-elementor-id=\"3512\" class=\"elementor elementor-3512\">\n\t\t\t\t\t\t<div class=\"elementor-inner\">\n\t\t\t\t<div class=\"elementor-section-wrap\">\n\t\t\t\t\t\t\t\t\t<section class=\"elementor-section elementor-top-section elementor-element elementor-element-95d9d23 elementor-section-boxed elementor-section-height-default elementor-section-height-default\" data-id=\"95d9d23\" data-element_type=\"section\">\n\t\t\t\t\t\t<div class=\"elementor-container elementor-column-gap-default\">\n\t\t\t\t\t\t\t<div class=\"elementor-row\">\n\t\t\t\t\t<div class=\"elementor-column elementor-col-50 elementor-top-column elementor-element elementor-element-5d8853f\" data-id=\"5d8853f\" data-element_type=\"column\">\n\t\t\t<div class=\"elementor-column-wrap elementor-element-populated\">\n\t\t\t\t\t\t\t<div class=\"elementor-widget-wrap\">\n\t\t\t\t\t\t<div class=\"elementor-element elementor-element-07c7133 elementor-view-default elementor-widget elementor-widget-icon\" data-id=\"07c7133\" data-element_type=\"widget\" data-widget_type=\"icon.default\">\n\t\t\t\t<div class=\"elementor-widget-container\">\n\t\t\t\t\t<div class=\"elementor-icon-wrapper\">\n\t\t\t<div class=\"elementor-icon\">\n\t\t\t<i aria-hidden=\"true\" class=\"fas fa-file-signature\"><\/i>\t\t\t<\/div>\n\t\t<\/div>\n\t\t\t\t<\/div>\n\t\t\t\t<\/div>\n\t\t\t\t\t\t<\/div>\n\t\t\t\t\t<\/div>\n\t\t<\/div>\n\t\t\t\t<div class=\"elementor-column elementor-col-50 elementor-top-column elementor-element elementor-element-f3b0e44\" data-id=\"f3b0e44\" data-element_type=\"column\">\n\t\t\t<div class=\"elementor-column-wrap elementor-element-populated\">\n\t\t\t\t\t\t\t<div class=\"elementor-widget-wrap\">\n\t\t\t\t\t\t<div class=\"elementor-element elementor-element-6e8ac55 elementor-widget elementor-widget-heading\" data-id=\"6e8ac55\" data-element_type=\"widget\" data-widget_type=\"heading.default\">\n\t\t\t\t<div class=\"elementor-widget-container\">\n\t\t\t<h2 class=\"elementor-heading-title elementor-size-default\">CAMBIO DE NOMBRE<\/h2>\t\t<\/div>\n\t\t\t\t<\/div>\n\t\t\t\t\t\t<\/div>\n\t\t\t\t\t<\/div>\n\t\t<\/div>\n\t\t\t\t\t\t\t\t<\/div>\n\t\t\t\t\t<\/div>\n\t\t<\/section>\n\t\t\t\t<section class=\"elementor-section elementor-top-section elementor-element elementor-element-3c03a26 elementor-section-boxed elementor-section-height-default elementor-section-height-default\" data-id=\"3c03a26\" data-element_type=\"section\">\n\t\t\t\t\t\t<div class=\"elementor-container elementor-column-gap-default\">\n\t\t\t\t\t\t\t<div class=\"elementor-row\">\n\t\t\t\t\t<div class=\"elementor-column elementor-col-100 elementor-top-column elementor-element elementor-element-f6b4aed\" data-id=\"f6b4aed\" data-element_type=\"column\">\n\t\t\t<div class=\"elementor-column-wrap elementor-element-populated\">\n\t\t\t\t\t\t\t<div class=\"elementor-widget-wrap\">\n\t\t\t\t\t\t<div class=\"elementor-element elementor-element-b723bdc elementor-widget elementor-widget-heading\" data-id=\"b723bdc\" data-element_type=\"widget\" data-widget_type=\"heading.default\">\n\t\t\t\t<div class=\"elementor-widget-container\">\n\t\t\t<h3 class=\"elementor-heading-title elementor-size-default\">(Art. 94 Decreto Ley 960 de 1970, modificado por el Art. 6 del  Decreto 999 de 1988)<\/h3>\t\t<\/div>\n\t\t\t\t<\/div>\n\t\t\t\t<div class=\"elementor-element elementor-element-1cae727 elementor-widget elementor-widget-html\" data-id=\"1cae727\" data-element_type=\"widget\" data-widget_type=\"html.default\">\n\t\t\t\t<div class=\"elementor-widget-container\">\n\t\t\t<button id=\"listenButton1\" class=\"responsivevoice-button\" type=\"button\" value=\"Play\" title=\"ResponsiveVoice Tap to Start\/Stop Speech\"><span>&#128266; Escuchar Texto<\/span><\/button>\n        <script>\n            listenButton1.onclick = function(){\n                if(responsiveVoice.isPlaying()){\n                    responsiveVoice.cancel();\n                }else{\n                    responsiveVoice.speak(\"CAMBIO DE NOMBRE (Art. 94 Decreto Ley 960 de 1970, modificado por el Art. 6 del Decreto 999 de 1988) El cambio de nombre es un tr\u00e1mite realizado a trav\u00e9s de Escritura P\u00fablica, mediante el cual una persona sustituye, rectifica o adiciona su nombre con el fin de fijar su identidad personal, sin que esto implique el cambio en la filiaci\u00f3n del inscrito.Este tr\u00e1mite lo pueden hacer:1. Las personas mayor de edad, por una \u00fanica vez.2. Los menores de edad a trav\u00e9s de sus representantes legales (para este caso el inscrito podr\u00eda cambiarlo nuevamente siendo mayor de edad, de acuerdo con el 2 Dec. 1555\/1989).\u00a0 REQUISITOS Solicitud escrita de cambio de nombre.Desc\u00e1rguela aqu\u00edformato. Copia aut\u00e9ntica del Registro civil de nacimiento del inscrito. Fotocopia de la c\u00e9dula de ciudadan\u00eda del solicitante, si es mayor de edad. Fotocopia de la tarjeta de identidad del inscrito si se trata de un menor de edad y mayor de 7 a\u00f1os. Fotocopia de la c\u00e9dula de ciudadan\u00eda de los padres del inscrito si se trata de un menor de edad.\", \"Spanish Latin American Female\");\n                }\n            };\n        <\/script>\n    \t\t<\/div>\n\t\t\t\t<\/div>\n\t\t\t\t<section class=\"elementor-section elementor-inner-section elementor-element elementor-element-c8eee20 elementor-section-boxed elementor-section-height-default elementor-section-height-default\" data-id=\"c8eee20\" data-element_type=\"section\">\n\t\t\t\t\t\t<div class=\"elementor-container elementor-column-gap-default\">\n\t\t\t\t\t\t\t<div class=\"elementor-row\">\n\t\t\t\t\t<div class=\"elementor-column elementor-col-50 elementor-inner-column elementor-element elementor-element-56dd146\" data-id=\"56dd146\" data-element_type=\"column\">\n\t\t\t<div class=\"elementor-column-wrap elementor-element-populated\">\n\t\t\t\t\t\t\t<div class=\"elementor-widget-wrap\">\n\t\t\t\t\t\t<div class=\"elementor-element elementor-element-288f45a elementor-widget elementor-widget-text-editor\" data-id=\"288f45a\" data-element_type=\"widget\" data-widget_type=\"text-editor.default\">\n\t\t\t\t<div class=\"elementor-widget-container\">\n\t\t\t\t\t\t\t\t<div class=\"elementor-text-editor elementor-clearfix\">\n\t\t\t\t<p><strong>El cambio de nombre es un tr\u00e1mite realizado a trav\u00e9s de Escritura P\u00fablica, mediante el cual una persona sustituye, rectifica o adiciona su nombre con el fin de fijar su identidad personal, sin que esto implique el cambio en la filiaci\u00f3n del inscrito.<br \/><\/strong><\/p><p><strong>Este tr\u00e1mite lo pueden hacer:<\/strong><\/p><p><strong>1. Las personas mayor de edad, por una \u00fanica vez.<\/strong><\/p><p><strong>2. Los menores de edad a trav\u00e9s de sus representantes legales (para este caso el inscrito podr\u00eda cambiarlo nuevamente siendo mayor de edad, de acuerdo con el 2 <span style=\"color: #3366ff;\">Dec. 1555\/1989<\/span>).<\/strong><\/p><p><strong>\u00a0<\/strong><\/p>\t\t\t\t\t<\/div>\n\t\t\t\t\t\t<\/div>\n\t\t\t\t<\/div>\n\t\t\t\t\t\t<\/div>\n\t\t\t\t\t<\/div>\n\t\t<\/div>\n\t\t\t\t<div class=\"elementor-column elementor-col-50 elementor-inner-column elementor-element elementor-element-acfae32\" data-id=\"acfae32\" data-element_type=\"column\">\n\t\t\t<div class=\"elementor-column-wrap elementor-element-populated\">\n\t\t\t\t\t\t\t<div class=\"elementor-widget-wrap\">\n\t\t\t\t\t\t<div class=\"elementor-element elementor-element-f08ea90 elementor-widget elementor-widget-image\" data-id=\"f08ea90\" data-element_type=\"widget\" data-widget_type=\"image.default\">\n\t\t\t\t<div class=\"elementor-widget-container\">\n\t\t\t\t\t\t\t\t<div class=\"elementor-image\">\n\t\t\t\t\t\t\t\t\t<figure class=\"wp-caption\">\n\t\t\t\t\t\t\t\t\t\t<img width=\"290\" height=\"310\" src=\"https:\/\/notaria70bogota.com\/wp-content\/uploads\/2020\/11\/cambio_de_nombre.jpg\" class=\"attachment-large size-large\" alt=\"Una persona firmando su cambio de nombre\" loading=\"lazy\" srcset=\"https:\/\/notaria70bogota.com\/wp-content\/uploads\/2020\/11\/cambio_de_nombre.jpg 290w, https:\/\/notaria70bogota.com\/wp-content\/uploads\/2020\/11\/cambio_de_nombre-281x300.jpg 281w, https:\/\/notaria70bogota.com\/wp-content\/uploads\/2020\/11\/cambio_de_nombre-230x246.jpg 230w\" sizes=\"(max-width: 290px) 100vw, 290px\" \/>\t\t\t\t\t\t\t\t\t\t\t<figcaption class=\"widget-image-caption wp-caption-text\"><\/figcaption>\n\t\t\t\t\t\t\t\t\t\t<\/figure>\n\t\t\t\t\t\t\t\t<\/div>\n\t\t\t\t\t\t<\/div>\n\t\t\t\t<\/div>\n\t\t\t\t\t\t<\/div>\n\t\t\t\t\t<\/div>\n\t\t<\/div>\n\t\t\t\t\t\t\t\t<\/div>\n\t\t\t\t\t<\/div>\n\t\t<\/section>\n\t\t\t\t<section class=\"elementor-section elementor-inner-section elementor-element elementor-element-76afaf8 elementor-section-boxed elementor-section-height-default elementor-section-height-default\" data-id=\"76afaf8\" data-element_type=\"section\">\n\t\t\t\t\t\t<div class=\"elementor-container elementor-column-gap-default\">\n\t\t\t\t\t\t\t<div class=\"elementor-row\">\n\t\t\t\t\t<div class=\"elementor-column elementor-col-100 elementor-inner-column elementor-element elementor-element-d16c48c\" data-id=\"d16c48c\" data-element_type=\"column\">\n\t\t\t<div class=\"elementor-column-wrap elementor-element-populated\">\n\t\t\t\t\t\t\t<div class=\"elementor-widget-wrap\">\n\t\t\t\t\t\t<div class=\"elementor-element elementor-element-7b3d30c elementor-widget elementor-widget-heading\" data-id=\"7b3d30c\" data-element_type=\"widget\" data-widget_type=\"heading.default\">\n\t\t\t\t<div class=\"elementor-widget-container\">\n\t\t\t<h3 class=\"elementor-heading-title elementor-size-default\">REQUISITOS<\/h3>\t\t<\/div>\n\t\t\t\t<\/div>\n\t\t\t\t<div class=\"elementor-element elementor-element-5ffe2df elementor-widget elementor-widget-text-editor\" data-id=\"5ffe2df\" data-element_type=\"widget\" data-widget_type=\"text-editor.default\">\n\t\t\t\t<div class=\"elementor-widget-container\">\n\t\t\t\t\t\t\t\t<div class=\"elementor-text-editor elementor-clearfix\">\n\t\t\t\t<ul>\n<li><strong>Solicitud escrita de cambio de nombre.&nbsp;<\/strong><b><a href=\"https:\/\/notaria70bogota.com\/index.php\/formatos\/\" target=\"_blank\" rel=\"noopener\">Desc\u00e1rguela aqu\u00ed<\/a>&nbsp;<a href=\"https:\/\/notaria70bogota.com\/index.php\/formatos\/\" target=\"_blank\" rel=\"noopener\">formato<\/a>.<\/b><\/li>\n<li><strong>Copia aut\u00e9ntica del Registro civil de nacimiento del inscrito.<\/strong><\/li>\n<li><strong>Fotocopia de la c\u00e9dula de ciudadan\u00eda del solicitante, si es mayor de edad.<\/strong><\/li>\n<li><strong>Fotocopia de la tarjeta de identidad del inscrito si se trata de un menor de edad y mayor de 7 a\u00f1os.<\/strong><\/li>\n<li><strong>Fotocopia de la c\u00e9dula de ciudadan\u00eda de los padres del inscrito si se trata de un menor de edad.<\/strong><\/li>\n<\/ul>\t\t\t\t\t<\/div>\n\t\t\t\t\t\t<\/div>\n\t\t\t\t<\/div>\n\t\t\t\t\t\t<\/div>\n\t\t\t\t\t<\/div>\n\t\t<\/div>\n\t\t\t\t\t\t\t\t<\/div>\n\t\t\t\t\t<\/div>\n\t\t<\/section>\n\t\t\t\t\t\t<\/div>\n\t\t\t\t\t<\/div>\n\t\t<\/div>\n\t\t\t\t\t\t\t\t<\/div>\n\t\t\t\t\t<\/div>\n\t\t<\/section>\n\t\t\t\t<section class=\"elementor-section elementor-top-section elementor-element elementor-element-72e6271 elementor-section-boxed elementor-section-height-default elementor-section-height-default\" data-id=\"72e6271\" data-element_type=\"section\">\n\t\t\t\t\t\t<div class=\"elementor-container elementor-column-gap-default\">\n\t\t\t\t\t\t\t<div class=\"elementor-row\">\n\t\t\t\t\t<div class=\"elementor-column elementor-col-100 elementor-top-column elementor-element elementor-element-df81b8c\" data-id=\"df81b8c\" data-element_type=\"column\">\n\t\t\t<div class=\"elementor-column-wrap elementor-element-populated\">\n\t\t\t\t\t\t\t<div class=\"elementor-widget-wrap\">\n\t\t\t\t\t\t<div class=\"elementor-element elementor-element-e2ea847 elementor-widget elementor-widget-spacer\" data-id=\"e2ea847\" data-element_type=\"widget\" data-widget_type=\"spacer.default\">\n\t\t\t\t<div class=\"elementor-widget-container\">\n\t\t\t\t\t<div class=\"elementor-spacer\">\n\t\t\t<div class=\"elementor-spacer-inner\"><\/div>\n\t\t<\/div>\n\t\t\t\t<\/div>\n\t\t\t\t<\/div>\n\t\t\t\t\t\t<\/div>\n\t\t\t\t\t<\/div>\n\t\t<\/div>\n\t\t\t\t\t\t\t\t<\/div>\n\t\t\t\t\t<\/div>\n\t\t<\/section>\n\t\t\t\t<section class=\"elementor-section elementor-top-section elementor-element elementor-element-3faf4b2 elementor-section-boxed elementor-section-height-default elementor-section-height-default\" data-id=\"3faf4b2\" data-element_type=\"section\">\n\t\t\t\t\t\t<div class=\"elementor-container elementor-column-gap-default\">\n\t\t\t\t\t\t\t<div class=\"elementor-row\">\n\t\t\t\t\t<div class=\"elementor-column elementor-col-100 elementor-top-column elementor-element elementor-element-47d26b4\" data-id=\"47d26b4\" data-element_type=\"column\">\n\t\t\t<div class=\"elementor-column-wrap\">\n\t\t\t\t\t\t\t<div class=\"elementor-widget-wrap\">\n\t\t\t\t\t\t\t\t<\/div>\n\t\t\t\t\t<\/div>\n\t\t<\/div>\n\t\t\t\t\t\t\t\t<\/div>\n\t\t\t\t\t<\/div>\n\t\t<\/section>\n\t\t\t\t<section class=\"elementor-section elementor-top-section elementor-element elementor-element-0ec02cc elementor-section-boxed elementor-section-height-default elementor-section-height-default\" data-id=\"0ec02cc\" data-element_type=\"section\">\n\t\t\t\t\t\t<div class=\"elementor-container elementor-column-gap-default\">\n\t\t\t\t\t\t\t<div class=\"elementor-row\">\n\t\t\t\t\t<div class=\"elementor-column elementor-col-16 elementor-top-column elementor-element elementor-element-3320be2\" data-id=\"3320be2\" data-element_type=\"column\">\n\t\t\t<div class=\"elementor-column-wrap elementor-element-populated\">\n\t\t\t\t\t\t\t<div class=\"elementor-widget-wrap\">\n\t\t\t\t\t\t<div class=\"elementor-element elementor-element-8adb2f6 elementor-widget elementor-widget-image\" data-id=\"8adb2f6\" data-element_type=\"widget\" data-widget_type=\"image.default\">\n\t\t\t\t<div class=\"elementor-widget-container\">\n\t\t\t\t\t\t\t\t<div class=\"elementor-image\">\n\t\t\t\t\t\t\t\t\t\t\t\t\t<a href=\"https:\/\/unobog.com\/\" target=\"_blank\">\n\t\t\t\t\t\t\t<img width=\"232\" height=\"78\" src=\"https:\/\/notaria70bogota.com\/wp-content\/uploads\/2020\/10\/unobog.jpg\" class=\"attachment-medium size-medium\" alt=\"LOGO UNOBOG\" loading=\"lazy\" srcset=\"https:\/\/notaria70bogota.com\/wp-content\/uploads\/2020\/10\/unobog.jpg 232w, https:\/\/notaria70bogota.com\/wp-content\/uploads\/2020\/10\/unobog-230x77.jpg 230w\" sizes=\"(max-width: 232px) 100vw, 232px\" \/>\t\t\t\t\t\t\t\t<\/a>\n\t\t\t\t\t\t\t\t\t\t\t\t\t\t<\/div>\n\t\t\t\t\t\t<\/div>\n\t\t\t\t<\/div>\n\t\t\t\t\t\t<\/div>\n\t\t\t\t\t<\/div>\n\t\t<\/div>\n\t\t\t\t<div class=\"elementor-column elementor-col-16 elementor-top-column elementor-element elementor-element-f671869\" data-id=\"f671869\" data-element_type=\"column\">\n\t\t\t<div class=\"elementor-column-wrap elementor-element-populated\">\n\t\t\t\t\t\t\t<div class=\"elementor-widget-wrap\">\n\t\t\t\t\t\t<div class=\"elementor-element elementor-element-d06f695 elementor-widget elementor-widget-image\" data-id=\"d06f695\" data-element_type=\"widget\" data-widget_type=\"image.default\">\n\t\t\t\t<div class=\"elementor-widget-container\">\n\t\t\t\t\t\t\t\t<div class=\"elementor-image\">\n\t\t\t\t\t\t\t\t\t\t\t\t\t<a href=\"https:\/\/www.ucnc.com.co\/sitio\/\" target=\"_blank\">\n\t\t\t\t\t\t\t<img width=\"135\" height=\"47\" src=\"https:\/\/notaria70bogota.com\/wp-content\/uploads\/2020\/10\/union-colegiada.png\" class=\"attachment-medium size-medium\" alt=\"LOGO UNION COLEGIADA DEL NOTARIADO COLOMBIANO\" loading=\"lazy\" \/>\t\t\t\t\t\t\t\t<\/a>\n\t\t\t\t\t\t\t\t\t\t\t\t\t\t<\/div>\n\t\t\t\t\t\t<\/div>\n\t\t\t\t<\/div>\n\t\t\t\t\t\t<\/div>\n\t\t\t\t\t<\/div>\n\t\t<\/div>\n\t\t\t\t<div class=\"elementor-column elementor-col-16 elementor-top-column elementor-element elementor-element-90d25b6\" data-id=\"90d25b6\" data-element_type=\"column\">\n\t\t\t<div class=\"elementor-column-wrap elementor-element-populated\">\n\t\t\t\t\t\t\t<div class=\"elementor-widget-wrap\">\n\t\t\t\t\t\t<div class=\"elementor-element elementor-element-acfd53d elementor-widget elementor-widget-image\" data-id=\"acfd53d\" data-element_type=\"widget\" data-widget_type=\"image.default\">\n\t\t\t\t<div class=\"elementor-widget-container\">\n\t\t\t\t\t\t\t\t<div class=\"elementor-image\">\n\t\t\t\t\t\t\t\t\t\t\t\t\t<a href=\"https:\/\/www.supernotariado.gov.co\/\" target=\"_blank\">\n\t\t\t\t\t\t\t<img width=\"135\" height=\"47\" src=\"https:\/\/notaria70bogota.com\/wp-content\/uploads\/2020\/10\/snr.png\" class=\"attachment-medium size-medium\" alt=\"LOGO SUPERINTENDENCIA DE NOTARIADO Y REGISTRO\" loading=\"lazy\" \/>\t\t\t\t\t\t\t\t<\/a>\n\t\t\t\t\t\t\t\t\t\t\t\t\t\t<\/div>\n\t\t\t\t\t\t<\/div>\n\t\t\t\t<\/div>\n\t\t\t\t\t\t<\/div>\n\t\t\t\t\t<\/div>\n\t\t<\/div>\n\t\t\t\t<div class=\"elementor-column elementor-col-16 elementor-top-column elementor-element elementor-element-73ec789\" data-id=\"73ec789\" data-element_type=\"column\">\n\t\t\t<div class=\"elementor-column-wrap elementor-element-populated\">\n\t\t\t\t\t\t\t<div class=\"elementor-widget-wrap\">\n\t\t\t\t\t\t<div class=\"elementor-element elementor-element-94a1d09 elementor-widget elementor-widget-image\" data-id=\"94a1d09\" data-element_type=\"widget\" data-widget_type=\"image.default\">\n\t\t\t\t<div class=\"elementor-widget-container\">\n\t\t\t\t\t\t\t\t<div class=\"elementor-image\">\n\t\t\t\t\t\t\t\t\t\t\t\t\t<a href=\"http:\/\/www.minjusticia.gov.co\/\" target=\"_blank\">\n\t\t\t\t\t\t\t<img width=\"135\" height=\"47\" src=\"https:\/\/notaria70bogota.com\/wp-content\/uploads\/2020\/10\/minjusticia_0.png\" class=\"attachment-medium size-medium\" alt=\"LOGO MINJUSTICIA\" loading=\"lazy\" \/>\t\t\t\t\t\t\t\t<\/a>\n\t\t\t\t\t\t\t\t\t\t\t\t\t\t<\/div>\n\t\t\t\t\t\t<\/div>\n\t\t\t\t<\/div>\n\t\t\t\t\t\t<\/div>\n\t\t\t\t\t<\/div>\n\t\t<\/div>\n\t\t\t\t<div class=\"elementor-column elementor-col-16 elementor-top-column elementor-element elementor-element-66e8f90\" data-id=\"66e8f90\" data-element_type=\"column\">\n\t\t\t<div class=\"elementor-column-wrap elementor-element-populated\">\n\t\t\t\t\t\t\t<div class=\"elementor-widget-wrap\">\n\t\t\t\t\t\t<div class=\"elementor-element elementor-element-77ea930 elementor-widget elementor-widget-image\" data-id=\"77ea930\" data-element_type=\"widget\" data-widget_type=\"image.default\">\n\t\t\t\t<div class=\"elementor-widget-container\">\n\t\t\t\t\t\t\t\t<div class=\"elementor-image\">\n\t\t\t\t\t\t\t\t\t\t\t\t\t<a href=\"https:\/\/idm.presidencia.gov.co\/presidencia\" target=\"_blank\">\n\t\t\t\t\t\t\t<img width=\"432\" height=\"85\" src=\"https:\/\/notaria70bogota.com\/wp-content\/uploads\/2020\/11\/Presidencia-logo.png\" class=\"attachment-large size-large\" alt=\"Logo y pagina de la Presidencia\" loading=\"lazy\" srcset=\"https:\/\/notaria70bogota.com\/wp-content\/uploads\/2020\/11\/Presidencia-logo.png 432w, https:\/\/notaria70bogota.com\/wp-content\/uploads\/2020\/11\/Presidencia-logo-300x59.png 300w, https:\/\/notaria70bogota.com\/wp-content\/uploads\/2020\/11\/Presidencia-logo-230x45.png 230w, https:\/\/notaria70bogota.com\/wp-content\/uploads\/2020\/11\/Presidencia-logo-350x69.png 350w\" sizes=\"(max-width: 432px) 100vw, 432px\" \/>\t\t\t\t\t\t\t\t<\/a>\n\t\t\t\t\t\t\t\t\t\t\t\t\t\t<\/div>\n\t\t\t\t\t\t<\/div>\n\t\t\t\t<\/div>\n\t\t\t\t\t\t<\/div>\n\t\t\t\t\t<\/div>\n\t\t<\/div>\n\t\t\t\t<div class=\"elementor-column elementor-col-16 elementor-top-column elementor-element elementor-element-661bf4e\" data-id=\"661bf4e\" data-element_type=\"column\">\n\t\t\t<div class=\"elementor-column-wrap elementor-element-populated\">\n\t\t\t\t\t\t\t<div class=\"elementor-widget-wrap\">\n\t\t\t\t\t\t<div class=\"elementor-element elementor-element-b9cfc55 elementor-widget elementor-widget-image\" data-id=\"b9cfc55\" data-element_type=\"widget\" data-widget_type=\"image.default\">\n\t\t\t\t<div class=\"elementor-widget-container\">\n\t\t\t\t\t\t\t\t<div class=\"elementor-image\">\n\t\t\t\t\t\t\t\t\t\t\t\t\t<a href=\"https:\/\/www.uinl.org\/\" target=\"_blank\">\n\t\t\t\t\t\t\t<img width=\"300\" height=\"76\" src=\"https:\/\/notaria70bogota.com\/wp-content\/uploads\/2020\/10\/unnamed-300x76.gif\" class=\"attachment-medium size-medium\" alt=\"UNI\u00d3N INTERNACIONAL DEL NOTARIADO LATINO\" loading=\"lazy\" srcset=\"https:\/\/notaria70bogota.com\/wp-content\/uploads\/2020\/10\/unnamed-300x76.gif 300w, https:\/\/notaria70bogota.com\/wp-content\/uploads\/2020\/10\/unnamed-230x58.gif 230w, https:\/\/notaria70bogota.com\/wp-content\/uploads\/2020\/10\/unnamed-350x88.gif 350w\" sizes=\"(max-width: 300px) 100vw, 300px\" \/>\t\t\t\t\t\t\t\t<\/a>\n\t\t\t\t\t\t\t\t\t\t\t\t\t\t<\/div>\n\t\t\t\t\t\t<\/div>\n\t\t\t\t<\/div>\n\t\t\t\t\t\t<\/div>\n\t\t\t\t\t<\/div>\n\t\t<\/div>\n\t\t\t\t\t\t\t\t<\/div>\n\t\t\t\t\t<\/div>\n\t\t<\/section>\n\t\t\t\t\t\t\t\t\t<\/div>\n\t\t\t<\/div>\n\t\t\t\t\t<\/div>\n\t\t","protected":false},"excerpt":{"rendered":"<p>CAMBIO DE NOMBRE (Art. 94 Decreto Ley 960 de 1970, modificado por el Art. 6 del Decreto 999 de 1988) El cambio de nombre es un tr\u00e1mite realizado a trav\u00e9s de Escritura P\u00fablica, mediante el cual una persona sustituye, rectifica o adiciona su nombre con el fin de fijar su identidad personal, sin que esto implique el cambio en la [&hellip;]<\/p>\n","protected":false},"author":2,"featured_media":0,"parent":0,"menu_order":0,"comment_status":"closed","ping_status":"closed","template":"page-templates\/page_front-page.php","meta":{"_EventAllDay":false,"_EventTimezone":"","_EventStartDate":"","_EventEndDate":"","_EventStartDateUTC":"","_EventEndDateUTC":"","_EventShowMap":false,"_EventShowMapLink":false,"_EventURL":"","_EventCost":"","_EventCostDescription":"","_EventCurrencySymbol":"","_EventCurrencyPosition":"","_EventDateTimeSeparator":"","_EventTimeRangeSeparator":"","_EventOrganizerID":[],"_EventVenueID":0,"_OrganizerEmail":"","_OrganizerPhone":"","_OrganizerWebsite":"","_VenueAddress":"","_VenueCity":"","_VenueCountry":"","_VenueProvince":"","_VenueZip":"","_VenuePhone":"","_VenueURL":"","_VenueStateProvince":"","_VenueLat":"","_VenueLng":""},"_links":{"self":[{"href":"https:\/\/notaria70bogota.com\/index.php\/wp-json\/wp\/v2\/pages\/3512"}],"collection":[{"href":"https:\/\/notaria70bogota.com\/index.php\/wp-json\/wp\/v2\/pages"}],"about":[{"href":"https:\/\/notaria70bogota.com\/index.php\/wp-json\/wp\/v2\/types\/page"}],"author":[{"embeddable":true,"href":"https:\/\/notaria70bogota.com\/index.php\/wp-json\/wp\/v2\/users\/2"}],"replies":[{"embeddable":true,"href":"https:\/\/notaria70bogota.com\/index.php\/wp-json\/wp\/v2\/comments?post=3512"}],"version-history":[{"count":41,"href":"https:\/\/notaria70bogota.com\/index.php\/wp-json\/wp\/v2\/pages\/3512\/revisions"}],"predecessor-version":[{"id":9674,"href":"https:\/\/notaria70bogota.com\/index.php\/wp-json\/wp\/v2\/pages\/3512\/revisions\/9674"}],"wp:attachment":[{"href":"https:\/\/notaria70bogota.com\/index.php\/wp-json\/wp\/v2\/media?parent=3512"}],"curies":[{"name":"wp","href":"https:\/\/api.w.org\/{rel}","templated":true}]}}