{"id":2763,"date":"2020-11-04T20:38:01","date_gmt":"2020-11-04T20:38:01","guid":{"rendered":"https:\/\/notaria70bogota.com\/?page_id=2763"},"modified":"2025-08-29T19:10:43","modified_gmt":"2025-08-29T19:10:43","slug":"liquidacion-sociedad-conyugal","status":"publish","type":"page","link":"https:\/\/notaria70bogota.com\/index.php\/liquidacion-sociedad-conyugal\/","title":{"rendered":"liquidacion sociedad conyugal"},"content":{"rendered":"\t\t<div data-elementor-type=\"wp-page\" data-elementor-id=\"2763\" class=\"elementor elementor-2763\">\n\t\t\t\t\t\t<div class=\"elementor-inner\">\n\t\t\t\t<div class=\"elementor-section-wrap\">\n\t\t\t\t\t\t\t\t\t<section class=\"elementor-section elementor-top-section elementor-element elementor-element-1de0620 elementor-section-boxed elementor-section-height-default elementor-section-height-default\" data-id=\"1de0620\" data-element_type=\"section\">\n\t\t\t\t\t\t<div class=\"elementor-container elementor-column-gap-default\">\n\t\t\t\t\t\t\t<div class=\"elementor-row\">\n\t\t\t\t\t<div class=\"elementor-column elementor-col-100 elementor-top-column elementor-element elementor-element-064e7a0\" data-id=\"064e7a0\" data-element_type=\"column\">\n\t\t\t<div class=\"elementor-column-wrap elementor-element-populated\">\n\t\t\t\t\t\t\t<div class=\"elementor-widget-wrap\">\n\t\t\t\t\t\t<div class=\"elementor-element elementor-element-e2d4780 elementor-widget elementor-widget-heading\" data-id=\"e2d4780\" data-element_type=\"widget\" data-widget_type=\"heading.default\">\n\t\t\t\t<div class=\"elementor-widget-container\">\n\t\t\t<h2 class=\"elementor-heading-title elementor-size-default\">DISOLUCI\u00d3N Y\/O LIQUIDACI\u00d3N DE LA SOCIEDAD CONYUGAL<\/h2>\t\t<\/div>\n\t\t\t\t<\/div>\n\t\t\t\t<div class=\"elementor-element elementor-element-7202023 elementor-widget elementor-widget-html\" data-id=\"7202023\" data-element_type=\"widget\" data-widget_type=\"html.default\">\n\t\t\t\t<div class=\"elementor-widget-container\">\n\t\t\t<button id=\"listenButton1\" class=\"responsivevoice-button\" type=\"button\" value=\"Play\" title=\"ResponsiveVoice Tap to Start\/Stop Speech\"><span>&#128266; Escuchar Texto<\/span><\/button>\n        <script>\n            listenButton1.onclick = function(){\n                if(responsiveVoice.isPlaying()){\n                    responsiveVoice.cancel();\n                }else{\n                    responsiveVoice.speak(\"DISOLUCI\u00d3N Y\/O LIQUIDACI\u00d3N DE LA SOCIEDAD CONYUGAL Este tr\u00e1mite se puede adelantar en la Notar\u00eda si existe com\u00fan acuerdo entre los interesados. REQUISITOS 1.- Copia del registro civil de matrimonio.2.- Copia del registro civil de nacimiento de los c\u00f3nyuges.3.-\u00a0 Copia del registro civil de nacimiento de los hijos de los c\u00f3nyuges.4.-\u00a0 Fotocopias de las c\u00e9dulas de ciudadan\u00eda de los c\u00f3nyuges.Si dentro de la sociedad conyugal se adquirieron bienes inmuebles.5.-\u00a0 Certificado de tradici\u00f3n y libertad reciente. Art 67 Ley 1579\/2012. 6.- Recibo de pago de impuesto predial del a\u00f1o en curso. \u201cCancelado y en original\u201d. Art.43. Decreto 960\/70 Art.2.2.6.1.2.1.19 Decreto 1069\/2015. 7.- Paz y salvo de valorizaci\u00f3n (IDU) a la fecha. \u201cEn original\u201d. Art.43. Decreto 960\/70 Art.2.2.6.1.2.1.19 Decreto 1069\/2015. 8.- Copia de la escritura de tradici\u00f3n. (Art.32. Decreto 960\/70. \u2013 Art. 756 CC). 9.- Fotocopias de las c\u00e9dulas de ciudadan\u00eda de todos los que participan en el acto. 10.- Paz y salvo administraci\u00f3n (si est\u00e1 sometido a propiedad horizontal) el cual debe especificar que se encuentra a paz y salvo por todo concepto, o por expensas comunes. Art. 29 Ley 675\/2001. 11.- Para los predios fuera de Bogot\u00e1: Paz y salvo predial, valorizaci\u00f3n y departamental (cuando es del casos) en original. Si el predio es del Meta, deber\u00e1n adjuntar paz y salvo por el municipio y por el departamento. Art.43. Decreto 960\/70 Art.2.2.6.1.2.1.19 Decreto 1069\/2015. 12.- Si son bienes muebles como un veh\u00edculo: tarjeta de propiedad, impuesto de rodamiento de la vigencia en la que se adelanta la sucesi\u00f3n, certificado de tradici\u00f3n reciente); acciones o participaci\u00f3n en sociedad: certificado de la c\u00e1mara de comercio, certificaci\u00f3n del contador o revisor fiscal respecto de la participaci\u00f3n del causante en la sociedad y el valor intr\u00ednseco de las acciones o cuotas de participaci\u00f3n; CDT, letra de cambio, pagar\u00e9s fotocopia autenticada del t\u00edtulo. Asimismo con la relaci\u00f3n de los pasivos debidamente soportados. 13.- Si los c\u00f3nyuges no van a actuar en nombre propio, su apoderado, deber\u00e1 anexar el poder especial (debidamente autenticado) o general (con certificado de vigencia reciente), el cual ser\u00e1 verificado por la notar\u00eda. Art 36 Decreto 2163\/70.\", \"Spanish Latin American Female\");\n                }\n            };\n        <\/script>\n    \t\t<\/div>\n\t\t\t\t<\/div>\n\t\t\t\t<div class=\"elementor-element elementor-element-79529cd elementor-widget elementor-widget-text-editor\" data-id=\"79529cd\" data-element_type=\"widget\" data-widget_type=\"text-editor.default\">\n\t\t\t\t<div class=\"elementor-widget-container\">\n\t\t\t\t\t\t\t\t<div class=\"elementor-text-editor elementor-clearfix\">\n\t\t\t\t<p><strong>Este tr\u00e1mite se puede adelantar en la Notar\u00eda si existe com\u00fan acuerdo entre los interesados.<\/strong><\/p>\t\t\t\t\t<\/div>\n\t\t\t\t\t\t<\/div>\n\t\t\t\t<\/div>\n\t\t\t\t\t\t<\/div>\n\t\t\t\t\t<\/div>\n\t\t<\/div>\n\t\t\t\t\t\t\t\t<\/div>\n\t\t\t\t\t<\/div>\n\t\t<\/section>\n\t\t\t\t<section class=\"elementor-section elementor-top-section elementor-element elementor-element-9d28bc6 elementor-section-boxed elementor-section-height-default elementor-section-height-default\" data-id=\"9d28bc6\" data-element_type=\"section\">\n\t\t\t\t\t\t<div class=\"elementor-container elementor-column-gap-default\">\n\t\t\t\t\t\t\t<div class=\"elementor-row\">\n\t\t\t\t\t<div class=\"elementor-column elementor-col-100 elementor-top-column elementor-element elementor-element-0faff12\" data-id=\"0faff12\" data-element_type=\"column\">\n\t\t\t<div class=\"elementor-column-wrap elementor-element-populated\">\n\t\t\t\t\t\t\t<div class=\"elementor-widget-wrap\">\n\t\t\t\t\t\t<section class=\"elementor-section elementor-inner-section elementor-element elementor-element-cf1c6d0 elementor-section-boxed elementor-section-height-default elementor-section-height-default\" data-id=\"cf1c6d0\" data-element_type=\"section\">\n\t\t\t\t\t\t<div class=\"elementor-container elementor-column-gap-default\">\n\t\t\t\t\t\t\t<div class=\"elementor-row\">\n\t\t\t\t\t<div class=\"elementor-column elementor-col-50 elementor-inner-column elementor-element elementor-element-effe75d\" data-id=\"effe75d\" data-element_type=\"column\">\n\t\t\t<div class=\"elementor-column-wrap elementor-element-populated\">\n\t\t\t\t\t\t\t<div class=\"elementor-widget-wrap\">\n\t\t\t\t\t\t<div class=\"elementor-element elementor-element-2136209 elementor-widget elementor-widget-heading\" data-id=\"2136209\" data-element_type=\"widget\" data-widget_type=\"heading.default\">\n\t\t\t\t<div class=\"elementor-widget-container\">\n\t\t\t<h3 class=\"elementor-heading-title elementor-size-default\">REQUISITOS<\/h3>\t\t<\/div>\n\t\t\t\t<\/div>\n\t\t\t\t<div class=\"elementor-element elementor-element-1c4a778 elementor-widget elementor-widget-text-editor\" data-id=\"1c4a778\" data-element_type=\"widget\" data-widget_type=\"text-editor.default\">\n\t\t\t\t<div class=\"elementor-widget-container\">\n\t\t\t\t\t\t\t\t<div class=\"elementor-text-editor elementor-clearfix\">\n\t\t\t\t<p style=\"text-align: justify;\"><strong>1.- Copia del registro civil de matrimonio.<\/strong><\/p><p style=\"text-align: left;\"><strong>2.- Copia del registro civil de nacimiento de los c\u00f3nyuges.<\/strong><\/p><p style=\"text-align: left;\"><strong>3.-\u00a0 Copia del registro civil de nacimiento de los hijos de los c\u00f3nyuges.<\/strong><\/p><p style=\"text-align: left;\"><strong>4.-\u00a0 Fotocopias de las c\u00e9dulas de ciudadan\u00eda de los c\u00f3nyuges.<\/strong><\/p><p style=\"text-align: left;\"><strong>Si dentro de la sociedad conyugal se adquirieron bienes inmuebles.<\/strong><\/p><p style=\"text-align: left;\"><strong>5.-\u00a0 Certificado de tradici\u00f3n y libertad reciente. <span style=\"color: #3366ff;\">Art 67 Ley 1579\/2012.<\/span><\/strong><\/p>\t\t\t\t\t<\/div>\n\t\t\t\t\t\t<\/div>\n\t\t\t\t<\/div>\n\t\t\t\t\t\t<\/div>\n\t\t\t\t\t<\/div>\n\t\t<\/div>\n\t\t\t\t<div class=\"elementor-column elementor-col-50 elementor-inner-column elementor-element elementor-element-97dae36\" data-id=\"97dae36\" data-element_type=\"column\">\n\t\t\t<div class=\"elementor-column-wrap elementor-element-populated\">\n\t\t\t\t\t\t\t<div class=\"elementor-widget-wrap\">\n\t\t\t\t\t\t<div class=\"elementor-element elementor-element-feec3f0 elementor-widget elementor-widget-image\" data-id=\"feec3f0\" data-element_type=\"widget\" data-widget_type=\"image.default\">\n\t\t\t\t<div class=\"elementor-widget-container\">\n\t\t\t\t\t\t\t\t<div class=\"elementor-image\">\n\t\t\t\t\t\t\t\t\t\t\t\t<img width=\"500\" height=\"350\" src=\"https:\/\/notaria70bogota.com\/wp-content\/uploads\/2020\/11\/liquidacion.jpg\" class=\"attachment-large size-large\" alt=\"TRES PERSONAS HACIENDO DISOLUCI\u00d3N Y\/O LIQUIDACI\u00d3N DE UNA SOCIEDAD CONYUGAL\" loading=\"lazy\" srcset=\"https:\/\/notaria70bogota.com\/wp-content\/uploads\/2020\/11\/liquidacion.jpg 500w, https:\/\/notaria70bogota.com\/wp-content\/uploads\/2020\/11\/liquidacion-300x210.jpg 300w, https:\/\/notaria70bogota.com\/wp-content\/uploads\/2020\/11\/liquidacion-230x161.jpg 230w, https:\/\/notaria70bogota.com\/wp-content\/uploads\/2020\/11\/liquidacion-350x245.jpg 350w, https:\/\/notaria70bogota.com\/wp-content\/uploads\/2020\/11\/liquidacion-480x336.jpg 480w\" sizes=\"(max-width: 500px) 100vw, 500px\" \/>\t\t\t\t\t\t\t\t\t\t\t\t\t\t<\/div>\n\t\t\t\t\t\t<\/div>\n\t\t\t\t<\/div>\n\t\t\t\t\t\t<\/div>\n\t\t\t\t\t<\/div>\n\t\t<\/div>\n\t\t\t\t\t\t\t\t<\/div>\n\t\t\t\t\t<\/div>\n\t\t<\/section>\n\t\t\t\t<div class=\"elementor-element elementor-element-dd0ec1d elementor-widget elementor-widget-text-editor\" data-id=\"dd0ec1d\" data-element_type=\"widget\" data-widget_type=\"text-editor.default\">\n\t\t\t\t<div class=\"elementor-widget-container\">\n\t\t\t\t\t\t\t\t<div class=\"elementor-text-editor elementor-clearfix\">\n\t\t\t\t<p style=\"text-align: justify;\"><strong>6.- Recibo de pago de impuesto predial del a\u00f1o en curso. \u201cCancelado y en original\u201d. <span style=\"color: #3366ff;\">Art.43. Decreto 960\/70 Art.&nbsp;2.2.6.1.2.1.19 Decreto 1069\/2015.<\/span><\/strong><\/p>\n<p style=\"text-align: left;\"><strong>7.- Paz y salvo de valorizaci\u00f3n (IDU) a la fecha. \u201cEn original\u201d. <span style=\"color: #3366ff;\">Art.43. Decreto 960\/70 Art.&nbsp;2.2.6.1.2.1.19 Decreto 1069\/2015.<\/span><\/strong><\/p>\n<p style=\"text-align: left;\"><strong>8.- Copia de la escritura de tradici\u00f3n.<span style=\"color: #3366ff;\"> (Art.32. Decreto 960\/70. \u2013 Art. 756 CC).<\/span><\/strong><\/p>\n<p style=\"text-align: left;\"><strong>9.- Fotocopias de las c\u00e9dulas de ciudadan\u00eda de todos los que participan en el acto.<\/strong><\/p>\n<p style=\"text-align: left;\"><strong>10.- Paz y salvo administraci\u00f3n (si est\u00e1 sometido a propiedad horizontal) el cual debe especificar que se encuentra a paz y salvo por todo concepto, o por expensas comunes. <span style=\"color: #3366ff;\">Art. 29 Ley 675\/2001.<\/span><\/strong><\/p>\n<p style=\"text-align: justify;\"><strong>11.- Para los predios fuera de Bogot\u00e1: Paz y salvo predial, valorizaci\u00f3n y departamental (cuando es del casos) en original. Si el predio es del Meta, deber\u00e1n adjuntar paz y salvo por el municipio y por el departamento. <span style=\"color: #3366ff;\">Art.43. Decreto 960\/70 Art.&nbsp;2.2.6.1.2.1.19 Decreto 1069\/2015.<\/span><\/strong><\/p>\n<p style=\"text-align: justify;\"><strong>12.- Si son bienes muebles como un veh\u00edculo: tarjeta de propiedad, impuesto de rodamiento de la vigencia en la que se adelanta la sucesi\u00f3n, certificado de tradici\u00f3n reciente); acciones o participaci\u00f3n en sociedad: certificado de la c\u00e1mara de comercio, certificaci\u00f3n del contador o revisor fiscal respecto de la participaci\u00f3n del causante en la sociedad y el valor intr\u00ednseco de las acciones o cuotas de participaci\u00f3n; CDT, letra de cambio, pagar\u00e9s fotocopia autenticada del t\u00edtulo. Asimismo con la relaci\u00f3n de los pasivos debidamente soportados.<\/strong><\/p>\n<p style=\"text-align: justify;\"><strong>13.- Si los c\u00f3nyuges no van a actuar en nombre propio, su apoderado, deber\u00e1 anexar el poder especial (debidamente autenticado) o general (con certificado de vigencia reciente), el cual ser\u00e1 verificado por la notar\u00eda.&nbsp; <span style=\"color: #3366ff;\">Art 36 Decreto 2163\/70.<\/span><\/strong><\/p>\t\t\t\t\t<\/div>\n\t\t\t\t\t\t<\/div>\n\t\t\t\t<\/div>\n\t\t\t\t<section class=\"elementor-section elementor-inner-section elementor-element elementor-element-9a93fe6 elementor-section-boxed elementor-section-height-default elementor-section-height-default\" data-id=\"9a93fe6\" data-element_type=\"section\">\n\t\t\t\t\t\t<div class=\"elementor-container elementor-column-gap-default\">\n\t\t\t\t\t\t\t<div class=\"elementor-row\">\n\t\t\t\t\t<div class=\"elementor-column elementor-col-100 elementor-inner-column elementor-element elementor-element-79b25c7\" data-id=\"79b25c7\" data-element_type=\"column\">\n\t\t\t<div class=\"elementor-column-wrap elementor-element-populated\">\n\t\t\t\t\t\t\t<div class=\"elementor-widget-wrap\">\n\t\t\t\t\t\t<div class=\"elementor-element elementor-element-703d85f elementor-widget elementor-widget-spacer\" data-id=\"703d85f\" data-element_type=\"widget\" data-widget_type=\"spacer.default\">\n\t\t\t\t<div class=\"elementor-widget-container\">\n\t\t\t\t\t<div class=\"elementor-spacer\">\n\t\t\t<div class=\"elementor-spacer-inner\"><\/div>\n\t\t<\/div>\n\t\t\t\t<\/div>\n\t\t\t\t<\/div>\n\t\t\t\t\t\t<\/div>\n\t\t\t\t\t<\/div>\n\t\t<\/div>\n\t\t\t\t\t\t\t\t<\/div>\n\t\t\t\t\t<\/div>\n\t\t<\/section>\n\t\t\t\t\t\t<\/div>\n\t\t\t\t\t<\/div>\n\t\t<\/div>\n\t\t\t\t\t\t\t\t<\/div>\n\t\t\t\t\t<\/div>\n\t\t<\/section>\n\t\t\t\t<section class=\"elementor-section elementor-top-section elementor-element elementor-element-d57294f elementor-section-boxed elementor-section-height-default elementor-section-height-default\" data-id=\"d57294f\" data-element_type=\"section\">\n\t\t\t\t\t\t<div class=\"elementor-container elementor-column-gap-default\">\n\t\t\t\t\t\t\t<div class=\"elementor-row\">\n\t\t\t\t\t<div class=\"elementor-column elementor-col-100 elementor-top-column elementor-element elementor-element-1aaa559\" data-id=\"1aaa559\" data-element_type=\"column\">\n\t\t\t<div class=\"elementor-column-wrap elementor-element-populated\">\n\t\t\t\t\t\t\t<div class=\"elementor-widget-wrap\">\n\t\t\t\t\t\t<div class=\"elementor-element elementor-element-6abddb4 elementor-widget elementor-widget-spacer\" data-id=\"6abddb4\" data-element_type=\"widget\" data-widget_type=\"spacer.default\">\n\t\t\t\t<div class=\"elementor-widget-container\">\n\t\t\t\t\t<div class=\"elementor-spacer\">\n\t\t\t<div class=\"elementor-spacer-inner\"><\/div>\n\t\t<\/div>\n\t\t\t\t<\/div>\n\t\t\t\t<\/div>\n\t\t\t\t\t\t<\/div>\n\t\t\t\t\t<\/div>\n\t\t<\/div>\n\t\t\t\t\t\t\t\t<\/div>\n\t\t\t\t\t<\/div>\n\t\t<\/section>\n\t\t\t\t<section class=\"elementor-section elementor-top-section elementor-element elementor-element-5ced4a5 elementor-section-boxed elementor-section-height-default elementor-section-height-default\" data-id=\"5ced4a5\" data-element_type=\"section\">\n\t\t\t\t\t\t<div class=\"elementor-container elementor-column-gap-default\">\n\t\t\t\t\t\t\t<div class=\"elementor-row\">\n\t\t\t\t\t<div class=\"elementor-column elementor-col-100 elementor-top-column elementor-element elementor-element-a5a0292\" data-id=\"a5a0292\" data-element_type=\"column\">\n\t\t\t<div class=\"elementor-column-wrap\">\n\t\t\t\t\t\t\t<div class=\"elementor-widget-wrap\">\n\t\t\t\t\t\t\t\t<\/div>\n\t\t\t\t\t<\/div>\n\t\t<\/div>\n\t\t\t\t\t\t\t\t<\/div>\n\t\t\t\t\t<\/div>\n\t\t<\/section>\n\t\t\t\t<section class=\"elementor-section elementor-top-section elementor-element elementor-element-e4e0ac4 elementor-section-boxed elementor-section-height-default elementor-section-height-default\" data-id=\"e4e0ac4\" data-element_type=\"section\">\n\t\t\t\t\t\t<div class=\"elementor-container elementor-column-gap-default\">\n\t\t\t\t\t\t\t<div class=\"elementor-row\">\n\t\t\t\t\t<div class=\"elementor-column elementor-col-16 elementor-top-column elementor-element elementor-element-6f1137d\" data-id=\"6f1137d\" data-element_type=\"column\">\n\t\t\t<div class=\"elementor-column-wrap elementor-element-populated\">\n\t\t\t\t\t\t\t<div class=\"elementor-widget-wrap\">\n\t\t\t\t\t\t<div class=\"elementor-element elementor-element-38255b6 elementor-widget elementor-widget-image\" data-id=\"38255b6\" data-element_type=\"widget\" data-widget_type=\"image.default\">\n\t\t\t\t<div class=\"elementor-widget-container\">\n\t\t\t\t\t\t\t\t<div class=\"elementor-image\">\n\t\t\t\t\t\t\t\t\t\t\t\t\t<a href=\"https:\/\/unobog.com\/\" target=\"_blank\">\n\t\t\t\t\t\t\t<img width=\"232\" height=\"78\" src=\"https:\/\/notaria70bogota.com\/wp-content\/uploads\/2020\/10\/unobog.jpg\" class=\"attachment-medium size-medium\" alt=\"LOGO UNOBOG\" loading=\"lazy\" srcset=\"https:\/\/notaria70bogota.com\/wp-content\/uploads\/2020\/10\/unobog.jpg 232w, https:\/\/notaria70bogota.com\/wp-content\/uploads\/2020\/10\/unobog-230x77.jpg 230w\" sizes=\"(max-width: 232px) 100vw, 232px\" \/>\t\t\t\t\t\t\t\t<\/a>\n\t\t\t\t\t\t\t\t\t\t\t\t\t\t<\/div>\n\t\t\t\t\t\t<\/div>\n\t\t\t\t<\/div>\n\t\t\t\t\t\t<\/div>\n\t\t\t\t\t<\/div>\n\t\t<\/div>\n\t\t\t\t<div class=\"elementor-column elementor-col-16 elementor-top-column elementor-element elementor-element-00da40a\" data-id=\"00da40a\" data-element_type=\"column\">\n\t\t\t<div class=\"elementor-column-wrap elementor-element-populated\">\n\t\t\t\t\t\t\t<div class=\"elementor-widget-wrap\">\n\t\t\t\t\t\t<div class=\"elementor-element elementor-element-58de60c elementor-widget elementor-widget-image\" data-id=\"58de60c\" data-element_type=\"widget\" data-widget_type=\"image.default\">\n\t\t\t\t<div class=\"elementor-widget-container\">\n\t\t\t\t\t\t\t\t<div class=\"elementor-image\">\n\t\t\t\t\t\t\t\t\t\t\t\t\t<a href=\"https:\/\/www.ucnc.com.co\/sitio\/\" target=\"_blank\">\n\t\t\t\t\t\t\t<img width=\"135\" height=\"47\" src=\"https:\/\/notaria70bogota.com\/wp-content\/uploads\/2020\/10\/union-colegiada.png\" class=\"attachment-medium size-medium\" alt=\"LOGO UNION COLEGIADA DEL NOTARIADO COLOMBIANO\" loading=\"lazy\" \/>\t\t\t\t\t\t\t\t<\/a>\n\t\t\t\t\t\t\t\t\t\t\t\t\t\t<\/div>\n\t\t\t\t\t\t<\/div>\n\t\t\t\t<\/div>\n\t\t\t\t\t\t<\/div>\n\t\t\t\t\t<\/div>\n\t\t<\/div>\n\t\t\t\t<div class=\"elementor-column elementor-col-16 elementor-top-column elementor-element elementor-element-663f3e7\" data-id=\"663f3e7\" data-element_type=\"column\">\n\t\t\t<div class=\"elementor-column-wrap elementor-element-populated\">\n\t\t\t\t\t\t\t<div class=\"elementor-widget-wrap\">\n\t\t\t\t\t\t<div class=\"elementor-element elementor-element-28f7c62 elementor-widget elementor-widget-image\" data-id=\"28f7c62\" data-element_type=\"widget\" data-widget_type=\"image.default\">\n\t\t\t\t<div class=\"elementor-widget-container\">\n\t\t\t\t\t\t\t\t<div class=\"elementor-image\">\n\t\t\t\t\t\t\t\t\t\t\t\t\t<a href=\"https:\/\/www.supernotariado.gov.co\/\" target=\"_blank\">\n\t\t\t\t\t\t\t<img width=\"135\" height=\"47\" src=\"https:\/\/notaria70bogota.com\/wp-content\/uploads\/2020\/10\/snr.png\" class=\"attachment-medium size-medium\" alt=\"LOGO SUPERINTENDENCIA DE NOTARIADO Y REGISTRO\" loading=\"lazy\" \/>\t\t\t\t\t\t\t\t<\/a>\n\t\t\t\t\t\t\t\t\t\t\t\t\t\t<\/div>\n\t\t\t\t\t\t<\/div>\n\t\t\t\t<\/div>\n\t\t\t\t\t\t<\/div>\n\t\t\t\t\t<\/div>\n\t\t<\/div>\n\t\t\t\t<div class=\"elementor-column elementor-col-16 elementor-top-column elementor-element elementor-element-8d59dd8\" data-id=\"8d59dd8\" data-element_type=\"column\">\n\t\t\t<div class=\"elementor-column-wrap elementor-element-populated\">\n\t\t\t\t\t\t\t<div class=\"elementor-widget-wrap\">\n\t\t\t\t\t\t<div class=\"elementor-element elementor-element-9dd6207 elementor-widget elementor-widget-image\" data-id=\"9dd6207\" data-element_type=\"widget\" data-widget_type=\"image.default\">\n\t\t\t\t<div class=\"elementor-widget-container\">\n\t\t\t\t\t\t\t\t<div class=\"elementor-image\">\n\t\t\t\t\t\t\t\t\t\t\t\t\t<a href=\"http:\/\/www.minjusticia.gov.co\/\" target=\"_blank\">\n\t\t\t\t\t\t\t<img width=\"135\" height=\"47\" src=\"https:\/\/notaria70bogota.com\/wp-content\/uploads\/2020\/10\/minjusticia_0.png\" class=\"attachment-medium size-medium\" alt=\"LOGO MINJUSTICIA\" loading=\"lazy\" \/>\t\t\t\t\t\t\t\t<\/a>\n\t\t\t\t\t\t\t\t\t\t\t\t\t\t<\/div>\n\t\t\t\t\t\t<\/div>\n\t\t\t\t<\/div>\n\t\t\t\t\t\t<\/div>\n\t\t\t\t\t<\/div>\n\t\t<\/div>\n\t\t\t\t<div class=\"elementor-column elementor-col-16 elementor-top-column elementor-element elementor-element-fccfbfd\" data-id=\"fccfbfd\" data-element_type=\"column\">\n\t\t\t<div class=\"elementor-column-wrap elementor-element-populated\">\n\t\t\t\t\t\t\t<div class=\"elementor-widget-wrap\">\n\t\t\t\t\t\t<div class=\"elementor-element elementor-element-d3f73d6 elementor-widget elementor-widget-image\" data-id=\"d3f73d6\" data-element_type=\"widget\" data-widget_type=\"image.default\">\n\t\t\t\t<div class=\"elementor-widget-container\">\n\t\t\t\t\t\t\t\t<div class=\"elementor-image\">\n\t\t\t\t\t\t\t\t\t\t\t\t\t<a href=\"https:\/\/idm.presidencia.gov.co\/presidencia\" target=\"_blank\">\n\t\t\t\t\t\t\t<img width=\"432\" height=\"85\" src=\"https:\/\/notaria70bogota.com\/wp-content\/uploads\/2020\/11\/Presidencia-logo.png\" class=\"attachment-large size-large\" alt=\"Logo y pagina de la Presidencia\" loading=\"lazy\" srcset=\"https:\/\/notaria70bogota.com\/wp-content\/uploads\/2020\/11\/Presidencia-logo.png 432w, https:\/\/notaria70bogota.com\/wp-content\/uploads\/2020\/11\/Presidencia-logo-300x59.png 300w, https:\/\/notaria70bogota.com\/wp-content\/uploads\/2020\/11\/Presidencia-logo-230x45.png 230w, https:\/\/notaria70bogota.com\/wp-content\/uploads\/2020\/11\/Presidencia-logo-350x69.png 350w\" sizes=\"(max-width: 432px) 100vw, 432px\" \/>\t\t\t\t\t\t\t\t<\/a>\n\t\t\t\t\t\t\t\t\t\t\t\t\t\t<\/div>\n\t\t\t\t\t\t<\/div>\n\t\t\t\t<\/div>\n\t\t\t\t\t\t<\/div>\n\t\t\t\t\t<\/div>\n\t\t<\/div>\n\t\t\t\t<div class=\"elementor-column elementor-col-16 elementor-top-column elementor-element elementor-element-d604aff\" data-id=\"d604aff\" data-element_type=\"column\">\n\t\t\t<div class=\"elementor-column-wrap elementor-element-populated\">\n\t\t\t\t\t\t\t<div class=\"elementor-widget-wrap\">\n\t\t\t\t\t\t<div class=\"elementor-element elementor-element-e6453bc elementor-widget elementor-widget-image\" data-id=\"e6453bc\" data-element_type=\"widget\" data-widget_type=\"image.default\">\n\t\t\t\t<div class=\"elementor-widget-container\">\n\t\t\t\t\t\t\t\t<div class=\"elementor-image\">\n\t\t\t\t\t\t\t\t\t\t\t\t\t<a href=\"https:\/\/www.uinl.org\/\" target=\"_blank\">\n\t\t\t\t\t\t\t<img width=\"300\" height=\"76\" src=\"https:\/\/notaria70bogota.com\/wp-content\/uploads\/2020\/10\/unnamed-300x76.gif\" class=\"attachment-medium size-medium\" alt=\"UNI\u00d3N INTERNACIONAL DEL NOTARIADO LATINO\" loading=\"lazy\" srcset=\"https:\/\/notaria70bogota.com\/wp-content\/uploads\/2020\/10\/unnamed-300x76.gif 300w, https:\/\/notaria70bogota.com\/wp-content\/uploads\/2020\/10\/unnamed-230x58.gif 230w, https:\/\/notaria70bogota.com\/wp-content\/uploads\/2020\/10\/unnamed-350x88.gif 350w\" sizes=\"(max-width: 300px) 100vw, 300px\" \/>\t\t\t\t\t\t\t\t<\/a>\n\t\t\t\t\t\t\t\t\t\t\t\t\t\t<\/div>\n\t\t\t\t\t\t<\/div>\n\t\t\t\t<\/div>\n\t\t\t\t\t\t<\/div>\n\t\t\t\t\t<\/div>\n\t\t<\/div>\n\t\t\t\t\t\t\t\t<\/div>\n\t\t\t\t\t<\/div>\n\t\t<\/section>\n\t\t\t\t\t\t\t\t\t<\/div>\n\t\t\t<\/div>\n\t\t\t\t\t<\/div>\n\t\t","protected":false},"excerpt":{"rendered":"<p>DISOLUCI\u00d3N Y\/O LIQUIDACI\u00d3N DE LA SOCIEDAD CONYUGAL Este tr\u00e1mite se puede adelantar en la Notar\u00eda si existe com\u00fan acuerdo entre los interesados. REQUISITOS 1.- Copia del registro civil de matrimonio. 2.- Copia del registro civil de nacimiento de los c\u00f3nyuges. 3.-\u00a0 Copia del registro civil de nacimiento de los hijos de los c\u00f3nyuges. 4.-\u00a0 Fotocopias de las c\u00e9dulas de ciudadan\u00eda [&hellip;]<\/p>\n","protected":false},"author":2,"featured_media":0,"parent":0,"menu_order":0,"comment_status":"closed","ping_status":"closed","template":"page-templates\/page_front-page.php","meta":{"_EventAllDay":false,"_EventTimezone":"","_EventStartDate":"","_EventEndDate":"","_EventStartDateUTC":"","_EventEndDateUTC":"","_EventShowMap":false,"_EventShowMapLink":false,"_EventURL":"","_EventCost":"","_EventCostDescription":"","_EventCurrencySymbol":"","_EventCurrencyPosition":"","_EventDateTimeSeparator":"","_EventTimeRangeSeparator":"","_EventOrganizerID":[],"_EventVenueID":0,"_OrganizerEmail":"","_OrganizerPhone":"","_OrganizerWebsite":"","_VenueAddress":"","_VenueCity":"","_VenueCountry":"","_VenueProvince":"","_VenueZip":"","_VenuePhone":"","_VenueURL":"","_VenueStateProvince":"","_VenueLat":"","_VenueLng":""},"_links":{"self":[{"href":"https:\/\/notaria70bogota.com\/index.php\/wp-json\/wp\/v2\/pages\/2763"}],"collection":[{"href":"https:\/\/notaria70bogota.com\/index.php\/wp-json\/wp\/v2\/pages"}],"about":[{"href":"https:\/\/notaria70bogota.com\/index.php\/wp-json\/wp\/v2\/types\/page"}],"author":[{"embeddable":true,"href":"https:\/\/notaria70bogota.com\/index.php\/wp-json\/wp\/v2\/users\/2"}],"replies":[{"embeddable":true,"href":"https:\/\/notaria70bogota.com\/index.php\/wp-json\/wp\/v2\/comments?post=2763"}],"version-history":[{"count":34,"href":"https:\/\/notaria70bogota.com\/index.php\/wp-json\/wp\/v2\/pages\/2763\/revisions"}],"predecessor-version":[{"id":9656,"href":"https:\/\/notaria70bogota.com\/index.php\/wp-json\/wp\/v2\/pages\/2763\/revisions\/9656"}],"wp:attachment":[{"href":"https:\/\/notaria70bogota.com\/index.php\/wp-json\/wp\/v2\/media?parent=2763"}],"curies":[{"name":"wp","href":"https:\/\/api.w.org\/{rel}","templated":true}]}}